{"id":2728,"date":"2025-04-11T19:49:50","date_gmt":"2025-04-11T17:49:50","guid":{"rendered":"https:\/\/nove.ilts.cz\/en\/?page_id=2728"},"modified":"2025-10-06T15:37:17","modified_gmt":"2025-10-06T13:37:17","slug":"dutch","status":"publish","type":"page","link":"https:\/\/nove.ilts.cz\/en\/dutch\/","title":{"rendered":"Dutch"},"content":{"rendered":"\t\t<div data-elementor-type=\"wp-page\" data-elementor-id=\"2728\" class=\"elementor elementor-2728\" data-elementor-post-type=\"page\">\n\t\t\t\t\t\t<section class=\"elementor-section elementor-top-section elementor-element elementor-element-33fcb08 elementor-section-boxed elementor-section-height-default elementor-section-height-default\" data-id=\"33fcb08\" data-element_type=\"section\" data-e-type=\"section\" data-settings=\"{&quot;background_background&quot;:&quot;classic&quot;}\">\n\t\t\t\t\t\t\t<div class=\"elementor-background-overlay\"><\/div>\n\t\t\t\t\t\t\t<div class=\"elementor-container elementor-column-gap-no\">\n\t\t\t\t\t<div class=\"elementor-column elementor-col-50 elementor-top-column elementor-element elementor-element-b4d30df\" data-id=\"b4d30df\" data-element_type=\"column\" data-e-type=\"column\">\n\t\t\t<div class=\"elementor-widget-wrap elementor-element-populated\">\n\t\t\t\t\t\t<div class=\"elementor-element elementor-element-53fbf30 elementor-widget elementor-widget-heading\" data-id=\"53fbf30\" data-element_type=\"widget\" data-e-type=\"widget\" data-widget_type=\"heading.default\">\n\t\t\t\t\t<h6 class=\"elementor-heading-title elementor-size-default\">Jazyky<\/h6>\t\t\t\t<\/div>\n\t\t\t\t\t<\/div>\n\t\t<\/div>\n\t\t\t\t<div class=\"elementor-column elementor-col-50 elementor-top-column elementor-element elementor-element-29ba8268\" data-id=\"29ba8268\" data-element_type=\"column\" data-e-type=\"column\">\n\t\t\t<div class=\"elementor-widget-wrap elementor-element-populated\">\n\t\t\t\t\t\t<div class=\"elementor-element elementor-element-88ebc69 elementor-icon-list--layout-inline elementor-align-end elementor-mobile-align-start elementor-list-item-link-full_width elementor-widget elementor-widget-icon-list\" data-id=\"88ebc69\" data-element_type=\"widget\" data-e-type=\"widget\" data-widget_type=\"icon-list.default\">\n\t\t\t\t\t\t\t<ul class=\"elementor-icon-list-items elementor-inline-items\">\n\t\t\t\t\t\t\t<li class=\"elementor-icon-list-item elementor-inline-item\">\n\t\t\t\t\t\t\t\t\t\t\t<span class=\"elementor-icon-list-icon\">\n\t\t\t\t\t\t\t<svg aria-hidden=\"true\" class=\"e-font-icon-svg e-fas-home\" viewBox=\"0 0 576 512\" xmlns=\"http:\/\/www.w3.org\/2000\/svg\"><path d=\"M280.37 148.26L96 300.11V464a16 16 0 0 0 16 16l112.06-.29a16 16 0 0 0 15.92-16V368a16 16 0 0 1 16-16h64a16 16 0 0 1 16 16v95.64a16 16 0 0 0 16 16.05L464 480a16 16 0 0 0 16-16V300L295.67 148.26a12.19 12.19 0 0 0-15.3 0zM571.6 251.47L488 182.56V44.05a12 12 0 0 0-12-12h-56a12 12 0 0 0-12 12v72.61L318.47 43a48 48 0 0 0-61 0L4.34 251.47a12 12 0 0 0-1.6 16.9l25.5 31A12 12 0 0 0 45.15 301l235.22-193.74a12.19 12.19 0 0 1 15.3 0L530.9 301a12 12 0 0 0 16.9-1.6l25.5-31a12 12 0 0 0-1.7-16.93z\"><\/path><\/svg>\t\t\t\t\t\t<\/span>\n\t\t\t\t\t\t\t\t\t\t<span class=\"elementor-icon-list-text\">Home<\/span>\n\t\t\t\t\t\t\t\t\t<\/li>\n\t\t\t\t\t\t\t\t<li class=\"elementor-icon-list-item elementor-inline-item\">\n\t\t\t\t\t\t\t\t\t\t\t<span class=\"elementor-icon-list-icon\">\n\t\t\t\t\t\t\t<svg aria-hidden=\"true\" class=\"e-font-icon-svg e-fas-angle-right\" viewBox=\"0 0 256 512\" xmlns=\"http:\/\/www.w3.org\/2000\/svg\"><path d=\"M224.3 273l-136 136c-9.4 9.4-24.6 9.4-33.9 0l-22.6-22.6c-9.4-9.4-9.4-24.6 0-33.9l96.4-96.4-96.4-96.4c-9.4-9.4-9.4-24.6 0-33.9L54.3 103c9.4-9.4 24.6-9.4 33.9 0l136 136c9.5 9.4 9.5 24.6.1 34z\"><\/path><\/svg>\t\t\t\t\t\t<\/span>\n\t\t\t\t\t\t\t\t\t\t<span class=\"elementor-icon-list-text\"><\/span>\n\t\t\t\t\t\t\t\t\t<\/li>\n\t\t\t\t\t\t<\/ul>\n\t\t\t\t\t\t<\/div>\n\t\t\t\t\t<\/div>\n\t\t<\/div>\n\t\t\t\t\t<\/div>\n\t\t<\/section>\n\t\t<div class=\"elementor-element elementor-element-284d35e8 e-flex e-con-boxed e-con e-parent\" data-id=\"284d35e8\" data-element_type=\"container\" data-e-type=\"container\">\n\t\t\t\t\t<div class=\"e-con-inner\">\n\t\t\t\t<div class=\"elementor-element elementor-element-2e811b39 elementor-widget elementor-widget-text-editor\" data-id=\"2e811b39\" data-element_type=\"widget\" data-e-type=\"widget\" data-widget_type=\"text-editor.default\">\n\t\t\t\t\t\t\t\t\t<p>Holand\u0161tina (neboli nizozem\u0161tina) je z\u00e1padogerm\u00e1nsk\u00fd jazyk. Z\u00e1kladem pro\u00a0holand\u0161tinu bylo hornofransk\u00e9 n\u00e1\u0159e\u010d\u00ed. V\u00a0lexikologii a\u00a0morfologii m\u00e1 hodn\u011b spole\u010dn\u00fdch znak\u016f s\u00a0n\u011bm\u010dinou, ale li\u0161\u00ed se od n\u00ed zejm\u00e9na ve v\u00fdslovnosti a\u00a0pravopisu.\u00a0Holand\u0161tinou se hovo\u0159\u00ed v\u00a0Nizozemsku, v\u00a0severn\u00ed Belgii (Vl\u00e1msku), v\u00a0severn\u00ed Francii, na b\u00fdval\u00fdch Nizozemsk\u00fdch Antil\u00e1ch, na Sutinamu a\u00a0\u010d\u00e1ste\u010dn\u011b i\u00a0v\u00a0Indon\u00e9sii. V\u00a0Ji\u017en\u00ed Africe (hlavn\u011b v\u00a0Jihoafrick\u00e9 republice) se z\u00a0holand\u0161tiny vyvinul samostatn\u00fd jazyk \u2013 tzv. afrik\u00e1n\u0161tina.<\/p><h3>Na\u0161e slu\u017eby<\/h3><ul><li>Prov\u00e1d\u00edme\u00a0<a href=\"https:\/\/nove.ilts.cz\/en\/poskytovane-sluzby\/preklady-dokumentu-2\/\"><strong>p\u0159eklady<\/strong><\/a>\u00a0v\u0161ech druh\u016f text\u016f z holand\u0161tiny i do holand\u0161tiny. Odborn\u00e9 p\u0159eklady zpracov\u00e1v\u00e1me v\u00a0cel\u00e9 \u0159ad\u011b\u00a0obor\u016f, za pou\u017eit\u00ed sofistikovan\u00fdch jazykov\u00fdch a softwarov\u00fdch n\u00e1stroj\u016f, je\u017e jsou p\u0159edpokladem kvalitn\u00ed a\u00a0efektivn\u00ed pr\u00e1ce.<\/li><li>Realizujeme\u00a0<a href=\"https:\/\/nove.ilts.cz\/en\/poskytovane-sluzby\/soudni-preklady\/\"><strong>soudn\u00ed p\u0159eklady<\/strong><\/a>\u00a0(<em>naz\u00fdvan\u00e9 rovn\u011b\u017e \u00fa\u0159edn\u00ed p\u0159eklady \u010di soudn\u011b ov\u011b\u0159en\u00e9 p\u0159eklady<\/em>) z holand\u0161tiny i\u00a0do holand\u0161tiny. Tento typ p\u0159eklad\u016f je ur\u010den pro ofici\u00e1ln\u00ed pou\u017eit\u00ed, k\u00a0p\u0159edlo\u017een\u00ed \u00fa\u0159ad\u016fm, soud\u016fm \u010di policejn\u00edm org\u00e1n\u016fm, v\u00a0obchodn\u00edm styku mezin\u00e1rodn\u011b p\u016fsob\u00edc\u00edch spole\u010dnost\u00ed, ale i\u00a0pro pot\u0159ebu soukrom\u00fdch osob, a\u00a0to jak v\u00a0\u010cesk\u00e9 republice, tak i\u00a0zahrani\u010d\u00ed. Soudn\u00ed p\u0159eklad z holand\u0161tiny a\u00a0do holand\u0161tiny lze vyhotovit ke\u00a0<strong>v\u0161em typ\u016fm dokument\u016f<\/strong>.<\/li><li>Zaji\u0161\u0165ujeme v\u0161echna p\u0159\u00edslu\u0161n\u00e1\u00a0<strong>ov\u011b\u0159en\u00ed dokument\u016f<\/strong> v souvislosti s p\u0159eklady do holand\u0161tiny (soudn\u00ed ov\u011b\u0159en\u00ed, not\u00e1\u0159sk\u00e9 ov\u011b\u0159en\u00ed, superlegalizaci \u010di apostilu\/apostille) tak, aby va\u0161e dokumenty\u00a0mohly b\u00fdt bez dal\u0161\u00edch pr\u016ftah\u016f akceptov\u00e1ny v\u00a0zemi ur\u010den\u00ed.<\/li><\/ul><h3>Term\u00edny realizace<\/h3><p>V\u00fd\u0161e uveden\u00e9 slu\u017eby poskytujeme ve standardn\u00edch <strong><a href=\"https:\/\/www.ilts.cz\/cs\/jak-objednavat\/dodaci-lhuty\">term\u00ednech<\/a><\/strong>\u00a0s vyhotoven\u00edm do 3 pracovn\u00edch dn\u016f.<\/p><h3>M\u00e1te dal\u0161\u00ed dotazy k holand\u0161tin\u011b a na\u0161im slu\u017eb\u00e1m?<\/h3><p>V\u00a0p\u0159\u00edpad\u011b dal\u0161\u00edch dotaz\u016f k\u00a0alb\u00e1n\u0161tin\u011b a na\u0161im slu\u017eb\u00e1m n\u00e1s nev\u00e1hejte\u00a0<a href=\"https:\/\/nove.ilts.cz\/en\/home\/kontakt\/\"><strong>kontaktovat<\/strong><\/a>. Jsme tu pro v\u00e1s!<\/p>\t\t\t\t\t\t\t\t<\/div>\n\t\t\t\t\t<\/div>\n\t\t\t\t<\/div>\n\t\t\t\t<\/div>\n\t\t","protected":false},"excerpt":{"rendered":"<p>Jazyky Home Holand\u0161tina (neboli nizozem\u0161tina) je z\u00e1padogerm\u00e1nsk\u00fd jazyk. Z\u00e1kladem pro\u00a0holand\u0161tinu bylo hornofransk\u00e9 n\u00e1\u0159e\u010d\u00ed. V\u00a0lexikologii a\u00a0morfologii m\u00e1 hodn\u011b spole\u010dn\u00fdch znak\u016f s\u00a0n\u011bm\u010dinou, ale li\u0161\u00ed se od n\u00ed zejm\u00e9na ve v\u00fdslovnosti a\u00a0pravopisu.\u00a0Holand\u0161tinou se hovo\u0159\u00ed v\u00a0Nizozemsku, v\u00a0severn\u00ed Belgii (Vl\u00e1msku), v\u00a0severn\u00ed Francii, na b\u00fdval\u00fdch Nizozemsk\u00fdch Antil\u00e1ch, na Sutinamu a\u00a0\u010d\u00e1ste\u010dn\u011b i\u00a0v\u00a0Indon\u00e9sii. V\u00a0Ji\u017en\u00ed Africe (hlavn\u011b v\u00a0Jihoafrick\u00e9 republice) se z\u00a0holand\u0161tiny vyvinul samostatn\u00fd jazyk [&hellip;]<\/p>\n","protected":false},"author":2,"featured_media":0,"parent":0,"menu_order":16,"comment_status":"closed","ping_status":"closed","template":"","meta":{"footnotes":""},"class_list":["post-2728","page","type-page","status-publish","hentry"],"_links":{"self":[{"href":"https:\/\/nove.ilts.cz\/en\/wp-json\/wp\/v2\/pages\/2728","targetHints":{"allow":["GET"]}}],"collection":[{"href":"https:\/\/nove.ilts.cz\/en\/wp-json\/wp\/v2\/pages"}],"about":[{"href":"https:\/\/nove.ilts.cz\/en\/wp-json\/wp\/v2\/types\/page"}],"author":[{"embeddable":true,"href":"https:\/\/nove.ilts.cz\/en\/wp-json\/wp\/v2\/users\/2"}],"replies":[{"embeddable":true,"href":"https:\/\/nove.ilts.cz\/en\/wp-json\/wp\/v2\/comments?post=2728"}],"version-history":[{"count":12,"href":"https:\/\/nove.ilts.cz\/en\/wp-json\/wp\/v2\/pages\/2728\/revisions"}],"predecessor-version":[{"id":6623,"href":"https:\/\/nove.ilts.cz\/en\/wp-json\/wp\/v2\/pages\/2728\/revisions\/6623"}],"wp:attachment":[{"href":"https:\/\/nove.ilts.cz\/en\/wp-json\/wp\/v2\/media?parent=2728"}],"curies":[{"name":"wp","href":"https:\/\/api.w.org\/{rel}","templated":true}]}}