{"id":5829,"date":"2025-09-12T13:37:14","date_gmt":"2025-09-12T11:37:14","guid":{"rendered":"https:\/\/nove.ilts.cz\/cs\/?page_id=5829"},"modified":"2026-05-13T12:36:21","modified_gmt":"2026-05-13T10:36:21","slug":"vystaveni-dokumentu-ze-sbirky-listin","status":"publish","type":"page","link":"https:\/\/nove.ilts.cz\/cs\/vystaveni-dokumentu-ze-sbirky-listin\/","title":{"rendered":"Vystaven\u00ed dokument\u016f ze sb\u00edrky listin"},"content":{"rendered":"\t\t<div data-elementor-type=\"wp-page\" data-elementor-id=\"5829\" class=\"elementor elementor-5829\" data-elementor-post-type=\"page\">\n\t\t\t\t<div class=\"elementor-element elementor-element-1d50debe e-flex e-con-boxed e-con e-parent\" data-id=\"1d50debe\" data-element_type=\"container\" data-e-type=\"container\">\n\t\t\t\t\t<div class=\"e-con-inner\">\n\t\t\t\t<div class=\"elementor-element elementor-element-4b61d57 elementor-widget elementor-widget-spacer\" data-id=\"4b61d57\" data-element_type=\"widget\" data-e-type=\"widget\" data-widget_type=\"spacer.default\">\n\t\t\t\t\t\t\t<div class=\"elementor-spacer\">\n\t\t\t<div class=\"elementor-spacer-inner\"><\/div>\n\t\t<\/div>\n\t\t\t\t\t\t<\/div>\n\t\t\t\t<div class=\"elementor-element elementor-element-4db52da elementor-widget elementor-widget-heading\" data-id=\"4db52da\" data-element_type=\"widget\" data-e-type=\"widget\" data-widget_type=\"heading.default\">\n\t\t\t\t\t<h2 class=\"elementor-heading-title elementor-size-default\">Zaji\u0161t\u011bn\u00ed dokument\u016f ze sb\u00edrky listin<\/h2>\t\t\t\t<\/div>\n\t\t\t\t<div class=\"elementor-element elementor-element-9a94a55 elementor-widget elementor-widget-text-editor\" data-id=\"9a94a55\" data-element_type=\"widget\" data-e-type=\"widget\" data-widget_type=\"text-editor.default\">\n\t\t\t\t\t\t\t\t\t<p><strong>Sb\u00edrka listin je sou\u010d\u00e1st\u00ed obchodn\u00edho rejst\u0159\u00edku na port\u00e1le justice.cz. Jedn\u00e1 se o ve\u0159ejn\u011b p\u0159\u00edstupnou slo\u017eku z\u00e1konem ur\u010den\u00fdch dokument\u016f, kter\u00e9 mus\u00ed obchodn\u00ed spole\u010dnosti zakl\u00e1dat. Firmy zapsan\u00e9 do obchodn\u00edho rejst\u0159\u00edku jsou do sb\u00edrky povinny ukl\u00e1dat n\u011bkter\u00e9 listiny, kter\u00e9 se tak st\u00e1vaj\u00ed ve\u0159ejn\u011b p\u0159\u00edstupn\u00fdmi.<\/strong><\/p>\t\t\t\t\t\t\t\t<\/div>\n\t\t<div class=\"elementor-element elementor-element-b0e791c e-grid e-con-full e-con e-child\" data-id=\"b0e791c\" data-element_type=\"container\" data-e-type=\"container\">\n\t\t\t\t<div class=\"elementor-element elementor-element-f20138d elementor-widget elementor-widget-image\" data-id=\"f20138d\" data-element_type=\"widget\" data-e-type=\"widget\" data-widget_type=\"image.default\">\n\t\t\t\t\t\t\t\t\t\t\t\t\t\t\t<img fetchpriority=\"high\" decoding=\"async\" width=\"800\" height=\"600\" src=\"https:\/\/nove.ilts.cz\/cs\/wp-content\/uploads\/sites\/8\/2025\/09\/m_sbirka-listin.jpg\" class=\"attachment-large size-large wp-image-5839\" alt=\"\" srcset=\"https:\/\/nove.ilts.cz\/cs\/wp-content\/uploads\/sites\/8\/2025\/09\/m_sbirka-listin.jpg 944w, https:\/\/nove.ilts.cz\/cs\/wp-content\/uploads\/sites\/8\/2025\/09\/m_sbirka-listin-300x225.jpg 300w, https:\/\/nove.ilts.cz\/cs\/wp-content\/uploads\/sites\/8\/2025\/09\/m_sbirka-listin-768x576.jpg 768w\" sizes=\"(max-width: 800px) 100vw, 800px\" \/>\t\t\t\t\t\t\t\t\t\t\t\t\t\t\t<\/div>\n\t\t\t\t<div class=\"elementor-element elementor-element-f4913e0 elementor-widget elementor-widget-text-editor\" data-id=\"f4913e0\" data-element_type=\"widget\" data-e-type=\"widget\" data-widget_type=\"text-editor.default\">\n\t\t\t\t\t\t\t\t\t<p>Nab\u00edz\u00edme v\u00e1m vystaven\u00ed dokument\u016f ze sb\u00edrky listin v\u010detn\u011b v\u0161ech p\u0159\u00edslu\u0161n\u00fdch ov\u011b\u0159en\u00ed:<\/p>\n<ul>\n<li><a href=\"https:\/\/nove.ilts.cz\/cs\/poskytovane-sluzby\/notarske-sluzby\/\">not\u00e1\u0159sk\u00e9 ov\u011b\u0159en\u00ed<\/a>,<\/li>\n<li><a href=\"https:\/\/nove.ilts.cz\/cs\/poskytovane-sluzby\/soudni-preklady\/\">soudn\u00ed ov\u011b\u0159en\u00ed<\/a>,\u00a0<\/li>\n<li><a href=\"https:\/\/nove.ilts.cz\/cs\/superlegalizace\/\">superlegalizace<\/a><\/li>\n<li><a href=\"https:\/\/nove.ilts.cz\/cs\/apostille\/\">apostila \/ apostilla \/ apostille<\/a><\/li>\n<\/ul>\n<p>\u00a0<\/p>\n<p>Pro zaji\u0161t\u011bn\u00ed dokument\u016f ze sb\u00edrky listin budeme pot\u0159ebovat sd\u011blit I\u010cO spole\u010dnosti a n\u00e1zev\/typ\/spisovou zna\u010dku dokumentu, kter\u00fd pot\u0159ebujete obstarat.<\/p>\n<p>\u00a0<\/p>\t\t\t\t\t\t\t\t<\/div>\n\t\t\t\t<\/div>\n\t\t\t\t<div class=\"elementor-element elementor-element-9ff594c elementor-widget elementor-widget-text-editor\" data-id=\"9ff594c\" data-element_type=\"widget\" data-e-type=\"widget\" data-widget_type=\"text-editor.default\">\n\t\t\t\t\t\t\t\t\t\n<h3 class=\"wp-block-heading\">Term\u00edny vyhotoven\u00ed vystaven\u00ed dokument\u016f ze sb\u00edrky listin<\/h3>\n\n<p>Standardn\u00edm term\u00ednem vyhotoven\u00ed vystaven\u00ed dokument\u016f jsou 3 pracovn\u00ed dny. Dokumenty v\u0161ak dod\u00e1v\u00e1me i v expresn\u00edch term\u00ednech do 2, 4, 8, 12 nebo 24 hodin od p\u0159ijet\u00ed zak\u00e1zky. Podrobnosti o term\u00ednech vyhotoven\u00ed naleznete <a href=\"https:\/\/nove.ilts.cz\/cs\/jak-objednavat\/dodaci-lhuty\/\">zde<\/a>.\u00a0<\/p>\n\n<h3 class=\"wp-block-heading\">Jazyky soudn\u00edch p\u0159eklad\u016f dokument\u016f ze sb\u00edrky listin<\/h3>\n\n<p>V p\u0159\u00edpad\u011b pot\u0159eby m\u016f\u017eeme zajistit i <a href=\"https:\/\/nove.ilts.cz\/cs\/poskytovane-sluzby\/soudni-preklady\/\">soudn\u00ed p\u0159eklady<\/a> dokument\u016f do v\u0161ech v \u010cR ofici\u00e1ln\u011b registrovan\u00fdch <a href=\"https:\/\/nove.ilts.cz\/cs\/home\/jazyky\/\">jazyk\u016f<\/a>.\u00a0<\/p>\n\n<h3 class=\"wp-block-heading\">Zp\u016fsob dod\u00e1n\u00ed dokument\u016f ze sb\u00edrky listin<\/h3>\n\n<p>Vyhotoven\u00e9 dokumenty si m\u016f\u017eete vyzvednout osobn\u011b u n\u00e1s v kancel\u00e1\u0159i nebo v\u00e1m jej m\u016f\u017eeme doru\u010dit po\u0161tou, e-mailem, kur\u00fdrem \u010di expresn\u00ed po\u0161tou a\u017e k va\u0161im ruk\u00e1m. Bli\u017e\u0161\u00ed informace o zp\u016fsobech objedn\u00e1v\u00e1n\u00ed a doru\u010dov\u00e1n\u00ed naleznete <a href=\"https:\/\/nove.ilts.cz\/cs\/o-spolecnosti\/faq\/\">zde <\/a>v sekci Doru\u010den\u00ed a p\u0159evzet\u00ed.<\/p>\n\n<h3 class=\"wp-block-heading\">Jak prov\u00e9st platbu za vystaven\u00ed dokument\u016f ze sb\u00edrky listin?<\/h3>\n\n<p>Platbu za dokumenty lze prov\u00e9st v hotovosti, bankovn\u00edm p\u0159evodem, platebn\u00ed kartou na pobo\u010dce \u010di platebn\u00ed kartou p\u0159\u00edmo na na\u0161ich <a href=\"https:\/\/nove.ilts.cz\/cs\/pay\/\">webov\u00fdch str\u00e1nk\u00e1ch<\/a>. Pro podrobn\u011bj\u0161\u00ed informace o\u00a0zp\u016fsobech platby klikn\u011bte\u00a0<a href=\"https:\/\/nove.ilts.cz\/cs\/jak-objednavat\/moznosti-platby\/\">zde<\/a>.<\/p>\n\t\t\t\t\t\t\t\t<\/div>\n\t\t\t\t<div class=\"elementor-element elementor-element-ac83794 elementor-widget elementor-widget-text-editor\" data-id=\"ac83794\" data-element_type=\"widget\" data-e-type=\"widget\" data-widget_type=\"text-editor.default\">\n\t\t\t\t\t\t\t\t\t<p><strong><em>Pro zodpov\u011bzen\u00ed dotaz\u016f ohledn\u011b kalkulace ceny konkr\u00e9tn\u00ed zak\u00e1zky ve v\u00e1mi po\u017eadovan\u00e9 jazykov\u00e9 kombinaci, ohledn\u011b konkr\u00e9tn\u00edho term\u00ednu \u010di pro z\u00edsk\u00e1n\u00ed jin\u00fdch informac\u00ed ohledn\u011b vystaven\u00ed a p\u0159eklad\u016f dokument\u016f ze sb\u00edrky listin se m\u016f\u017eete obr\u00e1tit p\u0159\u00edmo na na\u0161e kontaktn\u00ed m\u00edsta, a to <\/em><\/strong><a href=\"https:\/\/nove.ilts.cz\/cs\/home\/home-3\/kontakt\/\"><em>telefonicky<\/em><\/a><em>,\u00a0<\/em><a href=\"mailto:ilts@ilts.cz\"><em>e-mailem<\/em><\/a><strong><em>\u00a0\u010di pomoc\u00ed\u00a0<\/em><\/strong><a href=\"https:\/\/nove.ilts.cz\/cs\/detailni-poptavka\/\"><em>popt\u00e1vkov\u00e9ho formul\u00e1\u0159e<\/em><\/a><em>.<\/em><\/p>\t\t\t\t\t\t\t\t<\/div>\n\t\t\t\t<div class=\"elementor-element elementor-element-b7ee5e2 elementor-widget elementor-widget-spacer\" data-id=\"b7ee5e2\" data-element_type=\"widget\" data-e-type=\"widget\" data-widget_type=\"spacer.default\">\n\t\t\t\t\t\t\t<div class=\"elementor-spacer\">\n\t\t\t<div class=\"elementor-spacer-inner\"><\/div>\n\t\t<\/div>\n\t\t\t\t\t\t<\/div>\n\t\t\t\t\t<\/div>\n\t\t\t\t<\/div>\n\t\t\t\t<\/div>\n\t\t","protected":false},"excerpt":{"rendered":"<p>Zaji\u0161t\u011bn\u00ed dokument\u016f ze sb\u00edrky listin Sb\u00edrka listin je sou\u010d\u00e1st\u00ed obchodn\u00edho rejst\u0159\u00edku na port\u00e1le justice.cz. Jedn\u00e1 se o ve\u0159ejn\u011b p\u0159\u00edstupnou slo\u017eku z\u00e1konem ur\u010den\u00fdch dokument\u016f, kter\u00e9 mus\u00ed obchodn\u00ed spole\u010dnosti zakl\u00e1dat. Firmy zapsan\u00e9 do obchodn\u00edho rejst\u0159\u00edku jsou do sb\u00edrky povinny ukl\u00e1dat n\u011bkter\u00e9 listiny, kter\u00e9 se tak st\u00e1vaj\u00ed ve\u0159ejn\u011b p\u0159\u00edstupn\u00fdmi. Nab\u00edz\u00edme v\u00e1m vystaven\u00ed dokument\u016f ze sb\u00edrky listin v\u010detn\u011b v\u0161ech [&hellip;]<\/p>\n","protected":false},"author":2,"featured_media":0,"parent":0,"menu_order":0,"comment_status":"closed","ping_status":"closed","template":"","meta":{"footnotes":""},"class_list":["post-5829","page","type-page","status-publish","hentry"],"_links":{"self":[{"href":"https:\/\/nove.ilts.cz\/cs\/wp-json\/wp\/v2\/pages\/5829","targetHints":{"allow":["GET"]}}],"collection":[{"href":"https:\/\/nove.ilts.cz\/cs\/wp-json\/wp\/v2\/pages"}],"about":[{"href":"https:\/\/nove.ilts.cz\/cs\/wp-json\/wp\/v2\/types\/page"}],"author":[{"embeddable":true,"href":"https:\/\/nove.ilts.cz\/cs\/wp-json\/wp\/v2\/users\/2"}],"replies":[{"embeddable":true,"href":"https:\/\/nove.ilts.cz\/cs\/wp-json\/wp\/v2\/comments?post=5829"}],"version-history":[{"count":25,"href":"https:\/\/nove.ilts.cz\/cs\/wp-json\/wp\/v2\/pages\/5829\/revisions"}],"predecessor-version":[{"id":7548,"href":"https:\/\/nove.ilts.cz\/cs\/wp-json\/wp\/v2\/pages\/5829\/revisions\/7548"}],"wp:attachment":[{"href":"https:\/\/nove.ilts.cz\/cs\/wp-json\/wp\/v2\/media?parent=5829"}],"curies":[{"name":"wp","href":"https:\/\/api.w.org\/{rel}","templated":true}]}}