{"id":5816,"date":"2025-09-12T13:22:09","date_gmt":"2025-09-12T11:22:09","guid":{"rendered":"https:\/\/nove.ilts.cz\/cs\/?page_id=5816"},"modified":"2026-05-13T12:36:27","modified_gmt":"2026-05-13T10:36:27","slug":"vystaveni-vypisu-z-katastru-nemovitosti","status":"publish","type":"page","link":"https:\/\/nove.ilts.cz\/cs\/vystaveni-vypisu-z-katastru-nemovitosti\/","title":{"rendered":"Vystaven\u00ed v\u00fdpisu z katastru nemovitost\u00ed"},"content":{"rendered":"\t\t<div data-elementor-type=\"wp-page\" data-elementor-id=\"5816\" class=\"elementor elementor-5816\" data-elementor-post-type=\"page\">\n\t\t\t\t<div class=\"elementor-element elementor-element-1d50debe e-flex e-con-boxed e-con e-parent\" data-id=\"1d50debe\" data-element_type=\"container\" data-e-type=\"container\">\n\t\t\t\t\t<div class=\"e-con-inner\">\n\t\t\t\t<div class=\"elementor-element elementor-element-4b61d57 elementor-widget elementor-widget-spacer\" data-id=\"4b61d57\" data-element_type=\"widget\" data-e-type=\"widget\" data-widget_type=\"spacer.default\">\n\t\t\t\t\t\t\t<div class=\"elementor-spacer\">\n\t\t\t<div class=\"elementor-spacer-inner\"><\/div>\n\t\t<\/div>\n\t\t\t\t\t\t<\/div>\n\t\t\t\t<div class=\"elementor-element elementor-element-4db52da elementor-widget elementor-widget-heading\" data-id=\"4db52da\" data-element_type=\"widget\" data-e-type=\"widget\" data-widget_type=\"heading.default\">\n\t\t\t\t\t<h2 class=\"elementor-heading-title elementor-size-default\">Zaji\u0161t\u011bn\u00ed v\u00fdpisu z katastru nemovitost\u00ed<\/h2>\t\t\t\t<\/div>\n\t\t\t\t<div class=\"elementor-element elementor-element-9a94a55 elementor-widget elementor-widget-text-editor\" data-id=\"9a94a55\" data-element_type=\"widget\" data-e-type=\"widget\" data-widget_type=\"text-editor.default\">\n\t\t\t\t\t\t\t\t\t<p><strong>Katastr nemovitost\u00ed \u010cesk\u00e9 republiky\u00a0je\u00a0ve\u0159ejn\u00fdm seznamem\u00a0o\u00a0nemovitostech\u00a0v\u00a0\u010cesk\u00e9 republice, zahrnuj\u00edc\u00ed jejich popis, soupis, geometrick\u00e9 a polohov\u00e9 ur\u010den\u00ed a z\u00e1pis pr\u00e1v k t\u011bmto nemovitostem.<\/strong><\/p>\n<p><strong>Katastr nemovitost\u00ed je v\u00edce\u00fa\u010delov\u00fd katastr, kter\u00fd neslou\u017e\u00ed jen pro\u00a0da\u0148ov\u00e9, ale i pro\u00a0statistick\u00e9\u00a0a technick\u00e9 \u00fa\u010dely. Jeho sou\u010d\u00e1st\u00ed je evidence\u00a0vlastnick\u00fdch, jin\u00fdch\u00a0v\u011bcn\u00fdch\u00a0pr\u00e1v a dal\u0161\u00edch, z\u00e1konem stanoven\u00fdch pr\u00e1v k t\u011bmto nemovitostem. Katastr nemovitost\u00ed je zdrojem informac\u00ed, kter\u00e9 slou\u017e\u00ed k ochran\u011b pr\u00e1v k nemovitostem, pro da\u0148ov\u00e9 a poplatkov\u00e9 \u00fa\u010dely, k ochran\u011b \u017eivotn\u00edho prost\u0159ed\u00ed,\u00a0zem\u011bd\u011blsk\u00e9ho\u00a0a lesn\u00edho p\u016fdn\u00edho fondu, nerostn\u00e9ho bohatstv\u00ed,\u00a0kulturn\u00edch pam\u00e1tek, pro rozvoj \u00fazem\u00ed, k oce\u0148ov\u00e1n\u00ed nemovitost\u00ed, pro \u00fa\u010dely v\u011bdeck\u00e9, hospod\u00e1\u0159sk\u00e9 a statistick\u00e9 a pro tvorbu dal\u0161\u00edch informa\u010dn\u00edch syst\u00e9m\u016f.\u00a0<\/strong><\/p>\t\t\t\t\t\t\t\t<\/div>\n\t\t<div class=\"elementor-element elementor-element-b0e791c e-grid e-con-full e-con e-child\" data-id=\"b0e791c\" data-element_type=\"container\" data-e-type=\"container\">\n\t\t\t\t<div class=\"elementor-element elementor-element-f20138d elementor-widget elementor-widget-image\" data-id=\"f20138d\" data-element_type=\"widget\" data-e-type=\"widget\" data-widget_type=\"image.default\">\n\t\t\t\t\t\t\t\t\t\t\t\t\t\t\t<img fetchpriority=\"high\" decoding=\"async\" width=\"800\" height=\"600\" src=\"https:\/\/nove.ilts.cz\/cs\/wp-content\/uploads\/sites\/8\/2025\/09\/m_vkn-1024x768.jpg\" class=\"attachment-large size-large wp-image-5822\" alt=\"\" srcset=\"https:\/\/nove.ilts.cz\/cs\/wp-content\/uploads\/sites\/8\/2025\/09\/m_vkn-1024x768.jpg 1024w, https:\/\/nove.ilts.cz\/cs\/wp-content\/uploads\/sites\/8\/2025\/09\/m_vkn-300x225.jpg 300w, https:\/\/nove.ilts.cz\/cs\/wp-content\/uploads\/sites\/8\/2025\/09\/m_vkn-768x576.jpg 768w, https:\/\/nove.ilts.cz\/cs\/wp-content\/uploads\/sites\/8\/2025\/09\/m_vkn.jpg 1120w\" sizes=\"(max-width: 800px) 100vw, 800px\" \/>\t\t\t\t\t\t\t\t\t\t\t\t\t\t\t<\/div>\n\t\t\t\t<div class=\"elementor-element elementor-element-f4913e0 elementor-widget elementor-widget-text-editor\" data-id=\"f4913e0\" data-element_type=\"widget\" data-e-type=\"widget\" data-widget_type=\"text-editor.default\">\n\t\t\t\t\t\t\t\t\t<p>Nab\u00edz\u00edme v\u00e1m vystaven\u00ed v\u00fdpisu z katastru nemovitost\u00ed v\u010detn\u011b v\u0161ech p\u0159\u00edslu\u0161n\u00fdch ov\u011b\u0159en\u00ed:<\/p>\n<ul>\n<li><a href=\"https:\/\/nove.ilts.cz\/cs\/poskytovane-sluzby\/notarske-sluzby\/\">not\u00e1\u0159sk\u00e9 ov\u011b\u0159en\u00ed<\/a>,<\/li>\n<li><a href=\"https:\/\/nove.ilts.cz\/cs\/poskytovane-sluzby\/soudni-preklady\/\">soudn\u00ed ov\u011b\u0159en\u00ed<\/a>,\u00a0<\/li>\n<li><a href=\"https:\/\/nove.ilts.cz\/cs\/superlegalizace\/\">superlegalizace<\/a><\/li>\n<li><a href=\"https:\/\/nove.ilts.cz\/cs\/apostille\/\">apostila \/ apostilla \/ apostille<\/a><\/li>\n<\/ul>\n<p>\u00a0<\/p>\n<p>Pro zaji\u0161t\u011bn\u00ed v\u00fdpisu z katastru nemovitost\u00ed budeme pot\u0159ebovat sd\u011blit informace o osob\u011b a nemovitosti, pro kterou pot\u0159ebujete v\u00fdpis obstarat.<\/p>\n<p>\u00a0<\/p>\t\t\t\t\t\t\t\t<\/div>\n\t\t\t\t<\/div>\n\t\t\t\t<div class=\"elementor-element elementor-element-9ff594c elementor-widget elementor-widget-text-editor\" data-id=\"9ff594c\" data-element_type=\"widget\" data-e-type=\"widget\" data-widget_type=\"text-editor.default\">\n\t\t\t\t\t\t\t\t\t\n<h3 class=\"wp-block-heading\">Term\u00edny vyhotoven\u00ed vystaven\u00ed v\u00fdpis\u016f z katastru nemovitost\u00ed<\/h3>\n\n<p>Standardn\u00edm term\u00ednem vyhotoven\u00ed vystaven\u00ed v\u00fdpisu jsou 3 pracovn\u00ed dny. V\u00fdpisy v\u0161ak dod\u00e1v\u00e1me i v expresn\u00edch term\u00ednech do 2, 4, 8, 12 nebo 24 hodin od p\u0159ijet\u00ed zak\u00e1zky. Podrobnosti o term\u00ednech vyhotoven\u00ed naleznete <a href=\"https:\/\/nove.ilts.cz\/cs\/jak-objednavat\/dodaci-lhuty\/\">zde<\/a>.\u00a0<\/p>\n\n<h3 class=\"wp-block-heading\">Jazyky soudn\u00edch p\u0159eklad\u016f v\u00fdpis\u016f z katastru nemovitost\u00ed<\/h3>\n\n<p>V p\u0159\u00edpad\u011b pot\u0159eby m\u016f\u017eeme zajistit i <a href=\"https:\/\/nove.ilts.cz\/cs\/poskytovane-sluzby\/soudni-preklady\/\">soudn\u00ed p\u0159eklady<\/a> v\u00fdpis\u016f do v\u0161ech v \u010cR ofici\u00e1ln\u011b registrovan\u00fdch <a href=\"https:\/\/nove.ilts.cz\/cs\/home\/jazyky\/\">jazyk\u016f<\/a>.\u00a0<\/p>\n\n<h3 class=\"wp-block-heading\">Zp\u016fsob dod\u00e1n\u00ed v\u00fdpis\u016f z katastru nemovitost\u00ed<\/h3>\n\n<p>Vyhotoven\u00fd v\u00fdpis si m\u016f\u017eete vyzvednout osobn\u011b u n\u00e1s v kancel\u00e1\u0159i nebo v\u00e1m jej m\u016f\u017eeme doru\u010dit po\u0161tou, e-mailem, kur\u00fdrem \u010di expresn\u00ed po\u0161tou a\u017e k va\u0161im ruk\u00e1m. Bli\u017e\u0161\u00ed informace o zp\u016fsobech objedn\u00e1v\u00e1n\u00ed a doru\u010dov\u00e1n\u00ed naleznete <a href=\"https:\/\/nove.ilts.cz\/cs\/o-spolecnosti\/faq\/\">zde <\/a>v sekci Doru\u010den\u00ed a p\u0159evzet\u00ed.<\/p>\n\n<h3 class=\"wp-block-heading\">Jak prov\u00e9st platbu za vystaven\u00ed v\u00fdpis\u016f z katastru nemovitost\u00ed?<\/h3>\n\n<p>Platbu za v\u00fdpis lze prov\u00e9st v hotovosti, bankovn\u00edm p\u0159evodem, platebn\u00ed kartou na pobo\u010dce \u010di platebn\u00ed kartou p\u0159\u00edmo na na\u0161ich <a href=\"https:\/\/nove.ilts.cz\/cs\/pay\/\">webov\u00fdch str\u00e1nk\u00e1ch<\/a>. Pro podrobn\u011bj\u0161\u00ed informace o\u00a0zp\u016fsobech platby klikn\u011bte\u00a0<a href=\"https:\/\/nove.ilts.cz\/cs\/jak-objednavat\/moznosti-platby\/\">zde<\/a>.<\/p>\n\t\t\t\t\t\t\t\t<\/div>\n\t\t\t\t<div class=\"elementor-element elementor-element-ac83794 elementor-widget elementor-widget-text-editor\" data-id=\"ac83794\" data-element_type=\"widget\" data-e-type=\"widget\" data-widget_type=\"text-editor.default\">\n\t\t\t\t\t\t\t\t\t<p><strong><em>Pro zodpov\u011bzen\u00ed dotaz\u016f ohledn\u011b kalkulace ceny konkr\u00e9tn\u00ed zak\u00e1zky ve v\u00e1mi po\u017eadovan\u00e9 jazykov\u00e9 kombinaci, ohledn\u011b konkr\u00e9tn\u00edho term\u00ednu \u010di pro z\u00edsk\u00e1n\u00ed jin\u00fdch informac\u00ed ohledn\u011b vystaven\u00ed a p\u0159eklad\u016f v\u00fdpis\u016f z katastru nemovitost\u00ed se m\u016f\u017eete obr\u00e1tit p\u0159\u00edmo na na\u0161e kontaktn\u00ed m\u00edsta, a to <\/em><\/strong><a href=\"https:\/\/nove.ilts.cz\/cs\/home\/home-3\/kontakt\/\"><em>telefonicky<\/em><\/a><em>,\u00a0<\/em><a href=\"mailto:ilts@ilts.cz\"><em>e-mailem<\/em><\/a><strong><em>\u00a0\u010di pomoc\u00ed\u00a0<\/em><\/strong><a href=\"https:\/\/nove.ilts.cz\/cs\/detailni-poptavka\/\"><em>popt\u00e1vkov\u00e9ho formul\u00e1\u0159e<\/em><\/a><em>.<\/em><\/p>\t\t\t\t\t\t\t\t<\/div>\n\t\t\t\t<div class=\"elementor-element elementor-element-b7ee5e2 elementor-widget elementor-widget-spacer\" data-id=\"b7ee5e2\" data-element_type=\"widget\" data-e-type=\"widget\" data-widget_type=\"spacer.default\">\n\t\t\t\t\t\t\t<div class=\"elementor-spacer\">\n\t\t\t<div class=\"elementor-spacer-inner\"><\/div>\n\t\t<\/div>\n\t\t\t\t\t\t<\/div>\n\t\t\t\t\t<\/div>\n\t\t\t\t<\/div>\n\t\t\t\t<\/div>\n\t\t","protected":false},"excerpt":{"rendered":"<p>Zaji\u0161t\u011bn\u00ed v\u00fdpisu z katastru nemovitost\u00ed Katastr nemovitost\u00ed \u010cesk\u00e9 republiky\u00a0je\u00a0ve\u0159ejn\u00fdm seznamem\u00a0o\u00a0nemovitostech\u00a0v\u00a0\u010cesk\u00e9 republice, zahrnuj\u00edc\u00ed jejich popis, soupis, geometrick\u00e9 a polohov\u00e9 ur\u010den\u00ed a z\u00e1pis pr\u00e1v k t\u011bmto nemovitostem. Katastr nemovitost\u00ed je v\u00edce\u00fa\u010delov\u00fd katastr, kter\u00fd neslou\u017e\u00ed jen pro\u00a0da\u0148ov\u00e9, ale i pro\u00a0statistick\u00e9\u00a0a technick\u00e9 \u00fa\u010dely. Jeho sou\u010d\u00e1st\u00ed je evidence\u00a0vlastnick\u00fdch, jin\u00fdch\u00a0v\u011bcn\u00fdch\u00a0pr\u00e1v a dal\u0161\u00edch, z\u00e1konem stanoven\u00fdch pr\u00e1v k t\u011bmto nemovitostem. Katastr nemovitost\u00ed je [&hellip;]<\/p>\n","protected":false},"author":2,"featured_media":0,"parent":0,"menu_order":0,"comment_status":"closed","ping_status":"closed","template":"","meta":{"footnotes":""},"class_list":["post-5816","page","type-page","status-publish","hentry"],"_links":{"self":[{"href":"https:\/\/nove.ilts.cz\/cs\/wp-json\/wp\/v2\/pages\/5816","targetHints":{"allow":["GET"]}}],"collection":[{"href":"https:\/\/nove.ilts.cz\/cs\/wp-json\/wp\/v2\/pages"}],"about":[{"href":"https:\/\/nove.ilts.cz\/cs\/wp-json\/wp\/v2\/types\/page"}],"author":[{"embeddable":true,"href":"https:\/\/nove.ilts.cz\/cs\/wp-json\/wp\/v2\/users\/2"}],"replies":[{"embeddable":true,"href":"https:\/\/nove.ilts.cz\/cs\/wp-json\/wp\/v2\/comments?post=5816"}],"version-history":[{"count":22,"href":"https:\/\/nove.ilts.cz\/cs\/wp-json\/wp\/v2\/pages\/5816\/revisions"}],"predecessor-version":[{"id":7551,"href":"https:\/\/nove.ilts.cz\/cs\/wp-json\/wp\/v2\/pages\/5816\/revisions\/7551"}],"wp:attachment":[{"href":"https:\/\/nove.ilts.cz\/cs\/wp-json\/wp\/v2\/media?parent=5816"}],"curies":[{"name":"wp","href":"https:\/\/api.w.org\/{rel}","templated":true}]}}