{"id":5788,"date":"2025-09-12T12:41:29","date_gmt":"2025-09-12T10:41:29","guid":{"rendered":"https:\/\/nove.ilts.cz\/cs\/?page_id=5788"},"modified":"2026-05-13T12:37:26","modified_gmt":"2026-05-13T10:37:26","slug":"vystaveni-vypisu-z-zivnostenskeho-rejstriku","status":"publish","type":"page","link":"https:\/\/nove.ilts.cz\/cs\/vystaveni-vypisu-z-zivnostenskeho-rejstriku\/","title":{"rendered":"Vystaven\u00ed v\u00fdpisu z \u017eivnostensk\u00e9ho rejst\u0159\u00edku"},"content":{"rendered":"\t\t<div data-elementor-type=\"wp-page\" data-elementor-id=\"5788\" class=\"elementor elementor-5788\" data-elementor-post-type=\"page\">\n\t\t\t\t<div class=\"elementor-element elementor-element-1d50debe e-flex e-con-boxed e-con e-parent\" data-id=\"1d50debe\" data-element_type=\"container\" data-e-type=\"container\">\n\t\t\t\t\t<div class=\"e-con-inner\">\n\t\t\t\t<div class=\"elementor-element elementor-element-4b61d57 elementor-widget elementor-widget-spacer\" data-id=\"4b61d57\" data-element_type=\"widget\" data-e-type=\"widget\" data-widget_type=\"spacer.default\">\n\t\t\t\t\t\t\t<div class=\"elementor-spacer\">\n\t\t\t<div class=\"elementor-spacer-inner\"><\/div>\n\t\t<\/div>\n\t\t\t\t\t\t<\/div>\n\t\t\t\t<div class=\"elementor-element elementor-element-4db52da elementor-widget elementor-widget-heading\" data-id=\"4db52da\" data-element_type=\"widget\" data-e-type=\"widget\" data-widget_type=\"heading.default\">\n\t\t\t\t\t<h2 class=\"elementor-heading-title elementor-size-default\">Zaji\u0161t\u011bn\u00ed v\u00fdpisu z \u017eivnostensk\u00e9ho rejst\u0159\u00edku<\/h2>\t\t\t\t<\/div>\n\t\t\t\t<div class=\"elementor-element elementor-element-9a94a55 elementor-widget elementor-widget-text-editor\" data-id=\"9a94a55\" data-element_type=\"widget\" data-e-type=\"widget\" data-widget_type=\"text-editor.default\">\n\t\t\t\t\t\t\t\t\t<p><strong>V \u017eivnostensk\u00e9m rejst\u0159\u00edku jsou \u00fadaje o podnikaj\u00edc\u00edch\u00a0fyzick\u00fdch\u00a0a\u00a0pr\u00e1vnick\u00fdch osob\u00e1ch, kter\u00e9 vlastn\u00ed nebo vlastnily\u00a0\u017eivnostensk\u00e9 opr\u00e1vn\u011bn\u00ed. Jsou zde \u00fadaje nejen o tuzemsk\u00fdch osob\u00e1ch, zahrnuje i data o zahrani\u010dn\u00edch osob\u00e1ch podnikaj\u00edc\u00edch na \u00fazem\u00ed \u010cR.<\/strong><\/p>\n<p><strong>V\u00fdpis z \u017eivnostensk\u00e9ho rejst\u0159\u00edku je v\u00fdpis z ve\u0159ejn\u00e9ho seznamu informa\u010dn\u00edho syst\u00e9mu ve\u0159ejn\u00e9 spr\u00e1vy, jeho\u017e spr\u00e1vcem je Ministerstvo pr\u016fmyslu a obchodu a provozovateli obecn\u00ed \u017eivnostensk\u00e9 \u00fa\u0159ady (odbory obecn\u00edch \u00fa\u0159ad\u016f obc\u00ed s roz\u0161\u00ed\u0159enou p\u016fsobnost\u00ed a na \u00fazem\u00ed hlavn\u00edho m\u011bsta Prahy \u017eivnostensk\u00e9 odbory \u00fa\u0159ad\u016f m\u011bstsk\u00fdch \u010d\u00e1st\u00ed ur\u010den\u00fdch Statutem hlavn\u00edho m\u011bsta Prahy) a krajsk\u00e9 \u017eivnostensk\u00e9 \u00fa\u0159ady (odbory krajsk\u00fdch \u00fa\u0159ad\u016f a na \u00fazem\u00ed hlavn\u00edho m\u011bsta Prahy \u017eivnostensk\u00fd odbor Magistr\u00e1tu hlavn\u00edho m\u011bsta Prahy).<\/strong><\/p>\t\t\t\t\t\t\t\t<\/div>\n\t\t<div class=\"elementor-element elementor-element-b0e791c e-grid e-con-full e-con e-child\" data-id=\"b0e791c\" data-element_type=\"container\" data-e-type=\"container\">\n\t\t\t\t<div class=\"elementor-element elementor-element-f20138d elementor-widget elementor-widget-image\" data-id=\"f20138d\" data-element_type=\"widget\" data-e-type=\"widget\" data-widget_type=\"image.default\">\n\t\t\t\t\t\t\t\t\t\t\t\t\t\t\t<img fetchpriority=\"high\" decoding=\"async\" width=\"800\" height=\"600\" src=\"https:\/\/nove.ilts.cz\/cs\/wp-content\/uploads\/sites\/8\/2025\/09\/m_vzr-1024x768.jpg\" class=\"attachment-large size-large wp-image-5797\" alt=\"\" srcset=\"https:\/\/nove.ilts.cz\/cs\/wp-content\/uploads\/sites\/8\/2025\/09\/m_vzr-1024x768.jpg 1024w, https:\/\/nove.ilts.cz\/cs\/wp-content\/uploads\/sites\/8\/2025\/09\/m_vzr-300x225.jpg 300w, https:\/\/nove.ilts.cz\/cs\/wp-content\/uploads\/sites\/8\/2025\/09\/m_vzr-768x576.jpg 768w, https:\/\/nove.ilts.cz\/cs\/wp-content\/uploads\/sites\/8\/2025\/09\/m_vzr.jpg 1120w\" sizes=\"(max-width: 800px) 100vw, 800px\" \/>\t\t\t\t\t\t\t\t\t\t\t\t\t\t\t<\/div>\n\t\t\t\t<div class=\"elementor-element elementor-element-f4913e0 elementor-widget elementor-widget-text-editor\" data-id=\"f4913e0\" data-element_type=\"widget\" data-e-type=\"widget\" data-widget_type=\"text-editor.default\">\n\t\t\t\t\t\t\t\t\t<p>Nab\u00edz\u00edme v\u00e1m vystaven\u00ed v\u00fdpis\u016f z \u017eivnostensk\u00e9ho rejst\u0159\u00edku v\u010detn\u011b v\u0161ech p\u0159\u00edslu\u0161n\u00fdch ov\u011b\u0159en\u00ed:<\/p>\n<ul>\n<li><a href=\"https:\/\/nove.ilts.cz\/cs\/poskytovane-sluzby\/notarske-sluzby\/\">not\u00e1\u0159sk\u00e9 ov\u011b\u0159en\u00ed<\/a>,<\/li>\n<li><a href=\"https:\/\/nove.ilts.cz\/cs\/poskytovane-sluzby\/soudni-preklady\/\">soudn\u00ed ov\u011b\u0159en\u00ed<\/a>,\u00a0<\/li>\n<li><a href=\"https:\/\/nove.ilts.cz\/cs\/superlegalizace\/\">superlegalizace<\/a><\/li>\n<li><a href=\"https:\/\/nove.ilts.cz\/cs\/apostille\/\">apostila \/ apostilla \/ apostille<\/a><\/li>\n<\/ul>\n<p>\u00a0<\/p>\n<p>Pro zaji\u0161t\u011bn\u00ed v\u00fdpisu z \u017eivnostensk\u00e9ho rejst\u0159\u00edku budeme pot\u0159ebovat sd\u011blit pouze <strong>I\u010cO<\/strong> podnikatele, pro kter\u00e9ho pot\u0159ebujete v\u00fdpis obstarat.<\/p>\n<p>\u00a0<\/p>\t\t\t\t\t\t\t\t<\/div>\n\t\t\t\t<\/div>\n\t\t\t\t<div class=\"elementor-element elementor-element-9ff594c elementor-widget elementor-widget-text-editor\" data-id=\"9ff594c\" data-element_type=\"widget\" data-e-type=\"widget\" data-widget_type=\"text-editor.default\">\n\t\t\t\t\t\t\t\t\t\n<h3 class=\"wp-block-heading\">Term\u00edny vyhotoven\u00ed vystaven\u00ed v\u00fdpis\u016f z \u017eivnostensk\u00e9ho rejst\u0159\u00edku<\/h3>\n\n<p>Standardn\u00edm term\u00ednem vyhotoven\u00ed vystaven\u00ed v\u00fdpisu z \u017eivnostensk\u00e9ho rejst\u0159\u00edku jsou 3 pracovn\u00ed dny. V\u00fdpisy z \u017eivnostensk\u00e9ho rejst\u0159\u00edku v\u0161ak dod\u00e1v\u00e1me i v expresn\u00edch term\u00ednech do 2, 4, 8, 12 nebo 24 hodin od p\u0159ijet\u00ed zak\u00e1zky. Podrobnosti o term\u00ednech vyhotoven\u00ed naleznete <a href=\"https:\/\/nove.ilts.cz\/cs\/jak-objednavat\/dodaci-lhuty\/\">zde<\/a>.\u00a0<\/p>\n\n<h3 class=\"wp-block-heading\">Jazyky soudn\u00edch p\u0159eklad\u016f v\u00fdpis\u016f z \u017eivnostensk\u00e9ho rejst\u0159\u00edku<\/h3>\n\n<p>V p\u0159\u00edpad\u011b pot\u0159eby m\u016f\u017eeme zajistit i <a href=\"https:\/\/nove.ilts.cz\/cs\/poskytovane-sluzby\/soudni-preklady\/\">soudn\u00ed p\u0159eklady<\/a> v\u00fdpis\u016f do v\u0161ech v \u010cR ofici\u00e1ln\u011b registrovan\u00fdch <a href=\"https:\/\/nove.ilts.cz\/cs\/home\/jazyky\/\">jazyk\u016f<\/a>.\u00a0<\/p>\n\n<h3 class=\"wp-block-heading\">Zp\u016fsob dod\u00e1n\u00ed v\u00fdpis\u016f z \u017eivnostensk\u00e9ho rejst\u0159\u00edku<\/h3>\n\n<p>Vyhotoven\u00fd v\u00fdpis z \u017eivnostensk\u00e9ho rejst\u0159\u00edku si m\u016f\u017eete vyzvednout osobn\u011b u n\u00e1s v kancel\u00e1\u0159i nebo v\u00e1m jej m\u016f\u017eeme doru\u010dit po\u0161tou, e-mailem, kur\u00fdrem \u010di expresn\u00ed po\u0161tou a\u017e k va\u0161im ruk\u00e1m. Bli\u017e\u0161\u00ed informace o zp\u016fsobech objedn\u00e1v\u00e1n\u00ed a doru\u010dov\u00e1n\u00ed naleznete <a href=\"https:\/\/nove.ilts.cz\/cs\/o-spolecnosti\/faq\/\">zde <\/a>v sekci Doru\u010den\u00ed a p\u0159evzet\u00ed.<\/p>\n\n<h3 class=\"wp-block-heading\">Jak prov\u00e9st platbu za vystaven\u00ed v\u00fdpis\u016f z \u017eivnostensk\u00e9ho rejst\u0159\u00edku?<\/h3>\n\n<p>Platbu za v\u00fdpis z \u017eivnostensk\u00e9ho rejst\u0159\u00edku lze prov\u00e9st v hotovosti, bankovn\u00edm p\u0159evodem, platebn\u00ed kartou na pobo\u010dce \u010di platebn\u00ed kartou p\u0159\u00edmo na na\u0161ich <a href=\"https:\/\/nove.ilts.cz\/cs\/pay\/\">webov\u00fdch str\u00e1nk\u00e1ch<\/a>. Pro podrobn\u011bj\u0161\u00ed informace o\u00a0zp\u016fsobech platby klikn\u011bte\u00a0<a href=\"https:\/\/nove.ilts.cz\/cs\/jak-objednavat\/moznosti-platby\/\">zde<\/a>.<\/p>\n\t\t\t\t\t\t\t\t<\/div>\n\t\t\t\t<div class=\"elementor-element elementor-element-ac83794 elementor-widget elementor-widget-text-editor\" data-id=\"ac83794\" data-element_type=\"widget\" data-e-type=\"widget\" data-widget_type=\"text-editor.default\">\n\t\t\t\t\t\t\t\t\t<p><strong><em>Pro zodpov\u011bzen\u00ed dotaz\u016f ohledn\u011b kalkulace ceny konkr\u00e9tn\u00ed zak\u00e1zky ve v\u00e1mi po\u017eadovan\u00e9 jazykov\u00e9 kombinaci, ohledn\u011b konkr\u00e9tn\u00edho term\u00ednu \u010di pro z\u00edsk\u00e1n\u00ed jin\u00fdch informac\u00ed ohledn\u011b vystaven\u00ed a p\u0159eklad\u016f v\u00fdpis\u016f z \u017eivnostensk\u00e9ho rejst\u0159\u00edku se m\u016f\u017eete obr\u00e1tit p\u0159\u00edmo na na\u0161e kontaktn\u00ed m\u00edsta, a to <\/em><\/strong><a href=\"https:\/\/nove.ilts.cz\/cs\/home\/home-3\/kontakt\/\"><em>telefonicky<\/em><\/a><em>,\u00a0<\/em><a href=\"mailto:ilts@ilts.cz\"><em>e-mailem<\/em><\/a><strong><em>\u00a0\u010di pomoc\u00ed\u00a0<\/em><\/strong><a href=\"https:\/\/nove.ilts.cz\/cs\/detailni-poptavka\/\"><em>popt\u00e1vkov\u00e9ho formul\u00e1\u0159e<\/em><\/a><em>.<\/em><\/p>\t\t\t\t\t\t\t\t<\/div>\n\t\t\t\t<div class=\"elementor-element elementor-element-b7ee5e2 elementor-widget elementor-widget-spacer\" data-id=\"b7ee5e2\" data-element_type=\"widget\" data-e-type=\"widget\" data-widget_type=\"spacer.default\">\n\t\t\t\t\t\t\t<div class=\"elementor-spacer\">\n\t\t\t<div class=\"elementor-spacer-inner\"><\/div>\n\t\t<\/div>\n\t\t\t\t\t\t<\/div>\n\t\t\t\t\t<\/div>\n\t\t\t\t<\/div>\n\t\t\t\t<\/div>\n\t\t","protected":false},"excerpt":{"rendered":"<p>Zaji\u0161t\u011bn\u00ed v\u00fdpisu z \u017eivnostensk\u00e9ho rejst\u0159\u00edku V \u017eivnostensk\u00e9m rejst\u0159\u00edku jsou \u00fadaje o podnikaj\u00edc\u00edch\u00a0fyzick\u00fdch\u00a0a\u00a0pr\u00e1vnick\u00fdch osob\u00e1ch, kter\u00e9 vlastn\u00ed nebo vlastnily\u00a0\u017eivnostensk\u00e9 opr\u00e1vn\u011bn\u00ed. Jsou zde \u00fadaje nejen o tuzemsk\u00fdch osob\u00e1ch, zahrnuje i data o zahrani\u010dn\u00edch osob\u00e1ch podnikaj\u00edc\u00edch na \u00fazem\u00ed \u010cR. V\u00fdpis z \u017eivnostensk\u00e9ho rejst\u0159\u00edku je v\u00fdpis z ve\u0159ejn\u00e9ho seznamu informa\u010dn\u00edho syst\u00e9mu ve\u0159ejn\u00e9 spr\u00e1vy, jeho\u017e spr\u00e1vcem je Ministerstvo pr\u016fmyslu a obchodu [&hellip;]<\/p>\n","protected":false},"author":2,"featured_media":0,"parent":0,"menu_order":0,"comment_status":"closed","ping_status":"closed","template":"","meta":{"footnotes":""},"class_list":["post-5788","page","type-page","status-publish","hentry"],"_links":{"self":[{"href":"https:\/\/nove.ilts.cz\/cs\/wp-json\/wp\/v2\/pages\/5788","targetHints":{"allow":["GET"]}}],"collection":[{"href":"https:\/\/nove.ilts.cz\/cs\/wp-json\/wp\/v2\/pages"}],"about":[{"href":"https:\/\/nove.ilts.cz\/cs\/wp-json\/wp\/v2\/types\/page"}],"author":[{"embeddable":true,"href":"https:\/\/nove.ilts.cz\/cs\/wp-json\/wp\/v2\/users\/2"}],"replies":[{"embeddable":true,"href":"https:\/\/nove.ilts.cz\/cs\/wp-json\/wp\/v2\/comments?post=5788"}],"version-history":[{"count":22,"href":"https:\/\/nove.ilts.cz\/cs\/wp-json\/wp\/v2\/pages\/5788\/revisions"}],"predecessor-version":[{"id":7563,"href":"https:\/\/nove.ilts.cz\/cs\/wp-json\/wp\/v2\/pages\/5788\/revisions\/7563"}],"wp:attachment":[{"href":"https:\/\/nove.ilts.cz\/cs\/wp-json\/wp\/v2\/media?parent=5788"}],"curies":[{"name":"wp","href":"https:\/\/api.w.org\/{rel}","templated":true}]}}