{"id":5716,"date":"2025-09-11T13:48:49","date_gmt":"2025-09-11T11:48:49","guid":{"rendered":"https:\/\/nove.ilts.cz\/cs\/?page_id=5716"},"modified":"2026-05-13T12:35:55","modified_gmt":"2026-05-13T10:35:55","slug":"preklady-vypisu-z-rejstriku-trestu","status":"publish","type":"page","link":"https:\/\/nove.ilts.cz\/cs\/preklady-vypisu-z-rejstriku-trestu\/","title":{"rendered":"P\u0159eklady v\u00fdpis\u016f z rejst\u0159\u00edku trest\u016f"},"content":{"rendered":"\t\t<div data-elementor-type=\"wp-page\" data-elementor-id=\"5716\" class=\"elementor elementor-5716\" data-elementor-post-type=\"page\">\n\t\t\t\t<div class=\"elementor-element elementor-element-1d50debe e-flex e-con-boxed e-con e-parent\" data-id=\"1d50debe\" data-element_type=\"container\" data-e-type=\"container\">\n\t\t\t\t\t<div class=\"e-con-inner\">\n\t\t\t\t<div class=\"elementor-element elementor-element-4b61d57 elementor-widget elementor-widget-spacer\" data-id=\"4b61d57\" data-element_type=\"widget\" data-e-type=\"widget\" data-widget_type=\"spacer.default\">\n\t\t\t\t\t\t\t<div class=\"elementor-spacer\">\n\t\t\t<div class=\"elementor-spacer-inner\"><\/div>\n\t\t<\/div>\n\t\t\t\t\t\t<\/div>\n\t\t\t\t<div class=\"elementor-element elementor-element-4db52da elementor-widget elementor-widget-heading\" data-id=\"4db52da\" data-element_type=\"widget\" data-e-type=\"widget\" data-widget_type=\"heading.default\">\n\t\t\t\t\t<h2 class=\"elementor-heading-title elementor-size-default\">P\u0159eklady v\u00fdpis\u016f z rejst\u0159\u00edku trestu<\/h2>\t\t\t\t<\/div>\n\t\t\t\t<div class=\"elementor-element elementor-element-9a94a55 elementor-widget elementor-widget-text-editor\" data-id=\"9a94a55\" data-element_type=\"widget\" data-e-type=\"widget\" data-widget_type=\"text-editor.default\">\n\t\t\t\t\t\t\t\t\t<p><strong>V\u00fdpis z\u00a0trestn\u00edho rejst\u0159\u00edku je v\u00fdpis z\u00a0evidence Rejst\u0159\u00edku trest\u016f (v \u010cR veden\u00e9 Ministerstvem spravedlnosti), kde se uv\u00e1d\u011bj\u00ed v\u0161echna dosud nezahlazen\u00e1 odsouzen\u00ed v\u010detn\u011b \u00fadaj\u016f o\u00a0pr\u016fb\u011bhu v\u00fdkonu ulo\u017een\u00fdch trest\u016f a\u00a0ochrann\u00fdch opat\u0159en\u00ed, pokud se podle z\u00e1kona na pachatele nehled\u00ed, jako by nebyl odsouzen. \u00dadaje o\u00a0podm\u00edn\u011bn\u00e9m zastaven\u00ed trestn\u00edho st\u00edh\u00e1n\u00ed se ve v\u00fdpise neuv\u00e1d\u011bj\u00ed. V\u00fdpis z\u00a0trestn\u00edho rejst\u0159\u00edku je\u00a0ve\u0159ejnou listinou.<\/strong><\/p>\n<p><strong>Soudn\u00ed p\u0159eklad v\u00fdpisu z\u00a0rejst\u0159\u00edku trest\u016f po\u017eaduj\u00ed\u00a0zahrani\u010dn\u00ed instituce pro prok\u00e1z\u00e1n\u00ed bez\u00fahonnosti\u00a0konkr\u00e9tn\u00ed osoby p\u0159i \u00fa\u0159edn\u00edch \u00fakonech v\u00a0p\u0159\u00edpad\u011b, \u017ee origin\u00e1l v\u00fdpisu z\u00a0rejst\u0159\u00edku trest\u016f nen\u00ed vyhotoven v\u00a0jejich jednac\u00edm jazyce.<\/strong><\/p>\t\t\t\t\t\t\t\t<\/div>\n\t\t<div class=\"elementor-element elementor-element-b0e791c e-grid e-con-full e-con e-child\" data-id=\"b0e791c\" data-element_type=\"container\" data-e-type=\"container\">\n\t\t\t\t<div class=\"elementor-element elementor-element-f20138d elementor-widget elementor-widget-image\" data-id=\"f20138d\" data-element_type=\"widget\" data-e-type=\"widget\" data-widget_type=\"image.default\">\n\t\t\t\t\t\t\t\t\t\t\t\t\t\t\t<img fetchpriority=\"high\" decoding=\"async\" width=\"800\" height=\"600\" src=\"https:\/\/nove.ilts.cz\/cs\/wp-content\/uploads\/sites\/8\/2025\/09\/m_VRT-1024x768.jpg\" class=\"attachment-large size-large wp-image-5754\" alt=\"\" srcset=\"https:\/\/nove.ilts.cz\/cs\/wp-content\/uploads\/sites\/8\/2025\/09\/m_VRT-1024x768.jpg 1024w, https:\/\/nove.ilts.cz\/cs\/wp-content\/uploads\/sites\/8\/2025\/09\/m_VRT-300x225.jpg 300w, https:\/\/nove.ilts.cz\/cs\/wp-content\/uploads\/sites\/8\/2025\/09\/m_VRT-768x576.jpg 768w, https:\/\/nove.ilts.cz\/cs\/wp-content\/uploads\/sites\/8\/2025\/09\/m_VRT.jpg 1120w\" sizes=\"(max-width: 800px) 100vw, 800px\" \/>\t\t\t\t\t\t\t\t\t\t\t\t\t\t\t<\/div>\n\t\t\t\t<div class=\"elementor-element elementor-element-f4913e0 elementor-widget elementor-widget-text-editor\" data-id=\"f4913e0\" data-element_type=\"widget\" data-e-type=\"widget\" data-widget_type=\"text-editor.default\">\n\t\t\t\t\t\t\t\t\t<p>Nab\u00edz\u00edme v\u00e1m zhotoven\u00ed\u00a0<a href=\"https:\/\/nove.ilts.cz\/cs\/poskytovane-sluzby\/soudni-preklady\/\">soudn\u00edch p\u0159eklad\u016f<\/a> zahrani\u010dn\u00edch i \u010desk\u00fdch v\u00fdpis\u016f z rejst\u0159\u00edku trest\u016f v\u010detn\u011b v\u0161ech p\u0159\u00edslu\u0161n\u00fdch ov\u011b\u0159en\u00ed:<\/p>\n<ul>\n<li><a href=\"https:\/\/nove.ilts.cz\/cs\/poskytovane-sluzby\/notarske-sluzby\/\">not\u00e1\u0159sk\u00e9 ov\u011b\u0159en\u00ed<\/a>,<\/li>\n<li><a href=\"https:\/\/nove.ilts.cz\/cs\/poskytovane-sluzby\/soudni-preklady\/\">soudn\u00ed ov\u011b\u0159en\u00ed<\/a>,\u00a0<\/li>\n<li><a href=\"https:\/\/nove.ilts.cz\/cs\/superlegalizace\/\">superlegalizace<\/a><\/li>\n<li><a href=\"https:\/\/nove.ilts.cz\/cs\/apostille\/\">apostila \/ apostilla \/ apostille<\/a><\/li>\n<\/ul>\n<p>\u00a0<\/p>\n<p>Dokument mus\u00ed b\u00fdt v\u017edy legalizov\u00e1n v zemi p\u016fvodu dokumentu. V\u00fd\u0161e uveden\u00e9 lze tedy zajistit na v\u00fdpisy z rejst\u0159\u00edku trestu vydan\u00e9 \u010desk\u00fdmi institucemi (not\u00e1\u0159i, rejst\u0159\u00edkov\u00fd soud).<\/p>\n<p>Pokud m\u00e1te sv\u016fj zahrani\u010dn\u00ed v\u00fdpis z rejst\u0159\u00edku trest\u016f legalizovan\u00fd v zemi p\u016fvodu, tak m\u016f\u017eeme zajistit soudn\u011b ov\u011b\u0159en\u00fd p\u0159eklad pro pou\u017eit\u00ed na \u010desk\u00fdch \u00fa\u0159adech.<\/p>\t\t\t\t\t\t\t\t<\/div>\n\t\t\t\t<\/div>\n\t\t\t\t<div class=\"elementor-element elementor-element-9ff594c elementor-widget elementor-widget-text-editor\" data-id=\"9ff594c\" data-element_type=\"widget\" data-e-type=\"widget\" data-widget_type=\"text-editor.default\">\n\t\t\t\t\t\t\t\t\t\n<h3 class=\"wp-block-heading\">Term\u00edny vyhotoven\u00ed soudn\u00edch p\u0159eklad\u016f v\u00fdpis\u016f z rejst\u0159\u00edku trest\u016f<\/h3>\n\n<p>Standardn\u00edm term\u00ednem vyhotoven\u00ed soudn\u00edho p\u0159ekladu v\u00fdpis\u016f z rejst\u0159\u00edku trest\u016f jsou 3 pracovn\u00ed dny. Soudn\u00ed p\u0159eklady v\u00fdpis\u016f z rejst\u0159\u00edku trest\u016f v\u0161ak dod\u00e1v\u00e1me i v expresn\u00edch term\u00ednech do 2, 4, 8, 12 nebo 24 hodin od p\u0159ijet\u00ed zak\u00e1zky. Podrobnosti o term\u00ednech vyhotoven\u00ed p\u0159ekladu naleznete <a href=\"https:\/\/nove.ilts.cz\/cs\/jak-objednavat\/dodaci-lhuty\/\">zde<\/a>.\u00a0<\/p>\n\n<h3 class=\"wp-block-heading\">Jazyky soudn\u00edch p\u0159eklad\u016f v\u00fdpis\u016f z rejst\u0159\u00edku trest\u016f<\/h3>\n\n<p>Soudn\u00ed p\u0159eklady v\u00fdpis\u016f z rejst\u0159\u00edku trest\u016f jsme pro v\u00e1s schopni zajistit z\/do v\u0161ech\u00a0 v \u010cR ofici\u00e1ln\u011b registrovan\u00fdch <a href=\"https:\/\/nove.ilts.cz\/cs\/home\/jazyky\/\">jazyk\u016f<\/a>. Prov\u00e1d\u00edme rovn\u011b\u017e soudn\u00ed p\u0159eklady v kombinaci s jin\u00fdm ciz\u00edm jazykem.<\/p>\n\n<h3 class=\"wp-block-heading\">Zp\u016fsob dod\u00e1n\u00ed p\u0159eklad\u016f v\u00fdpis\u016f z rejst\u0159\u00edku trest\u016f<\/h3>\n\n<p>Vyhotoven\u00fd p\u0159eklad v\u00fdpis\u016f z rejst\u0159\u00edku trest\u016f si m\u016f\u017eete vyzvednout osobn\u011b u n\u00e1s v kancel\u00e1\u0159i nebo v\u00e1m jej m\u016f\u017eeme doru\u010dit po\u0161tou, e-mailem, kur\u00fdrem \u010di expresn\u00ed po\u0161tou a\u017e k va\u0161im ruk\u00e1m. Bli\u017e\u0161\u00ed informace o zp\u016fsobech objedn\u00e1v\u00e1n\u00ed a doru\u010dov\u00e1n\u00ed p\u0159eklad\u016f naleznete <a href=\"https:\/\/nove.ilts.cz\/cs\/o-spolecnosti\/faq-casto-kladene-otazky\/\">zde <\/a>v sekci Doru\u010den\u00ed a p\u0159evzet\u00ed.<\/p>\n\n<h3 class=\"wp-block-heading\">Jak prov\u00e9st platbu za p\u0159eklady v\u00fdpis\u016f z rejst\u0159\u00edku trest\u016f?<\/h3>\n\n<p>Platbu za p\u0159eklady v\u00fdpis\u016f z rejst\u0159\u00edku trest\u016f lze prov\u00e9st v hotovosti, bankovn\u00edm p\u0159evodem, platebn\u00ed kartou na pobo\u010dce \u010di platebn\u00ed kartou p\u0159\u00edmo na na\u0161ich <a href=\"https:\/\/nove.ilts.cz\/cs\/pay\/\">webov\u00fdch str\u00e1nk\u00e1ch<\/a>. Pro podrobn\u011bj\u0161\u00ed informace o\u00a0zp\u016fsobech platby klikn\u011bte\u00a0<a href=\"https:\/\/nove.ilts.cz\/cs\/jak-objednavat\/moznosti-platby\/\">zde<\/a>.<\/p>\n\t\t\t\t\t\t\t\t<\/div>\n\t\t\t\t<div class=\"elementor-element elementor-element-ac83794 elementor-widget elementor-widget-text-editor\" data-id=\"ac83794\" data-element_type=\"widget\" data-e-type=\"widget\" data-widget_type=\"text-editor.default\">\n\t\t\t\t\t\t\t\t\t<p><strong><em>Pro zodpov\u011bzen\u00ed dotaz\u016f ohledn\u011b kalkulace ceny konkr\u00e9tn\u00ed zak\u00e1zky ve v\u00e1mi po\u017eadovan\u00e9 jazykov\u00e9 kombinaci, ohledn\u011b konkr\u00e9tn\u00edho term\u00ednu \u010di pro z\u00edsk\u00e1n\u00ed jin\u00fdch informac\u00ed ohledn\u011b p\u0159eklad\u016f v\u00fdpis\u016f z rejst\u0159\u00edku trest\u016f se m\u016f\u017eete obr\u00e1tit p\u0159\u00edmo na na\u0161e kontaktn\u00ed m\u00edsta, a to <\/em><\/strong><a href=\"https:\/\/nove.ilts.cz\/cs\/home\/home-3\/kontakt\/\"><strong><em>telefonicky<\/em><\/strong><\/a><strong><em>,\u00a0<\/em><\/strong><a href=\"mailto:ilts@ilts.cz\"><strong><em>e-mailem<\/em><\/strong><\/a><strong><em>\u00a0\u010di pomoc\u00ed\u00a0<\/em><\/strong><a href=\"https:\/\/nove.ilts.cz\/cs\/detailni-poptavka\/\"><strong><em>popt\u00e1vkov\u00e9ho formul\u00e1\u0159e<\/em><\/strong><\/a><strong><em>.<\/em><\/strong><\/p>\t\t\t\t\t\t\t\t<\/div>\n\t\t\t\t<div class=\"elementor-element elementor-element-b7ee5e2 elementor-widget elementor-widget-spacer\" data-id=\"b7ee5e2\" data-element_type=\"widget\" data-e-type=\"widget\" data-widget_type=\"spacer.default\">\n\t\t\t\t\t\t\t<div class=\"elementor-spacer\">\n\t\t\t<div class=\"elementor-spacer-inner\"><\/div>\n\t\t<\/div>\n\t\t\t\t\t\t<\/div>\n\t\t\t\t\t<\/div>\n\t\t\t\t<\/div>\n\t\t\t\t<\/div>\n\t\t","protected":false},"excerpt":{"rendered":"<p>P\u0159eklady v\u00fdpis\u016f z rejst\u0159\u00edku trestu V\u00fdpis z\u00a0trestn\u00edho rejst\u0159\u00edku je v\u00fdpis z\u00a0evidence Rejst\u0159\u00edku trest\u016f (v \u010cR veden\u00e9 Ministerstvem spravedlnosti), kde se uv\u00e1d\u011bj\u00ed v\u0161echna dosud nezahlazen\u00e1 odsouzen\u00ed v\u010detn\u011b \u00fadaj\u016f o\u00a0pr\u016fb\u011bhu v\u00fdkonu ulo\u017een\u00fdch trest\u016f a\u00a0ochrann\u00fdch opat\u0159en\u00ed, pokud se podle z\u00e1kona na pachatele nehled\u00ed, jako by nebyl odsouzen. \u00dadaje o\u00a0podm\u00edn\u011bn\u00e9m zastaven\u00ed trestn\u00edho st\u00edh\u00e1n\u00ed se ve v\u00fdpise neuv\u00e1d\u011bj\u00ed. V\u00fdpis z\u00a0trestn\u00edho [&hellip;]<\/p>\n","protected":false},"author":2,"featured_media":0,"parent":0,"menu_order":0,"comment_status":"closed","ping_status":"closed","template":"","meta":{"footnotes":""},"class_list":["post-5716","page","type-page","status-publish","hentry"],"_links":{"self":[{"href":"https:\/\/nove.ilts.cz\/cs\/wp-json\/wp\/v2\/pages\/5716","targetHints":{"allow":["GET"]}}],"collection":[{"href":"https:\/\/nove.ilts.cz\/cs\/wp-json\/wp\/v2\/pages"}],"about":[{"href":"https:\/\/nove.ilts.cz\/cs\/wp-json\/wp\/v2\/types\/page"}],"author":[{"embeddable":true,"href":"https:\/\/nove.ilts.cz\/cs\/wp-json\/wp\/v2\/users\/2"}],"replies":[{"embeddable":true,"href":"https:\/\/nove.ilts.cz\/cs\/wp-json\/wp\/v2\/comments?post=5716"}],"version-history":[{"count":19,"href":"https:\/\/nove.ilts.cz\/cs\/wp-json\/wp\/v2\/pages\/5716\/revisions"}],"predecessor-version":[{"id":7539,"href":"https:\/\/nove.ilts.cz\/cs\/wp-json\/wp\/v2\/pages\/5716\/revisions\/7539"}],"wp:attachment":[{"href":"https:\/\/nove.ilts.cz\/cs\/wp-json\/wp\/v2\/media?parent=5716"}],"curies":[{"name":"wp","href":"https:\/\/api.w.org\/{rel}","templated":true}]}}