{"id":5657,"date":"2025-09-11T10:57:18","date_gmt":"2025-09-11T08:57:18","guid":{"rendered":"https:\/\/nove.ilts.cz\/cs\/?page_id=5657"},"modified":"2026-05-13T12:35:14","modified_gmt":"2026-05-13T10:35:14","slug":"preklady-diplomu","status":"publish","type":"page","link":"https:\/\/nove.ilts.cz\/cs\/preklady-diplomu\/","title":{"rendered":"P\u0159eklady diplom\u016f"},"content":{"rendered":"\t\t<div data-elementor-type=\"wp-page\" data-elementor-id=\"5657\" class=\"elementor elementor-5657\" data-elementor-post-type=\"page\">\n\t\t\t\t<div class=\"elementor-element elementor-element-6887e357 e-flex e-con-boxed e-con e-parent\" data-id=\"6887e357\" data-element_type=\"container\" data-e-type=\"container\">\n\t\t\t\t\t<div class=\"e-con-inner\">\n\t\t\t\t<div class=\"elementor-element elementor-element-a2e60f6 elementor-widget elementor-widget-spacer\" data-id=\"a2e60f6\" data-element_type=\"widget\" data-e-type=\"widget\" data-widget_type=\"spacer.default\">\n\t\t\t\t\t\t\t<div class=\"elementor-spacer\">\n\t\t\t<div class=\"elementor-spacer-inner\"><\/div>\n\t\t<\/div>\n\t\t\t\t\t\t<\/div>\n\t\t\t\t<div class=\"elementor-element elementor-element-9677819 elementor-widget elementor-widget-heading\" data-id=\"9677819\" data-element_type=\"widget\" data-e-type=\"widget\" data-widget_type=\"heading.default\">\n\t\t\t\t\t<h2 class=\"elementor-heading-title elementor-size-default\">P\u0159eklady diplom\u016f<\/h2>\t\t\t\t<\/div>\n\t\t\t\t<div class=\"elementor-element elementor-element-0606230 elementor-widget elementor-widget-text-editor\" data-id=\"0606230\" data-element_type=\"widget\" data-e-type=\"widget\" data-widget_type=\"text-editor.default\">\n\t\t\t\t\t\t\t\t\t<p><strong>Diplom je listina (nebo jin\u00fd p\u00edsemn\u00fd dokument), kter\u00fd stvrzuje skute\u010dnost, \u017ee dan\u00e1 osoba absolvovala ur\u010dit\u00fd typ vzd\u011bl\u00e1n\u00ed \u010di ur\u010dit\u00fd druh odborn\u00e9ho v\u00fdcviku nebo p\u0159\u00edpravy \/ \u0161kolen\u00ed. Na\u0161e spole\u010dnost realizuje p\u0159eklady vysoko\u0161kolsk\u00fdch a univerzitn\u00edch diplom\u016f (vysoko\u0161kolsk\u00fd diplom, univerzitn\u00ed diplom, latinsk\u00fd diplom), jako\u017e i diplom\u016f o absolvov\u00e1n\u00ed nejr\u016fzn\u011bj\u0161\u00edch vzd\u011bl\u00e1vac\u00edch akc\u00ed, \u0161kolen\u00ed, workshop\u016f a instrukt\u00e1\u017e\u00ed.<\/strong><\/p>\t\t\t\t\t\t\t\t<\/div>\n\t\t<div class=\"elementor-element elementor-element-c72e7fa e-grid e-con-full e-con e-child\" data-id=\"c72e7fa\" data-element_type=\"container\" data-e-type=\"container\">\n\t\t\t\t<div class=\"elementor-element elementor-element-72aa654 elementor-widget elementor-widget-text-editor\" data-id=\"72aa654\" data-element_type=\"widget\" data-e-type=\"widget\" data-widget_type=\"text-editor.default\">\n\t\t\t\t\t\t\t\t\t<p>Nab\u00edz\u00edme v\u00e1m zhotoven\u00ed\u00a0<a href=\"https:\/\/nove.ilts.cz\/cs\/poskytovane-sluzby\/soudni-preklady\/\">soudn\u00edch p\u0159eklad\u016f<\/a> zahrani\u010dn\u00edch i \u010desk\u00fdch diplom\u016f v\u010detn\u011b\u00a0v\u0161ech p\u0159\u00edslu\u0161n\u00fdch ov\u011b\u0159en\u00ed:<\/p>\n<ul>\n<li><a href=\"https:\/\/nove.ilts.cz\/cs\/poskytovane-sluzby\/notarske-sluzby\/\">not\u00e1\u0159sk\u00e9 ov\u011b\u0159en\u00ed<\/a>,<\/li>\n<li><a href=\"https:\/\/nove.ilts.cz\/cs\/poskytovane-sluzby\/soudni-preklady\/\">soudn\u00ed ov\u011b\u0159en\u00ed<\/a>,\u00a0<\/li>\n<li><a href=\"https:\/\/nove.ilts.cz\/cs\/superlegalizace\/\">superlegalizace<\/a><\/li>\n<li><a href=\"https:\/\/nove.ilts.cz\/cs\/apostille\/\">apostila \/ apostilla \/ apostille<\/a><\/li>\n<\/ul>\n<p>\u00a0<\/p>\n<p>Dokument mus\u00ed b\u00fdt v\u017edy legalizov\u00e1n v zemi p\u016fvodu dokumentu. V\u00fd\u0161e uveden\u00e9 lze tedy zajistit na diplomy vydan\u00e9 \u010desk\u00fdmi vzd\u011bl\u00e1vac\u00edmi institucemi.<\/p>\n<p>Pokud m\u00e1te sv\u016fj zahrani\u010dn\u00ed diplom legalizovan\u00fd v zemi p\u016fvodu, tak m\u016f\u017eeme zajistit soudn\u011b ov\u011b\u0159en\u00fd p\u0159eklad pro pou\u017eit\u00ed na \u010desk\u00fdch \u00fa\u0159adech.<\/p>\t\t\t\t\t\t\t\t<\/div>\n\t\t\t\t<div class=\"elementor-element elementor-element-9b6178d elementor-widget elementor-widget-image\" data-id=\"9b6178d\" data-element_type=\"widget\" data-e-type=\"widget\" data-widget_type=\"image.default\">\n\t\t\t\t\t\t\t\t\t\t\t\t\t\t\t<img fetchpriority=\"high\" decoding=\"async\" width=\"800\" height=\"600\" src=\"https:\/\/nove.ilts.cz\/cs\/wp-content\/uploads\/sites\/8\/2025\/09\/m_diplom-1024x768.jpg\" class=\"attachment-large size-large wp-image-5668\" alt=\"\" srcset=\"https:\/\/nove.ilts.cz\/cs\/wp-content\/uploads\/sites\/8\/2025\/09\/m_diplom-1024x768.jpg 1024w, https:\/\/nove.ilts.cz\/cs\/wp-content\/uploads\/sites\/8\/2025\/09\/m_diplom-300x225.jpg 300w, https:\/\/nove.ilts.cz\/cs\/wp-content\/uploads\/sites\/8\/2025\/09\/m_diplom-768x576.jpg 768w, https:\/\/nove.ilts.cz\/cs\/wp-content\/uploads\/sites\/8\/2025\/09\/m_diplom.jpg 1120w\" sizes=\"(max-width: 800px) 100vw, 800px\" \/>\t\t\t\t\t\t\t\t\t\t\t\t\t\t\t<\/div>\n\t\t\t\t<\/div>\n\t\t\t\t<div class=\"elementor-element elementor-element-ea12497 elementor-widget elementor-widget-text-editor\" data-id=\"ea12497\" data-element_type=\"widget\" data-e-type=\"widget\" data-widget_type=\"text-editor.default\">\n\t\t\t\t\t\t\t\t\t<h3 class=\"wp-block-heading\">Term\u00edny vyhotoven\u00ed soudn\u00edch p\u0159eklad\u016f diplom\u016f<\/h3>\n<p><!-- \/wp:heading --><!-- wp:paragraph --><\/p>\n<p>Standardn\u00edm term\u00ednem vyhotoven\u00ed soudn\u00edho p\u0159ekladu diplomu jsou 3 pracovn\u00ed dny. Soudn\u00ed p\u0159eklady diplom\u016f v\u0161ak dod\u00e1v\u00e1me i v expresn\u00edch term\u00ednech dle aktu\u00e1ln\u00edch voln\u00fdch kapacit. Podrobnosti o term\u00ednech vyhotoven\u00ed p\u0159ekladu naleznete <a href=\"https:\/\/nove.ilts.cz\/cs\/jak-objednavat\/dodaci-lhuty\/\">zde<\/a>.\u00a0<\/p>\n<p><!-- \/wp:paragraph --><!-- wp:heading {\"level\":3} --><\/p>\n<h3 class=\"wp-block-heading\">Jazyky soudn\u00edch p\u0159eklad\u016f diplom\u016f<\/h3>\n<p><!-- \/wp:heading --><!-- wp:paragraph --><\/p>\n<p>Soudn\u00ed p\u0159eklady diplom\u016f jsme pro v\u00e1s schopni zajistit z\/do\u00a0v\u0161ech\u00a0 v\u00a0\u010cR ofici\u00e1ln\u011b registrovan\u00fdch\u00a0<a href=\"https:\/\/nove.ilts.cz\/cs\/home\/jazyky\/\">jazyk\u016f<\/a>.\u00a0Prov\u00e1d\u00edme rovn\u011b\u017e soudn\u00ed p\u0159eklady diplom\u016f v\u00a0kombinaci s\u00a0latinsk\u00fdm jazykem nebo jin\u00fdm ciz\u00edm jazykem.<\/p>\n<p><!-- \/wp:paragraph --><!-- wp:heading {\"level\":3} --><\/p>\n<h3>Zp\u016fsob dod\u00e1n\u00ed p\u0159eklad\u016f diplom\u016f<\/h3>\n<p><!-- \/wp:heading --><!-- wp:paragraph --><\/p>\n<p>Vyhotoven\u00fd p\u0159eklad diplomu si m\u016f\u017eete vyzvednout osobn\u011b u n\u00e1s v kancel\u00e1\u0159i nebo v\u00e1m jej m\u016f\u017eeme doru\u010dit po\u0161tou, e-mailem, kur\u00fdrem \u010di expresn\u00ed po\u0161tou a\u017e k va\u0161im ruk\u00e1m. Bli\u017e\u0161\u00ed informace o zp\u016fsobech objedn\u00e1v\u00e1n\u00ed a doru\u010dov\u00e1n\u00ed p\u0159eklad\u016f naleznete\u00a0<a href=\"https:\/\/nove.ilts.cz\/cs\/o-spolecnosti\/faq\/\">zde <\/a>v sekci Doru\u010den\u00ed a p\u0159evzet\u00ed.<\/p>\n<p><!-- \/wp:paragraph --><!-- wp:heading {\"level\":3} --><\/p>\n<h3 class=\"wp-block-heading\">Jak prov\u00e9st platbu za p\u0159eklady diplom\u016f?<\/h3>\n<p><!-- \/wp:heading --><!-- wp:paragraph --><\/p>\n<p>Platbu za p\u0159eklady diplom\u016f lze prov\u00e9st v\u00a0hotovosti, bankovn\u00edm p\u0159evodem,\u00a0platebn\u00ed kartou\u00a0na pobo\u010dce \u010di platebn\u00ed kartou p\u0159\u00edmo na na\u0161ich\u00a0<a href=\"https:\/\/nove.ilts.cz\/cs\/platebni-terminal\/\">webov\u00fdch str\u00e1nk\u00e1ch<\/a>. Pro podrobn\u011bj\u0161\u00ed informace o\u00a0zp\u016fsobech platby klikn\u011bte\u00a0<a href=\"https:\/\/nove.ilts.cz\/cs\/jak-objednavat\/moznosti-platby\/\">zde<\/a>.<\/p>\t\t\t\t\t\t\t\t<\/div>\n\t\t\t\t<div class=\"elementor-element elementor-element-9d0cb3a elementor-widget elementor-widget-text-editor\" data-id=\"9d0cb3a\" data-element_type=\"widget\" data-e-type=\"widget\" data-widget_type=\"text-editor.default\">\n\t\t\t\t\t\t\t\t\t<p><strong><em>Pro zodpov\u011bzen\u00ed dotaz\u016f ohledn\u011b kalkulace ceny konkr\u00e9tn\u00ed zak\u00e1zky ve v\u00e1mi po\u017eadovan\u00e9 jazykov\u00e9 kombinaci, ohledn\u011b konkr\u00e9tn\u00edho term\u00ednu \u010di pro z\u00edsk\u00e1n\u00ed jin\u00fdch informac\u00ed ohledn\u011b p\u0159eklad\u016f diplom\u016f se m\u016f\u017eete obr\u00e1tit p\u0159\u00edmo na na\u0161e kontaktn\u00ed m\u00edsta, a to\u00a0<\/em><\/strong><a href=\"https:\/\/nove.ilts.cz\/cs\/home\/home-3\/kontakt\/\"><strong><em>telefonicky<\/em><\/strong><\/a><strong><em>,\u00a0<\/em><\/strong><a href=\"mailto:ilts@ilts.cz\"><strong><em>e-mailem<\/em><\/strong><\/a><strong><em>\u00a0\u010di pomoc\u00ed\u00a0<\/em><\/strong><a href=\"https:\/\/nove.ilts.cz\/cs\/detailni-poptavka\/\"><strong><em>popt\u00e1vkov\u00e9ho formul\u00e1\u0159e<\/em><\/strong><\/a><strong><em>.<\/em><\/strong><\/p>\t\t\t\t\t\t\t\t<\/div>\n\t\t\t\t<div class=\"elementor-element elementor-element-2742c15 elementor-widget elementor-widget-spacer\" data-id=\"2742c15\" data-element_type=\"widget\" data-e-type=\"widget\" data-widget_type=\"spacer.default\">\n\t\t\t\t\t\t\t<div class=\"elementor-spacer\">\n\t\t\t<div class=\"elementor-spacer-inner\"><\/div>\n\t\t<\/div>\n\t\t\t\t\t\t<\/div>\n\t\t\t\t\t<\/div>\n\t\t\t\t<\/div>\n\t\t\t\t<\/div>\n\t\t","protected":false},"excerpt":{"rendered":"<p>P\u0159eklady diplom\u016f Diplom je listina (nebo jin\u00fd p\u00edsemn\u00fd dokument), kter\u00fd stvrzuje skute\u010dnost, \u017ee dan\u00e1 osoba absolvovala ur\u010dit\u00fd typ vzd\u011bl\u00e1n\u00ed \u010di ur\u010dit\u00fd druh odborn\u00e9ho v\u00fdcviku nebo p\u0159\u00edpravy \/ \u0161kolen\u00ed. Na\u0161e spole\u010dnost realizuje p\u0159eklady vysoko\u0161kolsk\u00fdch a univerzitn\u00edch diplom\u016f (vysoko\u0161kolsk\u00fd diplom, univerzitn\u00ed diplom, latinsk\u00fd diplom), jako\u017e i diplom\u016f o absolvov\u00e1n\u00ed nejr\u016fzn\u011bj\u0161\u00edch vzd\u011bl\u00e1vac\u00edch akc\u00ed, \u0161kolen\u00ed, workshop\u016f a instrukt\u00e1\u017e\u00ed. Nab\u00edz\u00edme [&hellip;]<\/p>\n","protected":false},"author":2,"featured_media":0,"parent":0,"menu_order":0,"comment_status":"closed","ping_status":"closed","template":"","meta":{"footnotes":""},"class_list":["post-5657","page","type-page","status-publish","hentry"],"_links":{"self":[{"href":"https:\/\/nove.ilts.cz\/cs\/wp-json\/wp\/v2\/pages\/5657","targetHints":{"allow":["GET"]}}],"collection":[{"href":"https:\/\/nove.ilts.cz\/cs\/wp-json\/wp\/v2\/pages"}],"about":[{"href":"https:\/\/nove.ilts.cz\/cs\/wp-json\/wp\/v2\/types\/page"}],"author":[{"embeddable":true,"href":"https:\/\/nove.ilts.cz\/cs\/wp-json\/wp\/v2\/users\/2"}],"replies":[{"embeddable":true,"href":"https:\/\/nove.ilts.cz\/cs\/wp-json\/wp\/v2\/comments?post=5657"}],"version-history":[{"count":22,"href":"https:\/\/nove.ilts.cz\/cs\/wp-json\/wp\/v2\/pages\/5657\/revisions"}],"predecessor-version":[{"id":7527,"href":"https:\/\/nove.ilts.cz\/cs\/wp-json\/wp\/v2\/pages\/5657\/revisions\/7527"}],"wp:attachment":[{"href":"https:\/\/nove.ilts.cz\/cs\/wp-json\/wp\/v2\/media?parent=5657"}],"curies":[{"name":"wp","href":"https:\/\/api.w.org\/{rel}","templated":true}]}}