{"id":561,"date":"2025-01-10T17:15:24","date_gmt":"2025-01-10T16:15:24","guid":{"rendered":"https:\/\/nove.ilts.cz\/cs\/?page_id=561"},"modified":"2026-02-04T12:53:53","modified_gmt":"2026-02-04T11:53:53","slug":"dodaci-lhuty","status":"publish","type":"page","link":"https:\/\/nove.ilts.cz\/cs\/jak-objednavat\/dodaci-lhuty\/","title":{"rendered":"Dodac\u00ed lh\u016fty"},"content":{"rendered":"\t\t<div data-elementor-type=\"wp-page\" data-elementor-id=\"561\" class=\"elementor elementor-561\" data-elementor-post-type=\"page\">\n\t\t\t\t\t\t<section class=\"elementor-section elementor-top-section elementor-element elementor-element-44117394 elementor-section-boxed elementor-section-height-default elementor-section-height-default\" data-id=\"44117394\" data-element_type=\"section\" data-e-type=\"section\" data-settings=\"{&quot;background_background&quot;:&quot;classic&quot;}\">\n\t\t\t\t\t\t\t<div class=\"elementor-background-overlay\"><\/div>\n\t\t\t\t\t\t\t<div class=\"elementor-container elementor-column-gap-no\">\n\t\t\t\t\t<div class=\"elementor-column elementor-col-50 elementor-top-column elementor-element elementor-element-19309576\" data-id=\"19309576\" data-element_type=\"column\" data-e-type=\"column\">\n\t\t\t<div class=\"elementor-widget-wrap elementor-element-populated\">\n\t\t\t\t\t\t<div class=\"elementor-element elementor-element-238f95bb elementor-widget elementor-widget-heading\" data-id=\"238f95bb\" data-element_type=\"widget\" data-e-type=\"widget\" data-widget_type=\"heading.default\">\n\t\t\t\t\t<h6 class=\"elementor-heading-title elementor-size-default\">Jak objedn\u00e1vat<\/h6>\t\t\t\t<\/div>\n\t\t\t\t\t<\/div>\n\t\t<\/div>\n\t\t\t\t<div class=\"elementor-column elementor-col-50 elementor-top-column elementor-element elementor-element-710b940e\" data-id=\"710b940e\" data-element_type=\"column\" data-e-type=\"column\">\n\t\t\t<div class=\"elementor-widget-wrap elementor-element-populated\">\n\t\t\t\t\t\t<div class=\"elementor-element elementor-element-10589112 elementor-icon-list--layout-inline elementor-align-end elementor-mobile-align-start elementor-list-item-link-full_width elementor-widget elementor-widget-icon-list\" data-id=\"10589112\" data-element_type=\"widget\" data-e-type=\"widget\" data-widget_type=\"icon-list.default\">\n\t\t\t\t\t\t\t<ul class=\"elementor-icon-list-items elementor-inline-items\">\n\t\t\t\t\t\t\t<li class=\"elementor-icon-list-item elementor-inline-item\">\n\t\t\t\t\t\t\t\t\t\t\t<span class=\"elementor-icon-list-icon\">\n\t\t\t\t\t\t\t<svg aria-hidden=\"true\" class=\"e-font-icon-svg e-fas-home\" viewBox=\"0 0 576 512\" xmlns=\"http:\/\/www.w3.org\/2000\/svg\"><path d=\"M280.37 148.26L96 300.11V464a16 16 0 0 0 16 16l112.06-.29a16 16 0 0 0 15.92-16V368a16 16 0 0 1 16-16h64a16 16 0 0 1 16 16v95.64a16 16 0 0 0 16 16.05L464 480a16 16 0 0 0 16-16V300L295.67 148.26a12.19 12.19 0 0 0-15.3 0zM571.6 251.47L488 182.56V44.05a12 12 0 0 0-12-12h-56a12 12 0 0 0-12 12v72.61L318.47 43a48 48 0 0 0-61 0L4.34 251.47a12 12 0 0 0-1.6 16.9l25.5 31A12 12 0 0 0 45.15 301l235.22-193.74a12.19 12.19 0 0 1 15.3 0L530.9 301a12 12 0 0 0 16.9-1.6l25.5-31a12 12 0 0 0-1.7-16.93z\"><\/path><\/svg>\t\t\t\t\t\t<\/span>\n\t\t\t\t\t\t\t\t\t\t<span class=\"elementor-icon-list-text\">Home<\/span>\n\t\t\t\t\t\t\t\t\t<\/li>\n\t\t\t\t\t\t\t\t<li class=\"elementor-icon-list-item elementor-inline-item\">\n\t\t\t\t\t\t\t\t\t\t\t<span class=\"elementor-icon-list-icon\">\n\t\t\t\t\t\t\t<svg aria-hidden=\"true\" class=\"e-font-icon-svg e-fas-angle-right\" viewBox=\"0 0 256 512\" xmlns=\"http:\/\/www.w3.org\/2000\/svg\"><path d=\"M224.3 273l-136 136c-9.4 9.4-24.6 9.4-33.9 0l-22.6-22.6c-9.4-9.4-9.4-24.6 0-33.9l96.4-96.4-96.4-96.4c-9.4-9.4-9.4-24.6 0-33.9L54.3 103c9.4-9.4 24.6-9.4 33.9 0l136 136c9.5 9.4 9.5 24.6.1 34z\"><\/path><\/svg>\t\t\t\t\t\t<\/span>\n\t\t\t\t\t\t\t\t\t\t<span class=\"elementor-icon-list-text\"><\/span>\n\t\t\t\t\t\t\t\t\t<\/li>\n\t\t\t\t\t\t<\/ul>\n\t\t\t\t\t\t<\/div>\n\t\t\t\t\t<\/div>\n\t\t<\/div>\n\t\t\t\t\t<\/div>\n\t\t<\/section>\n\t\t<div class=\"elementor-element elementor-element-d65cbca e-flex e-con-boxed e-con e-parent\" data-id=\"d65cbca\" data-element_type=\"container\" data-e-type=\"container\">\n\t\t\t\t\t<div class=\"e-con-inner\">\n\t\t\t\t<div class=\"elementor-element elementor-element-92df928 elementor-hidden-tablet elementor-hidden-mobile elementor-widget elementor-widget-spacer\" data-id=\"92df928\" data-element_type=\"widget\" data-e-type=\"widget\" data-widget_type=\"spacer.default\">\n\t\t\t\t\t\t\t<div class=\"elementor-spacer\">\n\t\t\t<div class=\"elementor-spacer-inner\"><\/div>\n\t\t<\/div>\n\t\t\t\t\t\t<\/div>\n\t\t\t\t\t<\/div>\n\t\t\t\t<\/div>\n\t\t\t\t<section class=\"elementor-section elementor-top-section elementor-element elementor-element-f5c9944 elementor-section-boxed elementor-section-height-default elementor-section-height-default\" data-id=\"f5c9944\" data-element_type=\"section\" data-e-type=\"section\" data-settings=\"{&quot;background_background&quot;:&quot;classic&quot;}\">\n\t\t\t\t\t\t<div class=\"elementor-container elementor-column-gap-no\">\n\t\t\t\t\t<div class=\"elementor-column elementor-col-50 elementor-top-column elementor-element elementor-element-dc96297\" data-id=\"dc96297\" data-element_type=\"column\" data-e-type=\"column\">\n\t\t\t<div class=\"elementor-widget-wrap elementor-element-populated\">\n\t\t\t\t\t\t<section class=\"elementor-section elementor-inner-section elementor-element elementor-element-ab4dcb0 elementor-section-boxed elementor-section-height-default elementor-section-height-default\" data-id=\"ab4dcb0\" data-element_type=\"section\" data-e-type=\"section\">\n\t\t\t\t\t\t<div class=\"elementor-container elementor-column-gap-no\">\n\t\t\t\t\t<div class=\"elementor-column elementor-col-100 elementor-inner-column elementor-element elementor-element-26b628a\" data-id=\"26b628a\" data-element_type=\"column\" data-e-type=\"column\">\n\t\t\t<div class=\"elementor-widget-wrap elementor-element-populated\">\n\t\t\t\t\t\t<div class=\"elementor-element elementor-element-202a675 elementor-widget__width-auto elementor-widget elementor-widget-image\" data-id=\"202a675\" data-element_type=\"widget\" data-e-type=\"widget\" data-widget_type=\"image.default\">\n\t\t\t\t\t\t\t\t\t\t\t\t\t\t\t<img decoding=\"async\" width=\"36\" height=\"36\" src=\"https:\/\/nove.ilts.cz\/cs\/wp-content\/uploads\/sites\/8\/2024\/12\/ChatQuoteFill.png\" class=\"attachment-large size-large wp-image-50\" alt=\"\" \/>\t\t\t\t\t\t\t\t\t\t\t\t\t\t\t<\/div>\n\t\t\t\t<div class=\"elementor-element elementor-element-484ddc9 elementor-widget__width-auto elementor-invisible elementor-widget elementor-widget-heading\" data-id=\"484ddc9\" data-element_type=\"widget\" data-e-type=\"widget\" data-settings=\"{&quot;_animation&quot;:&quot;fadeInUp&quot;}\" data-widget_type=\"heading.default\">\n\t\t\t\t\t<h3 class=\"elementor-heading-title elementor-size-default\">Jak\u00e9 jsou na\u0161e dodac\u00ed lh\u016fty?<\/h3>\t\t\t\t<\/div>\n\t\t\t\t\t<\/div>\n\t\t<\/div>\n\t\t\t\t\t<\/div>\n\t\t<\/section>\n\t\t\t\t<div class=\"elementor-element elementor-element-cb37604 elementor-widget__width-initial elementor-widget elementor-widget-text-editor\" data-id=\"cb37604\" data-element_type=\"widget\" data-e-type=\"widget\" data-widget_type=\"text-editor.default\">\n\t\t\t\t\t\t\t\t\t<p>Na\u0161e spole\u010dnost se op\u00edr\u00e1 o \u0161irokou z\u00e1kladnu intern\u00edch i extern\u00edch p\u0159ekladatel\u016f. To n\u00e1m umo\u017e\u0148uje flexibiln\u011b reagovat na zv\u00fd\u0161enou \u010di mimo\u0159\u00e1dnou popt\u00e1vku ze strany na\u0161ich z\u00e1kazn\u00edk\u016f a realizovat p\u0159eklady v kr\u00e1tk\u00fdch dodac\u00edch lh\u016ft\u00e1ch. Term\u00edn dod\u00e1n\u00ed je z na\u0161\u00ed strany v\u017edy z\u00e1vazn\u011b potvrzen (potvrzen\u00ed objedn\u00e1vky &#8211; objedn\u00e1vkov\u00fd formul\u00e1\u0159).<\/p><h4><a href=\"https:\/\/nove.ilts.cz\/cs\/poskytovane-sluzby\/preklady\/\">P\u0159eklady<\/a> a <a href=\"https:\/\/nove.ilts.cz\/cs\/poskytovane-sluzby\/soudni-preklady\/\">Soudn\u00ed p\u0159eklady<\/a><\/h4><ul><li>Standardn\u00ed term\u00edn vyhotoven\u00ed &#8211; <strong>2-3 pracovn\u00ed dny<\/strong><\/li><li>Expresn\u00ed term\u00edn vyhotoven\u00ed &#8211; <strong>do 4-24 hodin*\u00a0<\/strong><\/li><\/ul><h4><a href=\"https:\/\/nove.ilts.cz\/cs\/poskytovane-sluzby\/legalizace-apostille\/\">Ov\u011b\u0159en\u00ed apostille<\/a><\/h4><ul><li>Standardn\u00ed term\u00edn vyhotoven\u00ed &#8211; <strong>2-3 pracovn\u00ed dny<\/strong><\/li><li>Expresn\u00ed term\u00edn vyhotoven\u00ed &#8211; dle dohody*<\/li><\/ul><h4><a href=\"https:\/\/nove.ilts.cz\/cs\/superlegalizace\/\">Superlegalizace<\/a><\/h4><ul><li>Standardn\u00ed term\u00edn vyhotoven\u00ed &#8211; <strong>4-10 pracovn\u00edch dn\u016f<\/strong><\/li><li>Expresn\u00ed term\u00edn vyhotoven\u00ed &#8211; dle dohody*<\/li><\/ul>\t\t\t\t\t\t\t\t<\/div>\n\t\t\t\t\t<\/div>\n\t\t<\/div>\n\t\t\t\t<div class=\"elementor-column elementor-col-50 elementor-top-column elementor-element elementor-element-a08022a elementor-hidden-tablet elementor-hidden-mobile\" data-id=\"a08022a\" data-element_type=\"column\" data-e-type=\"column\" data-settings=\"{&quot;background_background&quot;:&quot;classic&quot;}\">\n\t\t\t<div class=\"elementor-widget-wrap elementor-element-populated\">\n\t\t\t\t\t\t<div class=\"elementor-element elementor-element-da0b818 elementor-widget elementor-widget-spacer\" data-id=\"da0b818\" data-element_type=\"widget\" data-e-type=\"widget\" data-widget_type=\"spacer.default\">\n\t\t\t\t\t\t\t<div class=\"elementor-spacer\">\n\t\t\t<div class=\"elementor-spacer-inner\"><\/div>\n\t\t<\/div>\n\t\t\t\t\t\t<\/div>\n\t\t\t\t\t<\/div>\n\t\t<\/div>\n\t\t\t\t\t<\/div>\n\t\t<\/section>\n\t\t<div class=\"elementor-element elementor-element-2302d17 e-flex e-con-boxed e-con e-parent\" data-id=\"2302d17\" data-element_type=\"container\" data-e-type=\"container\">\n\t\t\t\t\t<div class=\"e-con-inner\">\n\t\t\t\t<div class=\"elementor-element elementor-element-5ee5e9d elementor-widget elementor-widget-text-editor\" data-id=\"5ee5e9d\" data-element_type=\"widget\" data-e-type=\"widget\" data-widget_type=\"text-editor.default\">\n\t\t\t\t\t\t\t\t\t<p><strong><span style=\"color: var( --e-global-color-text );font-family: var( --e-global-typography-text-font-family ), Sans-serif;font-size: var( --e-global-typography-text-font-size );font-style: var( --e-global-typography-text-font-style );text-align: var(--text-align)\">*<\/span><\/strong> <span style=\"text-decoration: underline\"><strong style=\"color: var( --e-global-color-text );font-family: var( --e-global-typography-text-font-family ), Sans-serif;font-size: var( --e-global-typography-text-font-size );font-style: var( --e-global-typography-text-font-style );text-align: var(--text-align);text-decoration: underline\">Upozorn\u011bn\u00ed<\/strong><\/span><span style=\"color: var( --e-global-color-text );font-family: var( --e-global-typography-text-font-family ), Sans-serif;font-size: var( --e-global-typography-text-font-size );font-style: var( --e-global-typography-text-font-style );font-weight: var( --e-global-typography-text-font-weight );text-align: var(--text-align)\"><span style=\"text-decoration: underline\">:<\/span> Term\u00edny jsou limitov\u00e1ny danou jazykovou kombinac\u00ed, rozsahem d\u00edla, jako\u017e i procedurami a \u00fakony spojen\u00fdmi s p\u0159\u00edslu\u0161n\u00fdmi typy p\u0159eklad\u016f. Realizaci term\u00ednu V\u00e1m na z\u00e1klad\u011b Va\u0161\u00ed popt\u00e1vky obratem potvrd\u00edme \u010di V\u00e1m nab\u00eddneme jin\u00fd, nejbli\u017e\u0161\u00ed mo\u017en\u00fd term\u00edn.<\/span><\/p><p><strong>*<\/strong> Pro ov\u011b\u0159en\u00ed mo\u017enosti expresn\u00edho vyhotoven\u00ed n\u00e1s pros\u00edm kontaktujte. Slu\u017eby jsou v\u00e1z\u00e1ny na \u00fa\u0159edn\u00ed \u00fakony, jejich\u017e vyhotoven\u00ed nem\u016f\u017eeme ovlivnit.\u00a0\u00a0<\/p>\t\t\t\t\t\t\t\t<\/div>\n\t\t\t\t\t<\/div>\n\t\t\t\t<\/div>\n\t\t\t\t<\/div>\n\t\t","protected":false},"excerpt":{"rendered":"<p>Jak objedn\u00e1vat Home Jak\u00e9 jsou na\u0161e dodac\u00ed lh\u016fty? Na\u0161e spole\u010dnost se op\u00edr\u00e1 o \u0161irokou z\u00e1kladnu intern\u00edch i extern\u00edch p\u0159ekladatel\u016f. To n\u00e1m umo\u017e\u0148uje flexibiln\u011b reagovat na zv\u00fd\u0161enou \u010di mimo\u0159\u00e1dnou popt\u00e1vku ze strany na\u0161ich z\u00e1kazn\u00edk\u016f a realizovat p\u0159eklady v kr\u00e1tk\u00fdch dodac\u00edch lh\u016ft\u00e1ch. Term\u00edn dod\u00e1n\u00ed je z na\u0161\u00ed strany v\u017edy z\u00e1vazn\u011b potvrzen (potvrzen\u00ed objedn\u00e1vky &#8211; objedn\u00e1vkov\u00fd formul\u00e1\u0159). P\u0159eklady [&hellip;]<\/p>\n","protected":false},"author":2,"featured_media":0,"parent":2,"menu_order":0,"comment_status":"closed","ping_status":"closed","template":"","meta":{"footnotes":""},"class_list":["post-561","page","type-page","status-publish","hentry"],"_links":{"self":[{"href":"https:\/\/nove.ilts.cz\/cs\/wp-json\/wp\/v2\/pages\/561","targetHints":{"allow":["GET"]}}],"collection":[{"href":"https:\/\/nove.ilts.cz\/cs\/wp-json\/wp\/v2\/pages"}],"about":[{"href":"https:\/\/nove.ilts.cz\/cs\/wp-json\/wp\/v2\/types\/page"}],"author":[{"embeddable":true,"href":"https:\/\/nove.ilts.cz\/cs\/wp-json\/wp\/v2\/users\/2"}],"replies":[{"embeddable":true,"href":"https:\/\/nove.ilts.cz\/cs\/wp-json\/wp\/v2\/comments?post=561"}],"version-history":[{"count":71,"href":"https:\/\/nove.ilts.cz\/cs\/wp-json\/wp\/v2\/pages\/561\/revisions"}],"predecessor-version":[{"id":7329,"href":"https:\/\/nove.ilts.cz\/cs\/wp-json\/wp\/v2\/pages\/561\/revisions\/7329"}],"up":[{"embeddable":true,"href":"https:\/\/nove.ilts.cz\/cs\/wp-json\/wp\/v2\/pages\/2"}],"wp:attachment":[{"href":"https:\/\/nove.ilts.cz\/cs\/wp-json\/wp\/v2\/media?parent=561"}],"curies":[{"name":"wp","href":"https:\/\/api.w.org\/{rel}","templated":true}]}}