{"id":5584,"date":"2025-09-11T09:12:28","date_gmt":"2025-09-11T07:12:28","guid":{"rendered":"https:\/\/nove.ilts.cz\/cs\/?page_id=5584"},"modified":"2026-05-13T12:26:07","modified_gmt":"2026-05-13T10:26:07","slug":"prehled-dokumentu","status":"publish","type":"page","link":"https:\/\/nove.ilts.cz\/cs\/prehled-dokumentu\/","title":{"rendered":"P\u0159ehled dokument\u016f"},"content":{"rendered":"\t\t<div data-elementor-type=\"wp-page\" data-elementor-id=\"5584\" class=\"elementor elementor-5584\" data-elementor-post-type=\"page\">\n\t\t\t\t<div class=\"elementor-element elementor-element-35f959ce e-flex e-con-boxed e-con e-parent\" data-id=\"35f959ce\" data-element_type=\"container\" data-e-type=\"container\">\n\t\t\t\t\t<div class=\"e-con-inner\">\n\t\t\t\t<div class=\"elementor-element elementor-element-384637d elementor-widget elementor-widget-spacer\" data-id=\"384637d\" data-element_type=\"widget\" data-e-type=\"widget\" data-widget_type=\"spacer.default\">\n\t\t\t\t\t\t\t<div class=\"elementor-spacer\">\n\t\t\t<div class=\"elementor-spacer-inner\"><\/div>\n\t\t<\/div>\n\t\t\t\t\t\t<\/div>\n\t\t\t\t<div class=\"elementor-element elementor-element-5602808 elementor-widget elementor-widget-heading\" data-id=\"5602808\" data-element_type=\"widget\" data-e-type=\"widget\" data-widget_type=\"heading.default\">\n\t\t\t\t\t<h2 class=\"elementor-heading-title elementor-size-default\">P\u0159ehled dokument\u016f<\/h2>\t\t\t\t<\/div>\n\t\t\t\t<div class=\"elementor-element elementor-element-be60137 elementor-widget elementor-widget-text-editor\" data-id=\"be60137\" data-element_type=\"widget\" data-e-type=\"widget\" data-widget_type=\"text-editor.default\">\n\t\t\t\t\t\t\t\t\t<p>N\u00ed\u017ee uv\u00e1d\u00edme p\u0159ehled z\u00e1kladn\u00edch \u00fa\u0159edn\u00edch dokument\u016f, je\u017e p\u0159ekl\u00e1d\u00e1 na\u0161e spole\u010dnost. Dokumenty jsou z\u00e1rove\u0148 v\u017edy opat\u0159eny v\u0161emi pot\u0159ebn\u00fdmi ov\u011b\u0159en\u00edmi vy\u017eadovan\u00fdmi \u00fa\u0159ady, org\u00e1ny a institucemi v m\u00edst\u011b ur\u010den\u00ed dle Va\u0161ich po\u017eadavk\u016f.<\/p>\t\t\t\t\t\t\t\t<\/div>\n\t\t<div class=\"elementor-element elementor-element-a2d0685 e-grid e-con-full e-con e-child\" data-id=\"a2d0685\" data-element_type=\"container\" data-e-type=\"container\">\n\t\t\t\t<div class=\"elementor-element elementor-element-34f8554 elementor-widget elementor-widget-text-editor\" data-id=\"34f8554\" data-element_type=\"widget\" data-e-type=\"widget\" data-widget_type=\"text-editor.default\">\n\t\t\t\t\t\t\t\t\t<ul class=\"wp-block-list\">\n<li>Apostila \/ apostille \/ apostilla<\/li>\n<!-- \/wp:list-item --><!-- wp:list-item -->\n<li>Rozvahy a dal\u0161\u00ed \u00fa\u010detn\u00ed v\u00fdkazy<\/li>\n<!-- \/wp:list-item --><!-- wp:list-item -->\n<li>Certifik\u00e1ty<\/li>\n<!-- \/wp:list-item --><!-- wp:list-item -->\n<li>Da\u0148ov\u00e1 p\u0159izn\u00e1n\u00ed (fyzick\u00e9 i pr\u00e1vnick\u00e9 osoby)<\/li>\n<!-- \/wp:list-item --><!-- wp:list-item -->\n<li><a href=\"https:\/\/nove.ilts.cz\/cs\/preklady-diplomu\/\">Diplomy<\/a><\/li>\n<!-- \/wp:list-item --><!-- wp:list-item -->\n<li><a href=\"https:\/\/nove.ilts.cz\/cs\/jak-zaridit-svatbu-v-zahranici-krok-za-krokem\/\">Dokumenty pot\u0159ebn\u00e9 k\u00a0uzav\u0159en\u00ed man\u017eelstv\u00ed<\/a><\/li>\n<!-- \/wp:list-item --><!-- wp:list-item -->\n<li>Koncesn\u00ed listiny<\/li>\n<li>L\u00e9ka\u0159sk\u00e9 zpr\u00e1vy (nutno p\u0159edem ov\u011b\u0159it mo\u017enosti p\u0159ekladu)<\/li>\n<!-- \/wp:list-item --><!-- wp:list-item --><!-- \/wp:list-item --><!-- wp:list-item -->\n<li>Not\u00e1\u0159sk\u00e9 dolo\u017eky<\/li>\n<!-- \/wp:list-item --><!-- wp:list-item -->\n<li>Not\u00e1\u0159sk\u00e9 z\u00e1pisy<\/li>\n<!-- \/wp:list-item --><!-- wp:list-item -->\n<li>Ob\u010dansk\u00e9 pr\u016fkazy\u00a0<\/li>\n<!-- \/wp:list-item --><!-- wp:list-item -->\n<li><a href=\"https:\/\/nove.ilts.cz\/cs\/preklady-oddacich-listu\/\">Oddac\u00ed listy\u00a0<\/a><\/li>\n<!-- \/wp:list-item --><!-- wp:list-item -->\n<li>Osv\u011bd\u010den\u00ed\u00a0<\/li>\n<!-- \/wp:list-item --><!-- wp:list-item -->\n<li>Pas<\/li>\n<!-- \/wp:list-item --><!-- wp:list-item -->\n<li>Pln\u00e9 moci\u00a0<\/li>\n<!-- \/wp:list-item --><!-- wp:list-item -->\n<li>Potvrzen\u00ed o bezdlu\u017enosti od finan\u010dn\u00edch \u00fa\u0159ad\u016f<\/li>\n<!-- \/wp:list-item --><!-- wp:list-item -->\n<li>Potvrzen\u00ed o v\u00fd\u0161i p\u0159\u00edjm\u016f od zam\u011bstnavatel\u016f<\/li>\n<!-- \/wp:list-item --><!-- wp:list-item -->\n<li>Potvrzen\u00ed o v\u00fd\u0161i z\u016fstatku na bankovn\u00edm \u00fa\u010dtu<\/li>\n<!-- \/wp:list-item --><!-- wp:list-item -->\n<li>Potvrzen\u00ed o zam\u011bstn\u00e1n\u00ed<\/li>\n<!-- \/wp:list-item --><!-- wp:list-item -->\n<li>Pr\u016fkazy a\u00a0doklady toto\u017enosti<\/li>\n<!-- \/wp:list-item --><!-- wp:list-item -->\n<li><a href=\"https:\/\/nove.ilts.cz\/cs\/preklady-rodnych-listu\/\">Rodn\u00fd list\u00a0<\/a><\/li>\n<!-- \/wp:list-item --><!-- wp:list-item -->\n<li>\u0158idi\u010dsk\u00e9 pr\u016fkazy<\/li>\n<!-- \/wp:list-item --><!-- wp:list-item -->\n<li>Smlouvy<\/li>\n<!-- \/wp:list-item --><!-- wp:list-item -->\n<li>Soudn\u00ed rozsudky<\/li>\n<!-- \/wp:list-item --><!-- wp:list-item -->\n<li>Spole\u010densk\u00e9 smlouvy<\/li>\n<!-- \/wp:list-item --><!-- wp:list-item -->\n<li>Technick\u00e9 pr\u016fkazy<\/li>\n<!-- \/wp:list-item --><!-- wp:list-item -->\n<li>\u00damrtn\u00ed listy<\/li>\n<!-- \/wp:list-item --><!-- wp:list-item -->\n<li><a href=\"https:\/\/nove.ilts.cz\/cs\/preklady-vysvedceni\/\">Vysv\u011bd\u010den\u00ed<\/a><\/li>\n<!-- \/wp:list-item --><!-- wp:list-item -->\n<li>V\u00fdkazy zisk\u016f a ztr\u00e1t<\/li>\n<!-- \/wp:list-item --><!-- wp:list-item -->\n<li><a href=\"https:\/\/nove.ilts.cz\/cs\/preklady-vypisu-z-obchodniho-rejstriku\/\">V\u00fdpisy z obchodn\u00edho rejst\u0159\u00edku<\/a><\/li>\n<!-- \/wp:list-item --><!-- wp:list-item -->\n<li><a href=\"https:\/\/nove.ilts.cz\/cs\/preklady-vypisu-z-rejstriku-trestu\/\">V\u00fdpisy z rejst\u0159\u00edku trest\u016f<\/a><\/li>\n<!-- \/wp:list-item --><!-- wp:list-item -->\n<li>\u017divnostensk\u00e9 listy<\/li>\n<\/ul>\t\t\t\t\t\t\t\t<\/div>\n\t\t<div class=\"elementor-element elementor-element-ba681b4 e-con-full e-flex e-con e-child\" data-id=\"ba681b4\" data-element_type=\"container\" data-e-type=\"container\">\n\t\t<div class=\"elementor-element elementor-element-9697321 e-grid e-con-full e-con e-child\" data-id=\"9697321\" data-element_type=\"container\" data-e-type=\"container\">\n\t\t\t\t<div class=\"elementor-element elementor-element-155bbe9 elementor-widget elementor-widget-image\" data-id=\"155bbe9\" data-element_type=\"widget\" data-e-type=\"widget\" data-widget_type=\"image.default\">\n\t\t\t\t\t\t\t\t\t\t\t\t\t\t\t<img fetchpriority=\"high\" decoding=\"async\" width=\"800\" height=\"713\" src=\"https:\/\/nove.ilts.cz\/cs\/wp-content\/uploads\/sites\/8\/2025\/09\/m_Dokumenty-3_stul.jpg\" class=\"attachment-large size-large wp-image-5632\" alt=\"\" srcset=\"https:\/\/nove.ilts.cz\/cs\/wp-content\/uploads\/sites\/8\/2025\/09\/m_Dokumenty-3_stul.jpg 990w, https:\/\/nove.ilts.cz\/cs\/wp-content\/uploads\/sites\/8\/2025\/09\/m_Dokumenty-3_stul-300x267.jpg 300w, https:\/\/nove.ilts.cz\/cs\/wp-content\/uploads\/sites\/8\/2025\/09\/m_Dokumenty-3_stul-768x684.jpg 768w\" sizes=\"(max-width: 800px) 100vw, 800px\" \/>\t\t\t\t\t\t\t\t\t\t\t\t\t\t\t<\/div>\n\t\t\t\t<div class=\"elementor-element elementor-element-37c698a elementor-widget elementor-widget-image\" data-id=\"37c698a\" data-element_type=\"widget\" data-e-type=\"widget\" data-widget_type=\"image.default\">\n\t\t\t\t\t\t\t\t\t\t\t\t\t\t\t<img decoding=\"async\" width=\"800\" height=\"755\" src=\"https:\/\/nove.ilts.cz\/cs\/wp-content\/uploads\/sites\/8\/2025\/09\/m_Dokumenty-2_balkon-1.jpg\" class=\"attachment-large size-large wp-image-5635\" alt=\"\" srcset=\"https:\/\/nove.ilts.cz\/cs\/wp-content\/uploads\/sites\/8\/2025\/09\/m_Dokumenty-2_balkon-1.jpg 1020w, https:\/\/nove.ilts.cz\/cs\/wp-content\/uploads\/sites\/8\/2025\/09\/m_Dokumenty-2_balkon-1-300x283.jpg 300w, https:\/\/nove.ilts.cz\/cs\/wp-content\/uploads\/sites\/8\/2025\/09\/m_Dokumenty-2_balkon-1-768x725.jpg 768w\" sizes=\"(max-width: 800px) 100vw, 800px\" \/>\t\t\t\t\t\t\t\t\t\t\t\t\t\t\t<\/div>\n\t\t\t\t<\/div>\n\t\t\t\t<\/div>\n\t\t\t\t<\/div>\n\t\t\t\t<div class=\"elementor-element elementor-element-f028c6f elementor-widget elementor-widget-spacer\" data-id=\"f028c6f\" data-element_type=\"widget\" data-e-type=\"widget\" data-widget_type=\"spacer.default\">\n\t\t\t\t\t\t\t<div class=\"elementor-spacer\">\n\t\t\t<div class=\"elementor-spacer-inner\"><\/div>\n\t\t<\/div>\n\t\t\t\t\t\t<\/div>\n\t\t\t\t\t<\/div>\n\t\t\t\t<\/div>\n\t\t\t\t<\/div>\n\t\t","protected":false},"excerpt":{"rendered":"<p>P\u0159ehled dokument\u016f N\u00ed\u017ee uv\u00e1d\u00edme p\u0159ehled z\u00e1kladn\u00edch \u00fa\u0159edn\u00edch dokument\u016f, je\u017e p\u0159ekl\u00e1d\u00e1 na\u0161e spole\u010dnost. Dokumenty jsou z\u00e1rove\u0148 v\u017edy opat\u0159eny v\u0161emi pot\u0159ebn\u00fdmi ov\u011b\u0159en\u00edmi vy\u017eadovan\u00fdmi \u00fa\u0159ady, org\u00e1ny a institucemi v m\u00edst\u011b ur\u010den\u00ed dle Va\u0161ich po\u017eadavk\u016f. Apostila \/ apostille \/ apostilla Rozvahy a dal\u0161\u00ed \u00fa\u010detn\u00ed v\u00fdkazy Certifik\u00e1ty Da\u0148ov\u00e1 p\u0159izn\u00e1n\u00ed (fyzick\u00e9 i pr\u00e1vnick\u00e9 osoby) Diplomy Dokumenty pot\u0159ebn\u00e9 k\u00a0uzav\u0159en\u00ed man\u017eelstv\u00ed Koncesn\u00ed listiny [&hellip;]<\/p>\n","protected":false},"author":2,"featured_media":0,"parent":0,"menu_order":0,"comment_status":"closed","ping_status":"closed","template":"","meta":{"footnotes":""},"class_list":["post-5584","page","type-page","status-publish","hentry"],"_links":{"self":[{"href":"https:\/\/nove.ilts.cz\/cs\/wp-json\/wp\/v2\/pages\/5584","targetHints":{"allow":["GET"]}}],"collection":[{"href":"https:\/\/nove.ilts.cz\/cs\/wp-json\/wp\/v2\/pages"}],"about":[{"href":"https:\/\/nove.ilts.cz\/cs\/wp-json\/wp\/v2\/types\/page"}],"author":[{"embeddable":true,"href":"https:\/\/nove.ilts.cz\/cs\/wp-json\/wp\/v2\/users\/2"}],"replies":[{"embeddable":true,"href":"https:\/\/nove.ilts.cz\/cs\/wp-json\/wp\/v2\/comments?post=5584"}],"version-history":[{"count":70,"href":"https:\/\/nove.ilts.cz\/cs\/wp-json\/wp\/v2\/pages\/5584\/revisions"}],"predecessor-version":[{"id":7524,"href":"https:\/\/nove.ilts.cz\/cs\/wp-json\/wp\/v2\/pages\/5584\/revisions\/7524"}],"wp:attachment":[{"href":"https:\/\/nove.ilts.cz\/cs\/wp-json\/wp\/v2\/media?parent=5584"}],"curies":[{"name":"wp","href":"https:\/\/api.w.org\/{rel}","templated":true}]}}