{"id":537,"date":"2025-01-10T17:14:43","date_gmt":"2025-01-10T16:14:43","guid":{"rendered":"https:\/\/nove.ilts.cz\/cs\/?page_id=537"},"modified":"2025-10-31T12:56:57","modified_gmt":"2025-10-31T11:56:57","slug":"pravni-informace","status":"publish","type":"page","link":"https:\/\/nove.ilts.cz\/cs\/jak-objednavat\/pravni-informace\/","title":{"rendered":"Pr\u00e1vn\u00ed informace"},"content":{"rendered":"\t\t<div data-elementor-type=\"wp-page\" data-elementor-id=\"537\" class=\"elementor elementor-537\" data-elementor-post-type=\"page\">\n\t\t\t\t\t\t<section class=\"elementor-section elementor-top-section elementor-element elementor-element-4ea45809 elementor-section-boxed elementor-section-height-default elementor-section-height-default\" data-id=\"4ea45809\" data-element_type=\"section\" data-e-type=\"section\" data-settings=\"{&quot;background_background&quot;:&quot;classic&quot;}\">\n\t\t\t\t\t\t\t<div class=\"elementor-background-overlay\"><\/div>\n\t\t\t\t\t\t\t<div class=\"elementor-container elementor-column-gap-no\">\n\t\t\t\t\t<div class=\"elementor-column elementor-col-50 elementor-top-column elementor-element elementor-element-7336d475\" data-id=\"7336d475\" data-element_type=\"column\" data-e-type=\"column\">\n\t\t\t<div class=\"elementor-widget-wrap elementor-element-populated\">\n\t\t\t\t\t\t<div class=\"elementor-element elementor-element-4653330a elementor-widget elementor-widget-heading\" data-id=\"4653330a\" data-element_type=\"widget\" data-e-type=\"widget\" data-widget_type=\"heading.default\">\n\t\t\t\t\t<h6 class=\"elementor-heading-title elementor-size-default\">O spole\u010dnosti<\/h6>\t\t\t\t<\/div>\n\t\t\t\t\t<\/div>\n\t\t<\/div>\n\t\t\t\t<div class=\"elementor-column elementor-col-50 elementor-top-column elementor-element elementor-element-69cf43aa\" data-id=\"69cf43aa\" data-element_type=\"column\" data-e-type=\"column\">\n\t\t\t<div class=\"elementor-widget-wrap elementor-element-populated\">\n\t\t\t\t\t\t<div class=\"elementor-element elementor-element-7050d7ae elementor-icon-list--layout-inline elementor-align-end elementor-mobile-align-start elementor-list-item-link-full_width elementor-widget elementor-widget-icon-list\" data-id=\"7050d7ae\" data-element_type=\"widget\" data-e-type=\"widget\" data-widget_type=\"icon-list.default\">\n\t\t\t\t\t\t\t<ul class=\"elementor-icon-list-items elementor-inline-items\">\n\t\t\t\t\t\t\t<li class=\"elementor-icon-list-item elementor-inline-item\">\n\t\t\t\t\t\t\t\t\t\t\t<a href=\"https:\/\/nove.ilts.cz\/cs\/\">\n\n\t\t\t\t\t\t\t\t\t\t\t\t<span class=\"elementor-icon-list-icon\">\n\t\t\t\t\t\t\t<svg aria-hidden=\"true\" class=\"e-font-icon-svg e-fas-home\" viewBox=\"0 0 576 512\" xmlns=\"http:\/\/www.w3.org\/2000\/svg\"><path d=\"M280.37 148.26L96 300.11V464a16 16 0 0 0 16 16l112.06-.29a16 16 0 0 0 15.92-16V368a16 16 0 0 1 16-16h64a16 16 0 0 1 16 16v95.64a16 16 0 0 0 16 16.05L464 480a16 16 0 0 0 16-16V300L295.67 148.26a12.19 12.19 0 0 0-15.3 0zM571.6 251.47L488 182.56V44.05a12 12 0 0 0-12-12h-56a12 12 0 0 0-12 12v72.61L318.47 43a48 48 0 0 0-61 0L4.34 251.47a12 12 0 0 0-1.6 16.9l25.5 31A12 12 0 0 0 45.15 301l235.22-193.74a12.19 12.19 0 0 1 15.3 0L530.9 301a12 12 0 0 0 16.9-1.6l25.5-31a12 12 0 0 0-1.7-16.93z\"><\/path><\/svg>\t\t\t\t\t\t<\/span>\n\t\t\t\t\t\t\t\t\t\t<span class=\"elementor-icon-list-text\">Home<\/span>\n\t\t\t\t\t\t\t\t\t\t\t<\/a>\n\t\t\t\t\t\t\t\t\t<\/li>\n\t\t\t\t\t\t\t\t<li class=\"elementor-icon-list-item elementor-inline-item\">\n\t\t\t\t\t\t\t\t\t\t\t<a href=\"https:\/\/nove.ilts.cz\/cs\/jak-objednavat\/pravni-informace\/\">\n\n\t\t\t\t\t\t\t\t\t\t\t\t<span class=\"elementor-icon-list-icon\">\n\t\t\t\t\t\t\t<svg aria-hidden=\"true\" class=\"e-font-icon-svg e-fas-angle-right\" viewBox=\"0 0 256 512\" xmlns=\"http:\/\/www.w3.org\/2000\/svg\"><path d=\"M224.3 273l-136 136c-9.4 9.4-24.6 9.4-33.9 0l-22.6-22.6c-9.4-9.4-9.4-24.6 0-33.9l96.4-96.4-96.4-96.4c-9.4-9.4-9.4-24.6 0-33.9L54.3 103c9.4-9.4 24.6-9.4 33.9 0l136 136c9.5 9.4 9.5 24.6.1 34z\"><\/path><\/svg>\t\t\t\t\t\t<\/span>\n\t\t\t\t\t\t\t\t\t\t<span class=\"elementor-icon-list-text\"><\/span>\n\t\t\t\t\t\t\t\t\t\t\t<\/a>\n\t\t\t\t\t\t\t\t\t<\/li>\n\t\t\t\t\t\t<\/ul>\n\t\t\t\t\t\t<\/div>\n\t\t\t\t\t<\/div>\n\t\t<\/div>\n\t\t\t\t\t<\/div>\n\t\t<\/section>\n\t\t<div class=\"elementor-element elementor-element-ecdfca1 e-flex e-con-boxed e-con e-parent\" data-id=\"ecdfca1\" data-element_type=\"container\" data-e-type=\"container\">\n\t\t\t\t\t<div class=\"e-con-inner\">\n\t\t<div class=\"elementor-element elementor-element-92d3098 e-con-full e-flex e-con e-child\" data-id=\"92d3098\" data-element_type=\"container\" data-e-type=\"container\">\n\t\t\t\t<div class=\"elementor-element elementor-element-60999dc elementor-widget elementor-widget-text-editor\" data-id=\"60999dc\" data-element_type=\"widget\" data-e-type=\"widget\" data-widget_type=\"text-editor.default\">\n\t\t\t\t\t\t\t\t\t<h3>V\u0161eobecn\u011b<\/h3>\n<p>Ve\u0161ker\u00fd obsah t\u011bchto webov\u00fdch str\u00e1nek je vlastnictv\u00edm spole\u010dnosti&nbsp;<strong>I.L.T.S. Praha, s.r.o.<\/strong>&nbsp;a&nbsp;je chr\u00e1n\u011bn podle autorsk\u00e9ho pr\u00e1va. U\u017eit\u00ed obsahu textu a&nbsp;datov\u00fdch soubor\u016f (nap\u0159. zve\u0159ej\u0148ov\u00e1n\u00ed v&nbsp;tisku, sb\u011br dat a&nbsp;podobn\u011b) je v\u00fdslovn\u011b zak\u00e1z\u00e1no. Poru\u0161en\u00ed tohoto ustanoven\u00ed bude st\u00edh\u00e1no ob\u010danskopr\u00e1vn\u011b i&nbsp;trestn\u011bpr\u00e1vn\u011b.<\/p>\n<p>Jednotliv\u00e9 prvky t\u011bchto webov\u00fdch str\u00e1nek jsou chr\u00e1n\u011bny autorsk\u00fdm pr\u00e1vem p\u0159\u00edp. obchodn\u00ed zna\u010dkou; nesm\u011bj\u00ed b\u00fdt kop\u00edrov\u00e1ny ani napodobov\u00e1ny jako celek ani v&nbsp;\u010d\u00e1stech; to plat\u00ed zvl\u00e1\u0161t\u011b pro ochrann\u00e9 zn\u00e1mky, loga, grafiku a&nbsp;zvukov\u00e9 a&nbsp;obrazov\u00e9 slo\u017eky, kter\u00e9 jsou pou\u017eity na t\u011bchto webov\u00fdch str\u00e1nk\u00e1ch.<\/p>\n<h3>Obchodn\u00ed zna\u010dky, n\u00e1zvy, loga<\/h3>\n<p>V\u0161echny na t\u00e9to webov\u00e9 str\u00e1nce uveden\u00e9 n\u00e1zvy slu\u017eeb a&nbsp;produkt\u016f jsou obchodn\u00edmi zna\u010dkami&nbsp;<strong>I.L.T.S. Praha, s.r.o.<\/strong>, bez ohledu na to, zda jsou nebo nejsou zd\u016frazn\u011bny a&nbsp;ozna\u010deny symbolem \u00ae. U\u017eit\u00ed t\u011bchto ozna\u010den\u00ed se t\u0159et\u00edm osob\u00e1m v\u00fdslovn\u011b zakazuje.<\/p>\n<h3>Z\u00e1ruka<\/h3>\n<p>Spr\u00e1vnost informac\u00ed obsa\u017een\u00fdch na t\u011bchto webov\u00fdch str\u00e1nk\u00e1ch se pr\u016fb\u011b\u017en\u011b kontroluje. Spole\u010dnost&nbsp;<strong>I.L.T.S. Praha, s.r.o.<\/strong>&nbsp;v\u0161ak nem\u016f\u017ee p\u0159evz\u00edt odpov\u011bdnost za to, \u017ee informace odpov\u00eddaj\u00ed pln\u011b \u00fa\u010delu po\u017eadovan\u00e9mu u\u017eivateli. V&nbsp;p\u0159\u00edpad\u011b pochybnost\u00ed proto kontaktujte na\u0161i spole\u010dnost, ochotn\u011b v\u00e1m poskytneme poradu a&nbsp;up\u0159es\u0148uj\u00edc\u00ed informace. Dokumenty obsa\u017een\u00e9 na t\u011bchto webov\u00fdch str\u00e1nk\u00e1ch jsou poskytov\u00e1ny k&nbsp;dispozici bez jak\u00e9koliv z\u00e1ruky; to plat\u00ed rovn\u011b\u017e pro textov\u00e9 i&nbsp;multimedi\u00e1ln\u00ed soubory p\u0159\u00edp. zp\u0159\u00edstupn\u011bn\u00e9 na t\u00e9to webov\u00e9 str\u00e1nce.<\/p>\n<p>Dokumenty a&nbsp;s nimi spojen\u00e1 grafika, kter\u00e9 jsou na t\u011bchto webov\u00fdch str\u00e1nk\u00e1ch zve\u0159ejn\u011bny, mohou, p\u0159es na\u0161i ve\u0161kerou snahu o&nbsp;okam\u017eitou aktualizaci, do\u010dasn\u011b obsahovat nep\u0159esnosti \u010di neaktu\u00e1ln\u00ed informace.&nbsp;<strong>I.L.T.S. Praha, s.r.o.<\/strong>&nbsp;nep\u0159ej\u00edm\u00e1 za tyto chyby ru\u010den\u00ed a&nbsp;vyhrazuje si pr\u00e1vo prov\u00e9st kdykoliv zm\u011bny.<\/p>\n<p>P\u0159\u00edpadn\u00e9 odkazy na jin\u00e9 webov\u00e9 str\u00e1nky v\u00e1s po kliknut\u00ed na n\u011b p\u0159esm\u011bruj\u00ed na p\u0159\u00edslu\u0161nou webovou adresu. S&nbsp;odkazy spojen\u00e9 webov\u00e9 str\u00e1nky nepodl\u00e9haj\u00ed kontrole spole\u010dnosti&nbsp;<strong>I.L.T.S. Praha, s.r.o.<\/strong>&nbsp;Za obsah, zm\u011bny nebo aktualizace takov\u00fdch webov\u00fdch str\u00e1nek nem\u016f\u017ee&nbsp;<strong>I.L.T.S. Praha, s.r.o.<\/strong>&nbsp;p\u0159evz\u00edt z\u00e1ruku. Toto plat\u00ed obdobn\u00fdm zp\u016fsobem i&nbsp;pro ostatn\u00ed formy propojen\u00ed s&nbsp;webov\u00fdmi str\u00e1nkami t\u0159et\u00edch stran. Tyto odkazy jsou nab\u00edzeny pouze jako informativn\u00ed servisn\u00ed slu\u017eby.<\/p>\t\t\t\t\t\t\t\t<\/div>\n\t\t\t\t<\/div>\n\t\t\t\t\t<\/div>\n\t\t\t\t<\/div>\n\t\t\t\t<\/div>\n\t\t","protected":false},"excerpt":{"rendered":"<p>O spole\u010dnosti Home V\u0161eobecn\u011b Ve\u0161ker\u00fd obsah t\u011bchto webov\u00fdch str\u00e1nek je vlastnictv\u00edm spole\u010dnosti&nbsp;I.L.T.S. Praha, s.r.o.&nbsp;a&nbsp;je chr\u00e1n\u011bn podle autorsk\u00e9ho pr\u00e1va. U\u017eit\u00ed obsahu textu a&nbsp;datov\u00fdch soubor\u016f (nap\u0159. zve\u0159ej\u0148ov\u00e1n\u00ed v&nbsp;tisku, sb\u011br dat a&nbsp;podobn\u011b) je v\u00fdslovn\u011b zak\u00e1z\u00e1no. Poru\u0161en\u00ed tohoto ustanoven\u00ed bude st\u00edh\u00e1no ob\u010danskopr\u00e1vn\u011b i&nbsp;trestn\u011bpr\u00e1vn\u011b. Jednotliv\u00e9 prvky t\u011bchto webov\u00fdch str\u00e1nek jsou chr\u00e1n\u011bny autorsk\u00fdm pr\u00e1vem p\u0159\u00edp. obchodn\u00ed zna\u010dkou; nesm\u011bj\u00ed b\u00fdt kop\u00edrov\u00e1ny ani [&hellip;]<\/p>\n","protected":false},"author":2,"featured_media":0,"parent":2,"menu_order":4,"comment_status":"closed","ping_status":"closed","template":"","meta":{"footnotes":""},"class_list":["post-537","page","type-page","status-publish","hentry"],"_links":{"self":[{"href":"https:\/\/nove.ilts.cz\/cs\/wp-json\/wp\/v2\/pages\/537","targetHints":{"allow":["GET"]}}],"collection":[{"href":"https:\/\/nove.ilts.cz\/cs\/wp-json\/wp\/v2\/pages"}],"about":[{"href":"https:\/\/nove.ilts.cz\/cs\/wp-json\/wp\/v2\/types\/page"}],"author":[{"embeddable":true,"href":"https:\/\/nove.ilts.cz\/cs\/wp-json\/wp\/v2\/users\/2"}],"replies":[{"embeddable":true,"href":"https:\/\/nove.ilts.cz\/cs\/wp-json\/wp\/v2\/comments?post=537"}],"version-history":[{"count":35,"href":"https:\/\/nove.ilts.cz\/cs\/wp-json\/wp\/v2\/pages\/537\/revisions"}],"predecessor-version":[{"id":6771,"href":"https:\/\/nove.ilts.cz\/cs\/wp-json\/wp\/v2\/pages\/537\/revisions\/6771"}],"up":[{"embeddable":true,"href":"https:\/\/nove.ilts.cz\/cs\/wp-json\/wp\/v2\/pages\/2"}],"wp:attachment":[{"href":"https:\/\/nove.ilts.cz\/cs\/wp-json\/wp\/v2\/media?parent=537"}],"curies":[{"name":"wp","href":"https:\/\/api.w.org\/{rel}","templated":true}]}}