{"id":458,"date":"2025-01-10T16:28:59","date_gmt":"2025-01-10T15:28:59","guid":{"rendered":"https:\/\/nove.ilts.cz\/cs\/?page_id=458"},"modified":"2025-10-31T14:48:46","modified_gmt":"2025-10-31T13:48:46","slug":"certifikace-kvality","status":"publish","type":"page","link":"https:\/\/nove.ilts.cz\/cs\/o-spolecnosti\/certifikace-kvality\/","title":{"rendered":"Certifikace kvality ISO 9001"},"content":{"rendered":"\t\t<div data-elementor-type=\"wp-page\" data-elementor-id=\"458\" class=\"elementor elementor-458\" data-elementor-post-type=\"page\">\n\t\t\t\t\t\t<section class=\"elementor-section elementor-top-section elementor-element elementor-element-7c3eec1 elementor-section-boxed elementor-section-height-default elementor-section-height-default\" data-id=\"7c3eec1\" data-element_type=\"section\" data-e-type=\"section\" data-settings=\"{&quot;background_background&quot;:&quot;classic&quot;}\">\n\t\t\t\t\t\t\t<div class=\"elementor-background-overlay\"><\/div>\n\t\t\t\t\t\t\t<div class=\"elementor-container elementor-column-gap-no\">\n\t\t\t\t\t<div class=\"elementor-column elementor-col-50 elementor-top-column elementor-element elementor-element-1bef34e5\" data-id=\"1bef34e5\" data-element_type=\"column\" data-e-type=\"column\">\n\t\t\t<div class=\"elementor-widget-wrap elementor-element-populated\">\n\t\t\t\t\t\t<div class=\"elementor-element elementor-element-69c4b55 elementor-widget elementor-widget-heading\" data-id=\"69c4b55\" data-element_type=\"widget\" data-e-type=\"widget\" data-widget_type=\"heading.default\">\n\t\t\t\t\t<h6 class=\"elementor-heading-title elementor-size-default\">O Spole\u010dnosti<\/h6>\t\t\t\t<\/div>\n\t\t\t\t\t<\/div>\n\t\t<\/div>\n\t\t\t\t<div class=\"elementor-column elementor-col-50 elementor-top-column elementor-element elementor-element-a70bf39\" data-id=\"a70bf39\" data-element_type=\"column\" data-e-type=\"column\">\n\t\t\t<div class=\"elementor-widget-wrap elementor-element-populated\">\n\t\t\t\t\t\t<div class=\"elementor-element elementor-element-65f5735d elementor-icon-list--layout-inline elementor-align-end elementor-mobile-align-start elementor-list-item-link-full_width elementor-widget elementor-widget-icon-list\" data-id=\"65f5735d\" data-element_type=\"widget\" data-e-type=\"widget\" data-widget_type=\"icon-list.default\">\n\t\t\t\t\t\t\t<ul class=\"elementor-icon-list-items elementor-inline-items\">\n\t\t\t\t\t\t\t<li class=\"elementor-icon-list-item elementor-inline-item\">\n\t\t\t\t\t\t\t\t\t\t\t<a href=\"https:\/\/nove.ilts.cz\/cs\/\">\n\n\t\t\t\t\t\t\t\t\t\t\t\t<span class=\"elementor-icon-list-icon\">\n\t\t\t\t\t\t\t<svg aria-hidden=\"true\" class=\"e-font-icon-svg e-fas-home\" viewBox=\"0 0 576 512\" xmlns=\"http:\/\/www.w3.org\/2000\/svg\"><path d=\"M280.37 148.26L96 300.11V464a16 16 0 0 0 16 16l112.06-.29a16 16 0 0 0 15.92-16V368a16 16 0 0 1 16-16h64a16 16 0 0 1 16 16v95.64a16 16 0 0 0 16 16.05L464 480a16 16 0 0 0 16-16V300L295.67 148.26a12.19 12.19 0 0 0-15.3 0zM571.6 251.47L488 182.56V44.05a12 12 0 0 0-12-12h-56a12 12 0 0 0-12 12v72.61L318.47 43a48 48 0 0 0-61 0L4.34 251.47a12 12 0 0 0-1.6 16.9l25.5 31A12 12 0 0 0 45.15 301l235.22-193.74a12.19 12.19 0 0 1 15.3 0L530.9 301a12 12 0 0 0 16.9-1.6l25.5-31a12 12 0 0 0-1.7-16.93z\"><\/path><\/svg>\t\t\t\t\t\t<\/span>\n\t\t\t\t\t\t\t\t\t\t<span class=\"elementor-icon-list-text\">Home<\/span>\n\t\t\t\t\t\t\t\t\t\t\t<\/a>\n\t\t\t\t\t\t\t\t\t<\/li>\n\t\t\t\t\t\t\t\t<li class=\"elementor-icon-list-item elementor-inline-item\">\n\t\t\t\t\t\t\t\t\t\t\t<a href=\"https:\/\/nove.ilts.cz\/cs\/o-spolecnosti\/certifikace-kvalita-iso-9001\/\">\n\n\t\t\t\t\t\t\t\t\t\t\t\t<span class=\"elementor-icon-list-icon\">\n\t\t\t\t\t\t\t<svg aria-hidden=\"true\" class=\"e-font-icon-svg e-fas-angle-right\" viewBox=\"0 0 256 512\" xmlns=\"http:\/\/www.w3.org\/2000\/svg\"><path d=\"M224.3 273l-136 136c-9.4 9.4-24.6 9.4-33.9 0l-22.6-22.6c-9.4-9.4-9.4-24.6 0-33.9l96.4-96.4-96.4-96.4c-9.4-9.4-9.4-24.6 0-33.9L54.3 103c9.4-9.4 24.6-9.4 33.9 0l136 136c9.5 9.4 9.5 24.6.1 34z\"><\/path><\/svg>\t\t\t\t\t\t<\/span>\n\t\t\t\t\t\t\t\t\t\t<span class=\"elementor-icon-list-text\"><\/span>\n\t\t\t\t\t\t\t\t\t\t\t<\/a>\n\t\t\t\t\t\t\t\t\t<\/li>\n\t\t\t\t\t\t<\/ul>\n\t\t\t\t\t\t<\/div>\n\t\t\t\t\t<\/div>\n\t\t<\/div>\n\t\t\t\t\t<\/div>\n\t\t<\/section>\n\t\t\t\t<section class=\"elementor-section elementor-top-section elementor-element elementor-element-17b5fed elementor-section-boxed elementor-section-height-default elementor-section-height-default\" data-id=\"17b5fed\" data-element_type=\"section\" data-e-type=\"section\">\n\t\t\t\t\t\t<div class=\"elementor-container elementor-column-gap-no\">\n\t\t\t\t\t<div class=\"elementor-column elementor-col-100 elementor-top-column elementor-element elementor-element-0397d17\" data-id=\"0397d17\" data-element_type=\"column\" data-e-type=\"column\">\n\t\t\t<div class=\"elementor-widget-wrap elementor-element-populated\">\n\t\t\t\t\t\t<section class=\"elementor-section elementor-inner-section elementor-element elementor-element-222d886 elementor-section-boxed elementor-section-height-default elementor-section-height-default\" data-id=\"222d886\" data-element_type=\"section\" data-e-type=\"section\">\n\t\t\t\t\t\t<div class=\"elementor-container elementor-column-gap-no\">\n\t\t\t\t\t<div class=\"elementor-column elementor-col-100 elementor-inner-column elementor-element elementor-element-05ebe24\" data-id=\"05ebe24\" data-element_type=\"column\" data-e-type=\"column\">\n\t\t\t<div class=\"elementor-widget-wrap elementor-element-populated\">\n\t\t\t\t\t\t<div class=\"elementor-element elementor-element-106d326 elementor-widget elementor-widget-heading\" data-id=\"106d326\" data-element_type=\"widget\" data-e-type=\"widget\" data-widget_type=\"heading.default\">\n\t\t\t\t\t<h6 class=\"elementor-heading-title elementor-size-default\">Na\u0161e mise<\/h6>\t\t\t\t<\/div>\n\t\t\t\t<div class=\"elementor-element elementor-element-419324a elementor-invisible elementor-widget elementor-widget-heading\" data-id=\"419324a\" data-element_type=\"widget\" data-e-type=\"widget\" data-settings=\"{&quot;_animation&quot;:&quot;fadeInUp&quot;}\" data-widget_type=\"heading.default\">\n\t\t\t\t\t<h2 class=\"elementor-heading-title elementor-size-default\">Kvalita je pro n\u00e1s na prvn\u00edm m\u00edst\u011b<\/h2>\t\t\t\t<\/div>\n\t\t\t\t<div class=\"elementor-element elementor-element-ff2b655 elementor-widget elementor-widget-text-editor\" data-id=\"ff2b655\" data-element_type=\"widget\" data-e-type=\"widget\" data-widget_type=\"text-editor.default\">\n\t\t\t\t\t\t\t\t\t<p style=\"text-align: center;\">P\u0159i na\u0161\u00ed pr\u00e1ci klademe velk\u00fd d\u016fraz na zaji\u0161t\u011bn\u00ed kvality. Dokladem na\u0161eho \u00fasil\u00ed o&nbsp;trval\u00e9 zvy\u0161ov\u00e1n\u00ed kvality je&nbsp;zaveden\u00ed&nbsp;<strong>managementu kvality<\/strong>&nbsp;ve spole\u010dnost&nbsp;<strong>I.L.T.S. Praha, s.r.o.<\/strong>&nbsp;dle normy&nbsp;<strong>ISO 9001<\/strong>&nbsp;pro oblast p\u0159ekladatelsk\u00fdch a&nbsp;tlumo\u010dnick\u00fdch slu\u017eeb.<\/p>\n<p style=\"text-align: center;\">V\u0161echny n\u00e1mi poskytovan\u00e9 slu\u017eby jsou pr\u016fb\u011b\u017en\u011b kontrolov\u00e1ny dle vypracovan\u00e9 metodiky. Neust\u00e1le zlep\u0161ujeme n\u00e1\u0161 st\u00e1vaj\u00edc\u00ed syst\u00e9m managementu kvality a&nbsp;optimalizujeme sledov\u00e1n\u00ed toku zak\u00e1zek a&nbsp;kvality n\u00e1mi poskytovan\u00fdch slu\u017eeb. Uplat\u0148ujeme&nbsp;<strong>dvoustup\u0148ovou v\u00fdstupn\u00ed kontrolu<\/strong>.<\/p>\n<p style=\"text-align: center;\">Certifikovan\u00fd syst\u00e9m \u0159\u00edzen\u00ed zak\u00e1zek a&nbsp;v\u00fdstupn\u00ed kontrola v&nbsp;souladu s&nbsp;po\u017eadavky&nbsp;managementu kvality&nbsp;<strong>zaru\u010duj\u00ed vysokou kvalitu poskytovan\u00fdch slu\u017eeb<\/strong>.<\/p>\t\t\t\t\t\t\t\t<\/div>\n\t\t\t\t\t<\/div>\n\t\t<\/div>\n\t\t\t\t\t<\/div>\n\t\t<\/section>\n\t\t\t\t<section class=\"elementor-section elementor-inner-section elementor-element elementor-element-f659f29 elementor-section-boxed elementor-section-height-default elementor-section-height-default\" data-id=\"f659f29\" data-element_type=\"section\" data-e-type=\"section\">\n\t\t\t\t\t\t<div class=\"elementor-container elementor-column-gap-no\">\n\t\t\t\t\t<div class=\"elementor-column elementor-col-50 elementor-inner-column elementor-element elementor-element-2bf6884\" data-id=\"2bf6884\" data-element_type=\"column\" data-e-type=\"column\">\n\t\t\t<div class=\"elementor-widget-wrap elementor-element-populated\">\n\t\t\t\t\t\t<div class=\"elementor-element elementor-element-efb4706 elementor-widget elementor-widget-text-editor\" data-id=\"efb4706\" data-element_type=\"widget\" data-e-type=\"widget\" data-widget_type=\"text-editor.default\">\n\t\t\t\t\t\t\t\t\t<h4>Spole\u010dnost I.L.T.S. Praha, s.r.o. garantuje<\/h4><ul><li>vysokou p\u0159idanou hodnotu a\u00a0kvalitu sv\u00fdch slu\u017eeb<\/li><li>individu\u00e1ln\u00ed a\u00a0profesion\u00e1ln\u00ed p\u0159\u00edstup<\/li><li>rychlost a\u00a0flexibilitu p\u0159i realizaci zak\u00e1zek<\/li><li>komplexnost poskytovan\u00fdch slu\u017eeb<\/li><li>prvot\u0159\u00eddn\u00ed odborn\u00e9 a\u00a0technick\u00e9 z\u00e1zem\u00ed<\/li><\/ul><h4>\u00a0<\/h4><h4>Politika kvality<\/h4><ul><li>Prioritou na\u0161\u00ed pr\u00e1ce je spokojenost z\u00e1kazn\u00edk\u016f.<\/li><li>Poskytovan\u00e9 slu\u017eby mus\u00ed spl\u0148ovat ty nejvy\u0161\u0161\u00ed standardy.<\/li><li>V\u00fdsledn\u00fd produkt na\u0161ich slu\u017eeb mus\u00ed m\u00edt klient k\u00a0dispozici v\u00a0po\u017eadovanou dobu a\u00a0v po\u017eadovan\u00e9 kvalit\u011b na po\u017eadovan\u00e9m m\u00edst\u011b.<\/li><li>Realizovan\u00e9 slu\u017eby mus\u00ed b\u00fdt \u0161etrn\u00e9 k\u00a0\u017eivotn\u00edmu prost\u0159ed\u00ed, a\u00a0to ve v\u0161ech aspektech, je\u017e jsou z\u00a0na\u0161\u00ed strany ovlivniteln\u00e9.<\/li><li>Nab\u00edzen\u00e9 produkty mus\u00ed b\u00fdt v\u017edy prov\u00e1d\u011bny v\u00a0souladu se v\u0161emi odborn\u00fdmi a\u00a0z\u00e1konn\u00fdmi po\u017eadavky, a\u0165 se ji\u017e jedn\u00e1 o\u00a0jakoukoliv oblast.<\/li><li>Zam\u011bstnanci i\u00a0dodavatel\u00e9 mus\u00ed b\u00fdt vedeni ke kvalit\u011b pr\u00e1ce c\u00edlen\u00fdm prohlubov\u00e1n\u00edm znalost\u00ed, vzd\u011bl\u00e1v\u00e1n\u00edm a\u00a0v\u00fdcvikem.<\/li><li>V\u00fdsledky pracovn\u00edch proces\u016f mus\u00ed b\u00fdt veden\u00edm spole\u010dnosti d\u016fsledn\u011b a\u00a0pravideln\u011b kontrolov\u00e1ny tak, aby mohl b\u00fdt co nejefektivn\u011bji odhalen prostor pro dal\u0161\u00ed zlep\u0161ov\u00e1n\u00ed.<\/li><\/ul>\t\t\t\t\t\t\t\t<\/div>\n\t\t\t\t\t<\/div>\n\t\t<\/div>\n\t\t\t\t<div class=\"elementor-column elementor-col-50 elementor-inner-column elementor-element elementor-element-1c0b65b\" data-id=\"1c0b65b\" data-element_type=\"column\" data-e-type=\"column\">\n\t\t\t<div class=\"elementor-widget-wrap elementor-element-populated\">\n\t\t\t\t\t\t<div class=\"elementor-element elementor-element-79275c9 elementor-widget elementor-widget-image\" data-id=\"79275c9\" data-element_type=\"widget\" data-e-type=\"widget\" data-widget_type=\"image.default\">\n\t\t\t\t\t\t\t\t\t\t\t\t\t\t\t<img fetchpriority=\"high\" decoding=\"async\" width=\"800\" height=\"534\" src=\"https:\/\/nove.ilts.cz\/cs\/wp-content\/uploads\/sites\/8\/2025\/02\/MG_1768_m-1024x683.jpg\" class=\"attachment-large size-large wp-image-1077\" alt=\"\" srcset=\"https:\/\/nove.ilts.cz\/cs\/wp-content\/uploads\/sites\/8\/2025\/02\/MG_1768_m-1024x683.jpg 1024w, https:\/\/nove.ilts.cz\/cs\/wp-content\/uploads\/sites\/8\/2025\/02\/MG_1768_m-300x200.jpg 300w, https:\/\/nove.ilts.cz\/cs\/wp-content\/uploads\/sites\/8\/2025\/02\/MG_1768_m-768x512.jpg 768w, https:\/\/nove.ilts.cz\/cs\/wp-content\/uploads\/sites\/8\/2025\/02\/MG_1768_m.jpg 1192w\" sizes=\"(max-width: 800px) 100vw, 800px\" \/>\t\t\t\t\t\t\t\t\t\t\t\t\t\t\t<\/div>\n\t\t\t\t<div class=\"elementor-element elementor-element-d82fbb2 elementor-widget elementor-widget-text-editor\" data-id=\"d82fbb2\" data-element_type=\"widget\" data-e-type=\"widget\" data-widget_type=\"text-editor.default\">\n\t\t\t\t\t\t\t\t\t<p>Rozhodnut\u00ed o implementaci syst\u00e9mu managementu kvality dle t\u00e9to mezin\u00e1rodn\u00ed normy bylo p\u0159ijato veden\u00edm spole\u010dnosti jako jeden z krok\u016f k vytvo\u0159en\u00ed syst\u00e9mu garantuj\u00edc\u00edho trvale vysokou kvalitu produkt\u016f a slu\u017eeb spole\u010dnosti\u00a0<span style=\"font-weight: bolder\">I.L.T.S. Praha, s.r.o.<\/span>\u00a0s c\u00edlem dosa\u017een\u00ed maxim\u00e1ln\u00ed spokojenosti z\u00e1kazn\u00edk\u016f.<\/p><p>Spole\u010dnost\u00a0<span style=\"font-weight: bolder\">I.L.T.S. Praha, s.r.o.<\/span>\u00a0na sebe zaveden\u00edm syst\u00e9mu managementu kvality dle\u00a0<span style=\"font-weight: bolder\">ISO 9001<\/span>\u00a0vzala z\u00e1vazek prokazovat v r\u00e1mci pravideln\u00fdch certifika\u010dn\u00edch audit\u016f svou schopnost trvale poskytovat slu\u017eby a produkty tak, aby v\u017edy spl\u0148ovaly po\u017eadavky z\u00e1kazn\u00edk\u016f i aplikovateln\u00fdch po\u017eadavk\u016f p\u0159\u00edslu\u0161n\u00fdch z\u00e1kon\u016f a p\u0159edpis\u016f.<\/p>\t\t\t\t\t\t\t\t<\/div>\n\t\t\t\t\t<\/div>\n\t\t<\/div>\n\t\t\t\t\t<\/div>\n\t\t<\/section>\n\t\t\t\t\t<\/div>\n\t\t<\/div>\n\t\t\t\t\t<\/div>\n\t\t<\/section>\n\t\t\t\t<\/div>\n\t\t","protected":false},"excerpt":{"rendered":"<p>O Spole\u010dnosti Home Na\u0161e mise Kvalita je pro n\u00e1s na prvn\u00edm m\u00edst\u011b P\u0159i na\u0161\u00ed pr\u00e1ci klademe velk\u00fd d\u016fraz na zaji\u0161t\u011bn\u00ed kvality. Dokladem na\u0161eho \u00fasil\u00ed o&nbsp;trval\u00e9 zvy\u0161ov\u00e1n\u00ed kvality je&nbsp;zaveden\u00ed&nbsp;managementu kvality&nbsp;ve spole\u010dnost&nbsp;I.L.T.S. Praha, s.r.o.&nbsp;dle normy&nbsp;ISO 9001&nbsp;pro oblast p\u0159ekladatelsk\u00fdch a&nbsp;tlumo\u010dnick\u00fdch slu\u017eeb. V\u0161echny n\u00e1mi poskytovan\u00e9 slu\u017eby jsou pr\u016fb\u011b\u017en\u011b kontrolov\u00e1ny dle vypracovan\u00e9 metodiky. Neust\u00e1le zlep\u0161ujeme n\u00e1\u0161 st\u00e1vaj\u00edc\u00ed syst\u00e9m managementu kvality [&hellip;]<\/p>\n","protected":false},"author":2,"featured_media":0,"parent":181,"menu_order":1,"comment_status":"closed","ping_status":"closed","template":"","meta":{"footnotes":""},"class_list":["post-458","page","type-page","status-publish","hentry"],"_links":{"self":[{"href":"https:\/\/nove.ilts.cz\/cs\/wp-json\/wp\/v2\/pages\/458","targetHints":{"allow":["GET"]}}],"collection":[{"href":"https:\/\/nove.ilts.cz\/cs\/wp-json\/wp\/v2\/pages"}],"about":[{"href":"https:\/\/nove.ilts.cz\/cs\/wp-json\/wp\/v2\/types\/page"}],"author":[{"embeddable":true,"href":"https:\/\/nove.ilts.cz\/cs\/wp-json\/wp\/v2\/users\/2"}],"replies":[{"embeddable":true,"href":"https:\/\/nove.ilts.cz\/cs\/wp-json\/wp\/v2\/comments?post=458"}],"version-history":[{"count":63,"href":"https:\/\/nove.ilts.cz\/cs\/wp-json\/wp\/v2\/pages\/458\/revisions"}],"predecessor-version":[{"id":6858,"href":"https:\/\/nove.ilts.cz\/cs\/wp-json\/wp\/v2\/pages\/458\/revisions\/6858"}],"up":[{"embeddable":true,"href":"https:\/\/nove.ilts.cz\/cs\/wp-json\/wp\/v2\/pages\/181"}],"wp:attachment":[{"href":"https:\/\/nove.ilts.cz\/cs\/wp-json\/wp\/v2\/media?parent=458"}],"curies":[{"name":"wp","href":"https:\/\/api.w.org\/{rel}","templated":true}]}}