{"id":452,"date":"2025-01-10T16:28:50","date_gmt":"2025-01-10T15:28:50","guid":{"rendered":"https:\/\/nove.ilts.cz\/cs\/?page_id=452"},"modified":"2026-02-03T17:59:28","modified_gmt":"2026-02-03T16:59:28","slug":"volna-mista","status":"publish","type":"page","link":"https:\/\/nove.ilts.cz\/cs\/o-spolecnosti\/volna-mista\/","title":{"rendered":"Voln\u00e1 m\u00edsta"},"content":{"rendered":"\t\t<div data-elementor-type=\"wp-page\" data-elementor-id=\"452\" class=\"elementor elementor-452\" data-elementor-post-type=\"page\">\n\t\t\t\t\t\t<section class=\"elementor-section elementor-top-section elementor-element elementor-element-4d2f1faa elementor-section-boxed elementor-section-height-default elementor-section-height-default\" data-id=\"4d2f1faa\" data-element_type=\"section\" data-e-type=\"section\" data-settings=\"{&quot;background_background&quot;:&quot;classic&quot;}\">\n\t\t\t\t\t\t\t<div class=\"elementor-background-overlay\"><\/div>\n\t\t\t\t\t\t\t<div class=\"elementor-container elementor-column-gap-no\">\n\t\t\t\t\t<div class=\"elementor-column elementor-col-50 elementor-top-column elementor-element elementor-element-31c4c57d\" data-id=\"31c4c57d\" data-element_type=\"column\" data-e-type=\"column\">\n\t\t\t<div class=\"elementor-widget-wrap elementor-element-populated\">\n\t\t\t\t\t\t<div class=\"elementor-element elementor-element-2bf2d018 elementor-widget elementor-widget-heading\" data-id=\"2bf2d018\" data-element_type=\"widget\" data-e-type=\"widget\" data-widget_type=\"heading.default\">\n\t\t\t\t\t<h6 class=\"elementor-heading-title elementor-size-default\">O spole\u010dnosti<\/h6>\t\t\t\t<\/div>\n\t\t\t\t\t<\/div>\n\t\t<\/div>\n\t\t\t\t<div class=\"elementor-column elementor-col-50 elementor-top-column elementor-element elementor-element-6377c74d\" data-id=\"6377c74d\" data-element_type=\"column\" data-e-type=\"column\">\n\t\t\t<div class=\"elementor-widget-wrap elementor-element-populated\">\n\t\t\t\t\t\t<div class=\"elementor-element elementor-element-21f109e7 elementor-icon-list--layout-inline elementor-align-end elementor-mobile-align-start elementor-list-item-link-full_width elementor-widget elementor-widget-icon-list\" data-id=\"21f109e7\" data-element_type=\"widget\" data-e-type=\"widget\" data-widget_type=\"icon-list.default\">\n\t\t\t\t\t\t\t<ul class=\"elementor-icon-list-items elementor-inline-items\">\n\t\t\t\t\t\t\t<li class=\"elementor-icon-list-item elementor-inline-item\">\n\t\t\t\t\t\t\t\t\t\t\t<a href=\"https:\/\/nove.ilts.cz\/cs\/\">\n\n\t\t\t\t\t\t\t\t\t\t\t\t<span class=\"elementor-icon-list-icon\">\n\t\t\t\t\t\t\t<svg aria-hidden=\"true\" class=\"e-font-icon-svg e-fas-home\" viewBox=\"0 0 576 512\" xmlns=\"http:\/\/www.w3.org\/2000\/svg\"><path d=\"M280.37 148.26L96 300.11V464a16 16 0 0 0 16 16l112.06-.29a16 16 0 0 0 15.92-16V368a16 16 0 0 1 16-16h64a16 16 0 0 1 16 16v95.64a16 16 0 0 0 16 16.05L464 480a16 16 0 0 0 16-16V300L295.67 148.26a12.19 12.19 0 0 0-15.3 0zM571.6 251.47L488 182.56V44.05a12 12 0 0 0-12-12h-56a12 12 0 0 0-12 12v72.61L318.47 43a48 48 0 0 0-61 0L4.34 251.47a12 12 0 0 0-1.6 16.9l25.5 31A12 12 0 0 0 45.15 301l235.22-193.74a12.19 12.19 0 0 1 15.3 0L530.9 301a12 12 0 0 0 16.9-1.6l25.5-31a12 12 0 0 0-1.7-16.93z\"><\/path><\/svg>\t\t\t\t\t\t<\/span>\n\t\t\t\t\t\t\t\t\t\t<span class=\"elementor-icon-list-text\">Home<\/span>\n\t\t\t\t\t\t\t\t\t\t\t<\/a>\n\t\t\t\t\t\t\t\t\t<\/li>\n\t\t\t\t\t\t\t\t<li class=\"elementor-icon-list-item elementor-inline-item\">\n\t\t\t\t\t\t\t\t\t\t\t<a href=\"https:\/\/nove.ilts.cz\/cs\/o-spolecnosti\/volna-mista\/\">\n\n\t\t\t\t\t\t\t\t\t\t\t\t<span class=\"elementor-icon-list-icon\">\n\t\t\t\t\t\t\t<svg aria-hidden=\"true\" class=\"e-font-icon-svg e-fas-angle-right\" viewBox=\"0 0 256 512\" xmlns=\"http:\/\/www.w3.org\/2000\/svg\"><path d=\"M224.3 273l-136 136c-9.4 9.4-24.6 9.4-33.9 0l-22.6-22.6c-9.4-9.4-9.4-24.6 0-33.9l96.4-96.4-96.4-96.4c-9.4-9.4-9.4-24.6 0-33.9L54.3 103c9.4-9.4 24.6-9.4 33.9 0l136 136c9.5 9.4 9.5 24.6.1 34z\"><\/path><\/svg>\t\t\t\t\t\t<\/span>\n\t\t\t\t\t\t\t\t\t\t<span class=\"elementor-icon-list-text\"><\/span>\n\t\t\t\t\t\t\t\t\t\t\t<\/a>\n\t\t\t\t\t\t\t\t\t<\/li>\n\t\t\t\t\t\t<\/ul>\n\t\t\t\t\t\t<\/div>\n\t\t\t\t\t<\/div>\n\t\t<\/div>\n\t\t\t\t\t<\/div>\n\t\t<\/section>\n\t\t<div class=\"elementor-element elementor-element-dc19787 e-flex e-con-boxed e-con e-parent\" data-id=\"dc19787\" data-element_type=\"container\" data-e-type=\"container\">\n\t\t\t\t\t<div class=\"e-con-inner\">\n\t\t\t\t<div class=\"elementor-element elementor-element-667f6c5 elementor-widget elementor-widget-text-editor\" data-id=\"667f6c5\" data-element_type=\"widget\" data-e-type=\"widget\" data-widget_type=\"text-editor.default\">\n\t\t\t\t\t\t\t\t\t<p>Na\u0161e spole\u010dnost dopl\u0148uje pr\u016fb\u011b\u017en\u011b stav sv\u00fdch zam\u011bstnanc\u016f a\u00a0extern\u00edch spolupracovn\u00edk\u016f. N\u00ed\u017ee naleznete p\u0159ehled aktu\u00e1ln\u011b obsazovan\u00fdch pozic. Zaujme-li v\u00e1s n\u011bkter\u00e1 z\u00a0uveden\u00fdch pozic, pak nev\u00e1hejte a\u00a0za\u0161lete v\u00e1\u0161 strukturovan\u00fd \u017eivotopis v\u010d. motiva\u010dn\u00edho dopisu na e-mailovou adresu na\u0161\u00ed spole\u010dnosti\u00a0<a href=\"mailto:zamestnani@ilts.cz\"><span style=\"color: #99cc00;\">zamestnani@ilts.cz<\/span><\/a>.<\/p><p><span style=\"color: #003366;\"><strong>Informace k\u00a0pr\u016fb\u011bhu V\u0158<\/strong><\/span><\/p><p>V\u00fdb\u011brov\u00e9 \u0159\u00edzen\u00ed je dvoukolov\u00e9. Sou\u010d\u00e1st\u00ed v\u00fdb\u011brov\u00e9ho \u0159\u00edzen\u00ed je \u00fastn\u00ed pohovor a\u00a0znalostn\u00ed test. P\u0159edpokladem pro za\u0159azen\u00ed do v\u00fdb\u011brov\u00e9ho \u0159\u00edzen\u00ed jsou form\u00e1ln\u011b a\u00a0v\u011bcn\u011b spr\u00e1vn\u00e9 \u017eivotopisy. \u00dasp\u011b\u0161n\u00e9 kandid\u00e1ty informujeme e-mailem, p\u0159\u00edpadn\u011b telefonicky.<\/p>\t\t\t\t\t\t\t\t<\/div>\n\t\t\t\t<div class=\"elementor-element elementor-element-95beb2f elementor-widget elementor-widget-heading\" data-id=\"95beb2f\" data-element_type=\"widget\" data-e-type=\"widget\" data-widget_type=\"heading.default\">\n\t\t\t\t\t<h2 class=\"elementor-heading-title elementor-size-default\">P\u0159ehled pozic<\/h2>\t\t\t\t<\/div>\n\t\t<div class=\"elementor-element elementor-element-e1e7807 e-con-full e-flex e-con e-child\" data-id=\"e1e7807\" data-element_type=\"container\" data-e-type=\"container\">\n\t\t\t\t<div class=\"elementor-element elementor-element-cbd1393 elementor-widget elementor-widget-text-editor\" data-id=\"cbd1393\" data-element_type=\"widget\" data-e-type=\"widget\" data-widget_type=\"text-editor.default\">\n\t\t\t\t\t\t\t\t\t<table><tbody><tr><td colspan=\"2\" width=\"615\"><h3><span style=\"color: #003366\">Asistent\/-ka, Referent\/-ka<\/span><\/h3><\/td><\/tr><tr><td colspan=\"2\" width=\"615\"><ul><li><span style=\"color: #003366\">trval\u00fd pracovn\u00ed pom\u011br<\/span><\/li><li><span style=\"color: #003366\">asistent\/-ka, referent\/-ka v\u00a0oblasti jazykov\u00fdch slu\u017eeb<\/span><\/li><\/ul><\/td><\/tr><tr><td width=\"194\"><p><span style=\"color: #003366\"><strong>\u00a0<\/strong><\/span><\/p><p><span style=\"color: #003366\"><strong>N\u00e1pl\u0148 pr\u00e1ce<\/strong><\/span><\/p><\/td><td width=\"421\"><ul><li><span style=\"color: #003366\">p\u0159\u00edjem a\u00a0expedice zak\u00e1zek<\/span><\/li><li><span style=\"color: #003366\">kontrola a\u00a0revize text\u016f<\/span><\/li><li><span style=\"color: #003366\">koordinace projekt\u016f<\/span><\/li><li><span style=\"color: #003366\">komunikace se z\u00e1kazn\u00edky a\u00a0dodavateli<\/span><\/li><li><span style=\"color: #003366\">sledov\u00e1n\u00ed spokojenosti z\u00e1kazn\u00edk\u016f<\/span><\/li><li><span style=\"color: #003366\">obecn\u00e9 kancel\u00e1\u0159sk\u00e9 \u010dinnosti<\/span><\/li><\/ul><\/td><\/tr><tr><td width=\"194\"><p><span style=\"color: #003366\"><strong>Po\u017eadovan\u00e9 vzd\u011bl\u00e1n\u00ed<\/strong><\/span><\/p><\/td><td width=\"421\"><ul><li><span style=\"color: #003366\">S\u0160, V\u0160<\/span><\/li><\/ul><\/td><\/tr><tr><td width=\"194\"><p><span style=\"color: #003366\"><strong>Jazykov\u00e9 znalosti<\/strong><\/span><\/p><\/td><td width=\"421\"><ul><li><span style=\"color: #003366\">AJ na dobr\u00e9 \u00farovni<\/span><\/li><\/ul><\/td><\/tr><tr><td width=\"194\"><p><span style=\"color: #003366\"><strong>\u00a0<\/strong><\/span><\/p><p><span style=\"color: #003366\"><strong>Dal\u0161\u00ed po\u017eadavky<\/strong><\/span><\/p><\/td><td width=\"421\"><ul><li><span style=\"color: #003366\">vysok\u00e9 pracovn\u00ed nasazen\u00ed<\/span><\/li><li><span style=\"color: #003366\">\u010dasov\u00e1 flexibilita<\/span><\/li><li><span style=\"color: #003366\">komunika\u010dn\u00ed schopnosti<\/span><\/li><li><span style=\"color: #003366\">dobr\u00e1 znalost pr\u00e1ce na PC<\/span><\/li><li><span style=\"color: #003366\">orientovanost na pln\u011bn\u00ed p\u0159\u00e1n\u00ed klient\u016f<\/span><\/li><\/ul><\/td><\/tr><\/tbody><\/table>\t\t\t\t\t\t\t\t<\/div>\n\t\t\t\t<\/div>\n\t\t<div class=\"elementor-element elementor-element-d693517 e-con-full e-flex e-con e-child\" data-id=\"d693517\" data-element_type=\"container\" data-e-type=\"container\">\n\t\t\t\t<div class=\"elementor-element elementor-element-9f92f87 elementor-widget elementor-widget-text-editor\" data-id=\"9f92f87\" data-element_type=\"widget\" data-e-type=\"widget\" data-widget_type=\"text-editor.default\">\n\t\t\t\t\t\t\t\t\t<table><tbody><tr><td colspan=\"2\" width=\"615\"><h3><span style=\"color: #003366\">Intern\u00ed p\u0159ekladatel\/-ka, korektor\/-ka<\/span><\/h3><h3><span style=\"color: #003366\">ANGLI\u010cTINA a\/nebo N\u011aM\u010cINA, RU\u0160TINA<\/span><\/h3><\/td><\/tr><tr><td colspan=\"2\" width=\"615\"><ul><li><span style=\"color: #003366\">trval\u00fd pracovn\u00ed pom\u011br<\/span><\/li><\/ul><\/td><\/tr><tr><td width=\"213\"><p><span style=\"color: #003366\"><strong>\u00a0<\/strong><strong>N\u00e1pl\u0148 pr\u00e1ce<\/strong><\/span><\/p><\/td><td width=\"402\"><ul><li><span style=\"color: #003366\">p\u0159eklady a\u00a0korektury text\u016f<\/span><\/li><li><span style=\"color: #003366\">tvorba terminologick\u00fdch slovn\u00edk\u016f a\u00a0datab\u00e1z\u00ed<\/span><\/li><li><span style=\"color: #003366\">sledov\u00e1n\u00ed dodr\u017eov\u00e1n\u00ed jednotnosti a\u00a0spr\u00e1vnosti pou\u017e\u00edvan\u00e9 terminologie<\/span><\/li><li><span style=\"color: #003366\">kontrola p\u0159ekladatelsk\u00fdch projekt\u016f po jazykov\u00e9 str\u00e1nce<\/span><\/li><li><span style=\"color: #003366\">aktivn\u00ed spolupr\u00e1ce s\u00a0p\u0159ekladateli p\u0159i \u0159e\u0161en\u00ed p\u0159ekladatelsk\u00fdch probl\u00e9m\u016f<\/span><\/li><\/ul><\/td><\/tr><tr><td width=\"213\"><p><span style=\"color: #003366\"><strong>\u00a0<\/strong><strong>Po\u017eadovan\u00e9 vzd\u011bl\u00e1n\u00ed<\/strong><\/span><\/p><\/td><td width=\"402\"><ul><li><span style=\"color: #003366\">V\u0160 nejl\u00e9pe lingvistick\u00e9ho sm\u011bru<\/span><\/li><\/ul><\/td><\/tr><tr><td width=\"213\"><p><span style=\"color: #003366\"><strong>\u00a0<\/strong><strong>Jazykov\u00e9 znalosti<\/strong><\/span><\/p><\/td><td width=\"402\"><ul><li><span style=\"color: #003366\">AJ a\/nebo NJ, RJ na v\u00fdborn\u00e9 \u00farovni<\/span><\/li><\/ul><\/td><\/tr><tr><td width=\"213\"><p><span style=\"color: #003366\"><strong>\u00a0<\/strong><strong>Dal\u0161\u00ed po\u017eadavky<\/strong><\/span><\/p><\/td><td width=\"402\"><ul><li><span style=\"color: #003366\">vysok\u00e9 pracovn\u00ed nasazen\u00ed<\/span><\/li><li><span style=\"color: #003366\">\u010dasov\u00e1 flexibilita<\/span><\/li><li><span style=\"color: #003366\">dobr\u00e1 znalost pr\u00e1ce na PC<\/span><\/li><li><span style=\"color: #003366\">znalost dal\u0161\u00edho ciz\u00edho jazyka v\u00fdhodou<\/span><\/li><\/ul><\/td><\/tr><\/tbody><\/table>\t\t\t\t\t\t\t\t<\/div>\n\t\t\t\t<\/div>\n\t\t\t\t\t<\/div>\n\t\t\t\t<\/div>\n\t\t<div class=\"elementor-element elementor-element-fdfc594 e-flex e-con-boxed e-con e-parent\" data-id=\"fdfc594\" data-element_type=\"container\" data-e-type=\"container\">\n\t\t\t\t\t<div class=\"e-con-inner\">\n\t\t<div class=\"elementor-element elementor-element-b016fc1 e-grid e-con-full elementor-hidden-tablet elementor-hidden-mobile e-con e-child\" data-id=\"b016fc1\" data-element_type=\"container\" data-e-type=\"container\">\n\t\t\t\t<div class=\"elementor-element elementor-element-874392a elementor-widget elementor-widget-image\" data-id=\"874392a\" data-element_type=\"widget\" data-e-type=\"widget\" data-widget_type=\"image.default\">\n\t\t\t\t\t\t\t\t\t\t\t\t\t\t\t<img fetchpriority=\"high\" decoding=\"async\" width=\"800\" height=\"488\" src=\"https:\/\/nove.ilts.cz\/cs\/wp-content\/uploads\/sites\/8\/2025\/03\/ISS_17456_00037-1024x624.jpg\" class=\"attachment-large size-large wp-image-1412\" alt=\"\" srcset=\"https:\/\/nove.ilts.cz\/cs\/wp-content\/uploads\/sites\/8\/2025\/03\/ISS_17456_00037-1024x624.jpg 1024w, https:\/\/nove.ilts.cz\/cs\/wp-content\/uploads\/sites\/8\/2025\/03\/ISS_17456_00037-300x183.jpg 300w, https:\/\/nove.ilts.cz\/cs\/wp-content\/uploads\/sites\/8\/2025\/03\/ISS_17456_00037-768x468.jpg 768w, https:\/\/nove.ilts.cz\/cs\/wp-content\/uploads\/sites\/8\/2025\/03\/ISS_17456_00037-1536x936.jpg 1536w, https:\/\/nove.ilts.cz\/cs\/wp-content\/uploads\/sites\/8\/2025\/03\/ISS_17456_00037.jpg 1600w\" sizes=\"(max-width: 800px) 100vw, 800px\" \/>\t\t\t\t\t\t\t\t\t\t\t\t\t\t\t<\/div>\n\t\t\t\t<div class=\"elementor-element elementor-element-a0e26c9 elementor-widget elementor-widget-image\" data-id=\"a0e26c9\" data-element_type=\"widget\" data-e-type=\"widget\" data-widget_type=\"image.default\">\n\t\t\t\t\t\t\t\t\t\t\t\t\t\t\t<img decoding=\"async\" width=\"475\" height=\"279\" src=\"https:\/\/nove.ilts.cz\/cs\/wp-content\/uploads\/sites\/8\/2024\/12\/join-e1743752629172.jpg\" class=\"attachment-large size-large wp-image-82\" alt=\"\" srcset=\"https:\/\/nove.ilts.cz\/cs\/wp-content\/uploads\/sites\/8\/2024\/12\/join-e1743752629172.jpg 475w, https:\/\/nove.ilts.cz\/cs\/wp-content\/uploads\/sites\/8\/2024\/12\/join-e1743752629172-300x176.jpg 300w\" sizes=\"(max-width: 475px) 100vw, 475px\" \/>\t\t\t\t\t\t\t\t\t\t\t\t\t\t\t<\/div>\n\t\t\t\t<div class=\"elementor-element elementor-element-5862be4 elementor-widget elementor-widget-image\" data-id=\"5862be4\" data-element_type=\"widget\" data-e-type=\"widget\" data-widget_type=\"image.default\">\n\t\t\t\t\t\t\t\t\t\t\t\t\t\t\t<img decoding=\"async\" width=\"800\" height=\"500\" src=\"https:\/\/nove.ilts.cz\/cs\/wp-content\/uploads\/sites\/8\/2024\/12\/comingsoonn-1024x640.jpg\" class=\"attachment-large size-large wp-image-35\" alt=\"\" srcset=\"https:\/\/nove.ilts.cz\/cs\/wp-content\/uploads\/sites\/8\/2024\/12\/comingsoonn-1024x640.jpg 1024w, https:\/\/nove.ilts.cz\/cs\/wp-content\/uploads\/sites\/8\/2024\/12\/comingsoonn-300x188.jpg 300w, https:\/\/nove.ilts.cz\/cs\/wp-content\/uploads\/sites\/8\/2024\/12\/comingsoonn-768x480.jpg 768w, https:\/\/nove.ilts.cz\/cs\/wp-content\/uploads\/sites\/8\/2024\/12\/comingsoonn-1536x960.jpg 1536w, https:\/\/nove.ilts.cz\/cs\/wp-content\/uploads\/sites\/8\/2024\/12\/comingsoonn.jpg 1600w\" sizes=\"(max-width: 800px) 100vw, 800px\" \/>\t\t\t\t\t\t\t\t\t\t\t\t\t\t\t<\/div>\n\t\t\t\t<\/div>\n\t\t\t\t\t<\/div>\n\t\t\t\t<\/div>\n\t\t<div class=\"elementor-element elementor-element-0ca4408 e-flex e-con-boxed e-con e-parent\" data-id=\"0ca4408\" data-element_type=\"container\" data-e-type=\"container\">\n\t\t\t\t\t<div class=\"e-con-inner\">\n\t\t<div class=\"elementor-element elementor-element-85778c1 e-con-full e-flex e-con e-child\" data-id=\"85778c1\" data-element_type=\"container\" data-e-type=\"container\">\n\t\t\t\t<div class=\"elementor-element elementor-element-5998b8f elementor-widget elementor-widget-text-editor\" data-id=\"5998b8f\" data-element_type=\"widget\" data-e-type=\"widget\" data-widget_type=\"text-editor.default\">\n\t\t\t\t\t\t\t\t\t<table><tbody><tr><td colspan=\"2\" width=\"604\"><h3><span style=\"color: #003366\">Extern\u00ed p\u0159ekladatel\u00e9 a\u00a0tlumo\u010dn\u00edci &#8211; (v\u0161echny jazyky)<\/span><\/h3><\/td><\/tr><tr><td width=\"151\"><p><span style=\"color: #003366\"><strong>\u00a0<\/strong><strong>Po\u017eadavky<\/strong><\/span><\/p><\/td><td width=\"453\"><ul><li><span style=\"color: #003366\">nejl\u00e9pe absolvent V\u0160 lingvistick\u00e9ho sm\u011bru<\/span><\/li><li><span style=\"color: #003366\">v\u00fdborn\u00e9 jazykov\u00e9 znalosti<\/span><\/li><li><span style=\"color: #003366\">flexibilita a\u00a0vysok\u00e9 pracovn\u00ed nasazen\u00ed<\/span><\/li><li><span style=\"color: #003366\">\u017eivnostensk\u00fd list<\/span><\/li><\/ul><\/td><\/tr><tr><td colspan=\"2\" width=\"604\"><p><span style=\"color: #003366\"><strong>\u00a0<\/strong><strong>Jedn\u00e1 se o\u00a0v\u00fdhradn\u011b extern\u00ed spolupr\u00e1ci.<\/strong><\/span><\/p><\/td><\/tr><\/tbody><\/table>\t\t\t\t\t\t\t\t<\/div>\n\t\t\t\t<\/div>\n\t\t<div class=\"elementor-element elementor-element-d434176 e-con-full e-flex e-con e-child\" data-id=\"d434176\" data-element_type=\"container\" data-e-type=\"container\">\n\t\t\t\t<div class=\"elementor-element elementor-element-f05be21 elementor-widget elementor-widget-text-editor\" data-id=\"f05be21\" data-element_type=\"widget\" data-e-type=\"widget\" data-widget_type=\"text-editor.default\">\n\t\t\t\t\t\t\t\t\t<table><tbody><tr><td colspan=\"2\" width=\"604\"><h3><span style=\"color: #003366\">Pracovn\u00edci pro \u010dasov\u011b flexibiln\u00ed a n\u00e1razov\u00e9 organiza\u010dn\u00ed a kancel\u00e1\u0159sk\u00e9 pr\u00e1ce &#8211;\u00a0(vhodn\u00e9 i\u00a0pro studenty)<\/span><\/h3><\/td><\/tr><tr><td width=\"151\"><p><span style=\"color: #003366\"><strong>\u00a0<\/strong><strong>N\u00e1pl\u0148 pr\u00e1ce<\/strong><\/span><\/p><\/td><td width=\"453\"><ul><li><span style=\"color: #003366\">obecn\u00e9 kancel\u00e1\u0159sk\u00e9 \u010dinnosti (skenov\u00e1n\u00ed, kop\u00edrov\u00e1n\u00ed, evidence po\u0161ty, atd.)<\/span><\/li><li><span style=\"color: #003366\">v\u00fdpomoc p\u0159i po\u0159\u00e1d\u00e1n\u00ed semin\u00e1\u0159\u016f a\u00a0konferenc\u00ed<\/span><\/li><li><span style=\"color: #003366\">odnos po\u0161ty, poch\u016fzky na \u00fa\u0159ady<\/span><\/li><li><span style=\"color: #003366\">zad\u00e1v\u00e1n\u00ed dat do datab\u00e1ze, p\u0159episov\u00e1n\u00ed text\u016f<\/span><\/li><li><span style=\"color: #003366\">dal\u0161\u00ed pomocn\u00e9 \u010dinnosti kancel\u00e1\u0159sk\u00e9ho typu<\/span><\/li><\/ul><\/td><\/tr><tr><td width=\"151\"><p><span style=\"color: #003366\"><strong>Po\u017eadavky<\/strong><\/span><\/p><\/td><td width=\"453\"><ul><li><span style=\"color: #003366\">vysok\u00e9 pracovn\u00ed nasazen\u00ed<\/span><\/li><li><span style=\"color: #003366\">\u010dasov\u00e1 flexibilita<\/span><\/li><li><span style=\"color: #003366\">komunika\u010dn\u00ed schopnosti<\/span><\/li><li><span style=\"color: #003366\">dobr\u00e1 znalost pr\u00e1ce na PC<\/span><\/li><li><span style=\"color: #003366\">orientovanost na pln\u011bn\u00ed ulo\u017een\u00fdch \u00fakol\u016f<\/span><\/li><li><span style=\"color: #003366\">dobr\u00e1 znalost angli\u010dtiny\/n\u011bm\u010diny v\u00fdhodou<\/span><\/li><\/ul><\/td><\/tr><\/tbody><\/table>\t\t\t\t\t\t\t\t<\/div>\n\t\t\t\t<\/div>\n\t\t\t\t<div class=\"elementor-element elementor-element-50d8af0 elementor-widget elementor-widget-text-editor\" data-id=\"50d8af0\" data-element_type=\"widget\" data-e-type=\"widget\" data-widget_type=\"text-editor.default\">\n\t\t\t\t\t\t\t\t\t<p><strong>V p\u0159\u00edpad\u011b z\u00e1jmu o uvedenou pozici za\u0161lete v\u00e1\u0161 strukturovan\u00fd \u017eivotopis v\u010d. motiva\u010dn\u00edho dopisu na e-mailovou adresu\u00a0<a href=\"mailto:zamestnani@ilts.cz\">zamestnani@ilts.cz<\/a>.<\/strong><\/p>\t\t\t\t\t\t\t\t<\/div>\n\t\t\t\t\t<\/div>\n\t\t\t\t<\/div>\n\t\t\t\t<\/div>\n\t\t","protected":false},"excerpt":{"rendered":"<p>O spole\u010dnosti Home Na\u0161e spole\u010dnost dopl\u0148uje pr\u016fb\u011b\u017en\u011b stav sv\u00fdch zam\u011bstnanc\u016f a\u00a0extern\u00edch spolupracovn\u00edk\u016f. N\u00ed\u017ee naleznete p\u0159ehled aktu\u00e1ln\u011b obsazovan\u00fdch pozic. Zaujme-li v\u00e1s n\u011bkter\u00e1 z\u00a0uveden\u00fdch pozic, pak nev\u00e1hejte a\u00a0za\u0161lete v\u00e1\u0161 strukturovan\u00fd \u017eivotopis v\u010d. motiva\u010dn\u00edho dopisu na e-mailovou adresu na\u0161\u00ed spole\u010dnosti\u00a0zamestnani@ilts.cz. Informace k\u00a0pr\u016fb\u011bhu V\u0158 V\u00fdb\u011brov\u00e9 \u0159\u00edzen\u00ed je dvoukolov\u00e9. Sou\u010d\u00e1st\u00ed v\u00fdb\u011brov\u00e9ho \u0159\u00edzen\u00ed je \u00fastn\u00ed pohovor a\u00a0znalostn\u00ed test. P\u0159edpokladem pro za\u0159azen\u00ed [&hellip;]<\/p>\n","protected":false},"author":2,"featured_media":0,"parent":181,"menu_order":0,"comment_status":"closed","ping_status":"closed","template":"","meta":{"footnotes":""},"class_list":["post-452","page","type-page","status-publish","hentry"],"_links":{"self":[{"href":"https:\/\/nove.ilts.cz\/cs\/wp-json\/wp\/v2\/pages\/452","targetHints":{"allow":["GET"]}}],"collection":[{"href":"https:\/\/nove.ilts.cz\/cs\/wp-json\/wp\/v2\/pages"}],"about":[{"href":"https:\/\/nove.ilts.cz\/cs\/wp-json\/wp\/v2\/types\/page"}],"author":[{"embeddable":true,"href":"https:\/\/nove.ilts.cz\/cs\/wp-json\/wp\/v2\/users\/2"}],"replies":[{"embeddable":true,"href":"https:\/\/nove.ilts.cz\/cs\/wp-json\/wp\/v2\/comments?post=452"}],"version-history":[{"count":128,"href":"https:\/\/nove.ilts.cz\/cs\/wp-json\/wp\/v2\/pages\/452\/revisions"}],"predecessor-version":[{"id":7097,"href":"https:\/\/nove.ilts.cz\/cs\/wp-json\/wp\/v2\/pages\/452\/revisions\/7097"}],"up":[{"embeddable":true,"href":"https:\/\/nove.ilts.cz\/cs\/wp-json\/wp\/v2\/pages\/181"}],"wp:attachment":[{"href":"https:\/\/nove.ilts.cz\/cs\/wp-json\/wp\/v2\/media?parent=452"}],"curies":[{"name":"wp","href":"https:\/\/api.w.org\/{rel}","templated":true}]}}