{"id":3655,"date":"2025-05-07T20:30:58","date_gmt":"2025-05-07T18:30:58","guid":{"rendered":"https:\/\/nove.ilts.cz\/cs\/?page_id=3655"},"modified":"2025-10-31T13:45:26","modified_gmt":"2025-10-31T12:45:26","slug":"platebni-terminal","status":"publish","type":"page","link":"https:\/\/nove.ilts.cz\/cs\/platebni-terminal\/","title":{"rendered":"Platebn\u00ed termin\u00e1l"},"content":{"rendered":"\t\t<div data-elementor-type=\"wp-page\" data-elementor-id=\"3655\" class=\"elementor elementor-3655\" data-elementor-post-type=\"page\">\n\t\t\t\t\t\t<section class=\"elementor-section elementor-top-section elementor-element elementor-element-7e9445c9 elementor-section-boxed elementor-section-height-default elementor-section-height-default\" data-id=\"7e9445c9\" data-element_type=\"section\" data-e-type=\"section\" data-settings=\"{&quot;background_background&quot;:&quot;classic&quot;}\">\n\t\t\t\t\t\t\t<div class=\"elementor-background-overlay\"><\/div>\n\t\t\t\t\t\t\t<div class=\"elementor-container elementor-column-gap-no\">\n\t\t\t\t\t<div class=\"elementor-column elementor-col-50 elementor-top-column elementor-element elementor-element-27a0faaf\" data-id=\"27a0faaf\" data-element_type=\"column\" data-e-type=\"column\">\n\t\t\t<div class=\"elementor-widget-wrap elementor-element-populated\">\n\t\t\t\t\t\t<div class=\"elementor-element elementor-element-4609db73 elementor-widget elementor-widget-heading\" data-id=\"4609db73\" data-element_type=\"widget\" data-e-type=\"widget\" data-widget_type=\"heading.default\">\n\t\t\t\t\t<h6 class=\"elementor-heading-title elementor-size-default\">mo\u017enosti platby<\/h6>\t\t\t\t<\/div>\n\t\t\t\t\t<\/div>\n\t\t<\/div>\n\t\t\t\t<div class=\"elementor-column elementor-col-50 elementor-top-column elementor-element elementor-element-4eb0fb64\" data-id=\"4eb0fb64\" data-element_type=\"column\" data-e-type=\"column\">\n\t\t\t<div class=\"elementor-widget-wrap elementor-element-populated\">\n\t\t\t\t\t\t<div class=\"elementor-element elementor-element-368d6c37 elementor-icon-list--layout-inline elementor-align-end elementor-mobile-align-start elementor-list-item-link-full_width elementor-widget elementor-widget-icon-list\" data-id=\"368d6c37\" data-element_type=\"widget\" data-e-type=\"widget\" data-widget_type=\"icon-list.default\">\n\t\t\t\t\t\t\t<ul class=\"elementor-icon-list-items elementor-inline-items\">\n\t\t\t\t\t\t\t<li class=\"elementor-icon-list-item elementor-inline-item\">\n\t\t\t\t\t\t\t\t\t\t\t<span class=\"elementor-icon-list-icon\">\n\t\t\t\t\t\t\t<svg aria-hidden=\"true\" class=\"e-font-icon-svg e-fas-home\" viewBox=\"0 0 576 512\" xmlns=\"http:\/\/www.w3.org\/2000\/svg\"><path d=\"M280.37 148.26L96 300.11V464a16 16 0 0 0 16 16l112.06-.29a16 16 0 0 0 15.92-16V368a16 16 0 0 1 16-16h64a16 16 0 0 1 16 16v95.64a16 16 0 0 0 16 16.05L464 480a16 16 0 0 0 16-16V300L295.67 148.26a12.19 12.19 0 0 0-15.3 0zM571.6 251.47L488 182.56V44.05a12 12 0 0 0-12-12h-56a12 12 0 0 0-12 12v72.61L318.47 43a48 48 0 0 0-61 0L4.34 251.47a12 12 0 0 0-1.6 16.9l25.5 31A12 12 0 0 0 45.15 301l235.22-193.74a12.19 12.19 0 0 1 15.3 0L530.9 301a12 12 0 0 0 16.9-1.6l25.5-31a12 12 0 0 0-1.7-16.93z\"><\/path><\/svg>\t\t\t\t\t\t<\/span>\n\t\t\t\t\t\t\t\t\t\t<span class=\"elementor-icon-list-text\">Home<\/span>\n\t\t\t\t\t\t\t\t\t<\/li>\n\t\t\t\t\t\t\t\t<li class=\"elementor-icon-list-item elementor-inline-item\">\n\t\t\t\t\t\t\t\t\t\t\t<span class=\"elementor-icon-list-icon\">\n\t\t\t\t\t\t\t<svg aria-hidden=\"true\" class=\"e-font-icon-svg e-fas-angle-right\" viewBox=\"0 0 256 512\" xmlns=\"http:\/\/www.w3.org\/2000\/svg\"><path d=\"M224.3 273l-136 136c-9.4 9.4-24.6 9.4-33.9 0l-22.6-22.6c-9.4-9.4-9.4-24.6 0-33.9l96.4-96.4-96.4-96.4c-9.4-9.4-9.4-24.6 0-33.9L54.3 103c9.4-9.4 24.6-9.4 33.9 0l136 136c9.5 9.4 9.5 24.6.1 34z\"><\/path><\/svg>\t\t\t\t\t\t<\/span>\n\t\t\t\t\t\t\t\t\t\t<span class=\"elementor-icon-list-text\"><\/span>\n\t\t\t\t\t\t\t\t\t<\/li>\n\t\t\t\t\t\t<\/ul>\n\t\t\t\t\t\t<\/div>\n\t\t\t\t\t<\/div>\n\t\t<\/div>\n\t\t\t\t\t<\/div>\n\t\t<\/section>\n\t\t<div class=\"elementor-element elementor-element-2a007b4 e-grid e-con-boxed e-con e-parent\" data-id=\"2a007b4\" data-element_type=\"container\" data-e-type=\"container\">\n\t\t\t\t\t<div class=\"e-con-inner\">\n\t\t\t\t<div class=\"elementor-element elementor-element-7f0c651 elementor-widget elementor-widget-text-editor\" data-id=\"7f0c651\" data-element_type=\"widget\" data-e-type=\"widget\" data-widget_type=\"text-editor.default\">\n\t\t\t\t\t\t\t\t\t<p>\u00a0<\/p>        <!-- Comgate Language Debug: URI=\/cs\/wp-json\/wp\/v2\/pages\/3655 | Path=\/cs\/wp-json\/wp\/v2\/pages\/3655 | Detected=cs | AttsLang='cs' | Empty=false | Using=Zaplatit nyn\u00ed -->\r\n        <div class=\"comgate-payment-form-container\">\r\n            <form id=\"comgate-payment-form\" class=\"comgate-payment-form \">\r\n                                <div class=\"comgate-form-group\">\r\n                    <label for=\"comgate-amount\">\u010c\u00e1stka <small>*platba pouze v K\u010d<\/small><\/label>\r\n                    <input type=\"text\" id=\"comgate-amount\" name=\"amount\" pattern=\"[0-9]+\" inputmode=\"numeric\" required>\r\n                <\/div>\r\n                                \r\n                <div class=\"comgate-form-group\">\r\n                    <label for=\"comgate-name\">Cel\u00e9 jm\u00e9no<\/label>\r\n                    <input type=\"text\" id=\"comgate-name\" name=\"name\" required>\r\n                <\/div>\r\n                \r\n                <div class=\"comgate-form-group\">\r\n                    <label for=\"comgate-email\">E-mail<\/label>\r\n                    <input type=\"email\" id=\"comgate-email\" name=\"email\" required>\r\n                <\/div>\r\n                \r\n                <div class=\"comgate-form-group\">\r\n                    <label for=\"comgate-invoice\">\u010c\u00edslo faktury<\/label>\r\n                    <input type=\"text\" id=\"comgate-invoice\" name=\"invoice\" placeholder=\"Voliteln\u00e9\">\r\n                <\/div>\r\n                \r\n                <input type=\"hidden\" name=\"description\" value=\"Platba\">\r\n                <input type=\"hidden\" name=\"nonce\" value=\"5b16a8eef6\">\r\n                                <input type=\"hidden\" name=\"lang\" value=\"cs\">\r\n                                \r\n                <div class=\"comgate-form-group\">\r\n                    <button type=\"submit\" class=\"comgate-submit-button \">Zaplatit nyn\u00ed<\/button>\r\n                <\/div>\r\n                \r\n                <div id=\"comgate-payment-messages\" class=\"comgate-messages\"><\/div>\r\n            <\/form>\r\n        <\/div>\r\n        \t\t\t\t\t\t\t\t<\/div>\n\t\t<div class=\"elementor-element elementor-element-c45201d e-grid e-con-full e-con e-child\" data-id=\"c45201d\" data-element_type=\"container\" data-e-type=\"container\">\n\t\t<div class=\"elementor-element elementor-element-6060a99 e-con-full e-flex e-con e-child\" data-id=\"6060a99\" data-element_type=\"container\" data-e-type=\"container\">\n\t\t\t\t<div class=\"elementor-element elementor-element-a5a589a elementor-widget elementor-widget-text-editor\" data-id=\"a5a589a\" data-element_type=\"widget\" data-e-type=\"widget\" data-widget_type=\"text-editor.default\">\n\t\t\t\t\t\t\t\t\t<p style=\"text-align: center\"><strong>U n\u00e1s m\u016f\u017eete platit pomoc\u00ed online platebn\u00edho termin\u00e1lu.<\/strong><\/p><p style=\"text-align: center\">\u00a0 \u00a0 <img decoding=\"async\" class=\"alignnone wp-image-3661\" src=\"https:\/\/nove.ilts.cz\/cs\/wp-content\/uploads\/2025\/05\/visa_big-300x188.jpg\" alt=\"\" width=\"96\" height=\"60\" srcset=\"https:\/\/nove.ilts.cz\/cs\/wp-content\/uploads\/sites\/8\/2025\/05\/visa_big-300x188.jpg 300w, https:\/\/nove.ilts.cz\/cs\/wp-content\/uploads\/sites\/8\/2025\/05\/visa_big.jpg 670w\" sizes=\"(max-width: 96px) 100vw, 96px\" \/>\u00a0 \u00a0<img decoding=\"async\" class=\"alignnone wp-image-3663\" src=\"https:\/\/nove.ilts.cz\/cs\/wp-content\/uploads\/2025\/05\/MasterCard_Logo.svg_-300x180.png\" alt=\"\" width=\"100\" height=\"60\" srcset=\"https:\/\/nove.ilts.cz\/cs\/wp-content\/uploads\/sites\/8\/2025\/05\/MasterCard_Logo.svg_-300x180.png 300w, https:\/\/nove.ilts.cz\/cs\/wp-content\/uploads\/sites\/8\/2025\/05\/MasterCard_Logo.svg_-1024x614.png 1024w, https:\/\/nove.ilts.cz\/cs\/wp-content\/uploads\/sites\/8\/2025\/05\/MasterCard_Logo.svg_-768x461.png 768w, https:\/\/nove.ilts.cz\/cs\/wp-content\/uploads\/sites\/8\/2025\/05\/MasterCard_Logo.svg_-1536x922.png 1536w, https:\/\/nove.ilts.cz\/cs\/wp-content\/uploads\/sites\/8\/2025\/05\/MasterCard_Logo.svg_.png 2000w\" sizes=\"(max-width: 100px) 100vw, 100px\" \/> \u00a0 <img decoding=\"async\" class=\"alignnone wp-image-3662\" src=\"https:\/\/nove.ilts.cz\/cs\/wp-content\/uploads\/2025\/05\/visa-electron.png\" alt=\"\" width=\"99\" height=\"60\" \/><\/p><p style=\"text-align: center\">Po vypln\u011bn\u00ed \u00fadaj\u016f ze zaslan\u00e9 z\u00e1lohov\u00e9 faktury budete automaticky p\u0159esm\u011brov\u00e1ni na zabezpe\u010den\u00fd online platebn\u00ed termin\u00e1l pro dokon\u010den\u00ed Va\u0161\u00ed transakce.<\/p>\t\t\t\t\t\t\t\t<\/div>\n\t\t\t\t<\/div>\n\t\t\t\t<div class=\"elementor-element elementor-element-1b0a2de elementor-widget elementor-widget-image\" data-id=\"1b0a2de\" data-element_type=\"widget\" data-e-type=\"widget\" data-widget_type=\"image.default\">\n\t\t\t\t\t\t\t\t\t\t\t\t\t\t\t<img loading=\"lazy\" decoding=\"async\" width=\"800\" height=\"534\" src=\"https:\/\/nove.ilts.cz\/cs\/wp-content\/uploads\/sites\/8\/2025\/10\/visual_payment_2-1024x683.jpg\" class=\"attachment-large size-large wp-image-6378\" alt=\"\" srcset=\"https:\/\/nove.ilts.cz\/cs\/wp-content\/uploads\/sites\/8\/2025\/10\/visual_payment_2-1024x683.jpg 1024w, https:\/\/nove.ilts.cz\/cs\/wp-content\/uploads\/sites\/8\/2025\/10\/visual_payment_2-300x200.jpg 300w, https:\/\/nove.ilts.cz\/cs\/wp-content\/uploads\/sites\/8\/2025\/10\/visual_payment_2-768x512.jpg 768w, https:\/\/nove.ilts.cz\/cs\/wp-content\/uploads\/sites\/8\/2025\/10\/visual_payment_2-1536x1024.jpg 1536w, https:\/\/nove.ilts.cz\/cs\/wp-content\/uploads\/sites\/8\/2025\/10\/visual_payment_2.jpg 1728w\" sizes=\"(max-width: 800px) 100vw, 800px\" \/>\t\t\t\t\t\t\t\t\t\t\t\t\t\t\t<\/div>\n\t\t\t\t<\/div>\n\t\t\t\t\t<\/div>\n\t\t\t\t<\/div>\n\t\t\t\t<\/div>\n\t\t","protected":false},"excerpt":{"rendered":"<p>mo\u017enosti platby Home \u00a0 U n\u00e1s m\u016f\u017eete platit pomoc\u00ed online platebn\u00edho termin\u00e1lu. \u00a0 \u00a0 \u00a0 \u00a0 \u00a0 Po vypln\u011bn\u00ed \u00fadaj\u016f ze zaslan\u00e9 z\u00e1lohov\u00e9 faktury budete automaticky p\u0159esm\u011brov\u00e1ni na zabezpe\u010den\u00fd online platebn\u00ed termin\u00e1l pro dokon\u010den\u00ed Va\u0161\u00ed transakce.<\/p>\n","protected":false},"author":1,"featured_media":0,"parent":0,"menu_order":0,"comment_status":"closed","ping_status":"closed","template":"","meta":{"footnotes":""},"class_list":["post-3655","page","type-page","status-publish","hentry"],"_links":{"self":[{"href":"https:\/\/nove.ilts.cz\/cs\/wp-json\/wp\/v2\/pages\/3655","targetHints":{"allow":["GET"]}}],"collection":[{"href":"https:\/\/nove.ilts.cz\/cs\/wp-json\/wp\/v2\/pages"}],"about":[{"href":"https:\/\/nove.ilts.cz\/cs\/wp-json\/wp\/v2\/types\/page"}],"author":[{"embeddable":true,"href":"https:\/\/nove.ilts.cz\/cs\/wp-json\/wp\/v2\/users\/1"}],"replies":[{"embeddable":true,"href":"https:\/\/nove.ilts.cz\/cs\/wp-json\/wp\/v2\/comments?post=3655"}],"version-history":[{"count":85,"href":"https:\/\/nove.ilts.cz\/cs\/wp-json\/wp\/v2\/pages\/3655\/revisions"}],"predecessor-version":[{"id":6822,"href":"https:\/\/nove.ilts.cz\/cs\/wp-json\/wp\/v2\/pages\/3655\/revisions\/6822"}],"wp:attachment":[{"href":"https:\/\/nove.ilts.cz\/cs\/wp-json\/wp\/v2\/media?parent=3655"}],"curies":[{"name":"wp","href":"https:\/\/api.w.org\/{rel}","templated":true}]}}