{"id":1363,"date":"2025-03-22T14:18:18","date_gmt":"2025-03-22T13:18:18","guid":{"rendered":"https:\/\/nove.ilts.cz\/cs\/?page_id=1363"},"modified":"2025-09-16T13:16:53","modified_gmt":"2025-09-16T11:16:53","slug":"aktualne","status":"publish","type":"page","link":"https:\/\/nove.ilts.cz\/cs\/aktualne\/","title":{"rendered":"Aktuality"},"content":{"rendered":"\t\t<div data-elementor-type=\"wp-page\" data-elementor-id=\"1363\" class=\"elementor elementor-1363\" data-elementor-post-type=\"page\">\n\t\t\t\t\t\t<section class=\"elementor-section elementor-top-section elementor-element elementor-element-7e4e9680 elementor-section-boxed elementor-section-height-default elementor-section-height-default\" data-id=\"7e4e9680\" data-element_type=\"section\" data-e-type=\"section\" data-settings=\"{&quot;background_background&quot;:&quot;classic&quot;}\">\n\t\t\t\t\t\t\t<div class=\"elementor-background-overlay\"><\/div>\n\t\t\t\t\t\t\t<div class=\"elementor-container elementor-column-gap-no\">\n\t\t\t\t\t<div class=\"elementor-column elementor-col-50 elementor-top-column elementor-element elementor-element-6e30d5e4\" data-id=\"6e30d5e4\" data-element_type=\"column\" data-e-type=\"column\">\n\t\t\t<div class=\"elementor-widget-wrap elementor-element-populated\">\n\t\t\t\t\t\t\t<\/div>\n\t\t<\/div>\n\t\t\t\t<div class=\"elementor-column elementor-col-50 elementor-top-column elementor-element elementor-element-5214a2a8\" data-id=\"5214a2a8\" data-element_type=\"column\" data-e-type=\"column\">\n\t\t\t<div class=\"elementor-widget-wrap elementor-element-populated\">\n\t\t\t\t\t\t<div class=\"elementor-element elementor-element-3bdbcc0 elementor-icon-list--layout-inline elementor-align-end elementor-mobile-align-start elementor-list-item-link-full_width elementor-widget elementor-widget-icon-list\" data-id=\"3bdbcc0\" data-element_type=\"widget\" data-e-type=\"widget\" data-widget_type=\"icon-list.default\">\n\t\t\t\t\t\t\t<ul class=\"elementor-icon-list-items elementor-inline-items\">\n\t\t\t\t\t\t\t<li class=\"elementor-icon-list-item elementor-inline-item\">\n\t\t\t\t\t\t\t\t\t\t\t<span class=\"elementor-icon-list-icon\">\n\t\t\t\t\t\t\t<svg aria-hidden=\"true\" class=\"e-font-icon-svg e-fas-home\" viewBox=\"0 0 576 512\" xmlns=\"http:\/\/www.w3.org\/2000\/svg\"><path d=\"M280.37 148.26L96 300.11V464a16 16 0 0 0 16 16l112.06-.29a16 16 0 0 0 15.92-16V368a16 16 0 0 1 16-16h64a16 16 0 0 1 16 16v95.64a16 16 0 0 0 16 16.05L464 480a16 16 0 0 0 16-16V300L295.67 148.26a12.19 12.19 0 0 0-15.3 0zM571.6 251.47L488 182.56V44.05a12 12 0 0 0-12-12h-56a12 12 0 0 0-12 12v72.61L318.47 43a48 48 0 0 0-61 0L4.34 251.47a12 12 0 0 0-1.6 16.9l25.5 31A12 12 0 0 0 45.15 301l235.22-193.74a12.19 12.19 0 0 1 15.3 0L530.9 301a12 12 0 0 0 16.9-1.6l25.5-31a12 12 0 0 0-1.7-16.93z\"><\/path><\/svg>\t\t\t\t\t\t<\/span>\n\t\t\t\t\t\t\t\t\t\t<span class=\"elementor-icon-list-text\">Home<\/span>\n\t\t\t\t\t\t\t\t\t<\/li>\n\t\t\t\t\t\t\t\t<li class=\"elementor-icon-list-item elementor-inline-item\">\n\t\t\t\t\t\t\t\t\t\t\t<span class=\"elementor-icon-list-icon\">\n\t\t\t\t\t\t\t<svg aria-hidden=\"true\" class=\"e-font-icon-svg e-fas-angle-right\" viewBox=\"0 0 256 512\" xmlns=\"http:\/\/www.w3.org\/2000\/svg\"><path d=\"M224.3 273l-136 136c-9.4 9.4-24.6 9.4-33.9 0l-22.6-22.6c-9.4-9.4-9.4-24.6 0-33.9l96.4-96.4-96.4-96.4c-9.4-9.4-9.4-24.6 0-33.9L54.3 103c9.4-9.4 24.6-9.4 33.9 0l136 136c9.5 9.4 9.5 24.6.1 34z\"><\/path><\/svg>\t\t\t\t\t\t<\/span>\n\t\t\t\t\t\t\t\t\t\t<span class=\"elementor-icon-list-text\"><\/span>\n\t\t\t\t\t\t\t\t\t<\/li>\n\t\t\t\t\t\t<\/ul>\n\t\t\t\t\t\t<\/div>\n\t\t\t\t\t<\/div>\n\t\t<\/div>\n\t\t\t\t\t<\/div>\n\t\t<\/section>\n\t\t<div class=\"elementor-element elementor-element-344e14f elementor-hidden-mobile e-flex e-con-boxed e-con e-parent\" data-id=\"344e14f\" data-element_type=\"container\" data-e-type=\"container\">\n\t\t\t\t\t<div class=\"e-con-inner\">\n\t\t\t\t\t<\/div>\n\t\t\t\t<\/div>\n\t\t<div class=\"elementor-element elementor-element-e10a2e1 e-flex e-con-boxed e-con e-parent\" data-id=\"e10a2e1\" data-element_type=\"container\" data-e-type=\"container\">\n\t\t\t\t\t<div class=\"e-con-inner\">\n\t\t\t\t<div class=\"elementor-element elementor-element-a452cb3 elementor-grid-3 elementor-grid-tablet-2 elementor-grid-mobile-1 elementor-posts--thumbnail-top elementor-posts--show-avatar elementor-card-shadow-yes elementor-posts__hover-gradient elementor-widget elementor-widget-posts\" data-id=\"a452cb3\" data-element_type=\"widget\" data-e-type=\"widget\" data-settings=\"{&quot;pagination_type&quot;:&quot;numbers&quot;,&quot;cards_columns&quot;:&quot;3&quot;,&quot;cards_columns_tablet&quot;:&quot;2&quot;,&quot;cards_columns_mobile&quot;:&quot;1&quot;,&quot;cards_row_gap&quot;:{&quot;unit&quot;:&quot;px&quot;,&quot;size&quot;:35,&quot;sizes&quot;:[]},&quot;cards_row_gap_tablet&quot;:{&quot;unit&quot;:&quot;px&quot;,&quot;size&quot;:&quot;&quot;,&quot;sizes&quot;:[]},&quot;cards_row_gap_mobile&quot;:{&quot;unit&quot;:&quot;px&quot;,&quot;size&quot;:&quot;&quot;,&quot;sizes&quot;:[]}}\" data-widget_type=\"posts.cards\">\n\t\t\t\t<div class=\"elementor-widget-container\">\n\t\t\t\t\t\t\t<div class=\"elementor-posts-container elementor-posts elementor-posts--skin-cards elementor-grid\" role=\"list\">\n\t\t\t\t<article class=\"elementor-post elementor-grid-item post-5444 post type-post status-publish format-standard hentry category-nezarazene\" role=\"listitem\">\n\t\t\t<div class=\"elementor-post__card\">\n\t\t\t\t<div class=\"elementor-post__text\">\n\t\t\t\t<h3 class=\"elementor-post__title\">\n\t\t\t<a href=\"https:\/\/nove.ilts.cz\/cs\/co-je-to-normostrana-a-jak-se-pocita\/\" >\n\t\t\t\tCo je to normostrana a jak se po\u010d\u00edt\u00e1?\t\t\t<\/a>\n\t\t<\/h3>\n\t\t\t\t<div class=\"elementor-post__excerpt\">\n\t\t\t<p>Co je to normostrana a jak se po\u010d\u00edt\u00e1? Pot\u0159ebujete p\u0159eklad dokument\u016f&#8230;v\u0161ude se setk\u00e1v\u00e1te s pojmem normostrana, ale vlastn\u011b nev\u00edte, co to je a jak se<\/p>\n\t\t<\/div>\n\t\t\t\t<\/div>\n\t\t\t\t<div class=\"elementor-post__meta-data\">\n\t\t\t\t\t<span class=\"elementor-post-date\">\n\t\t\t29. 8. 2025\t\t<\/span>\n\t\t\t\t<span class=\"elementor-post-avatar\">\n\t\t\t\u017d\u00e1dn\u00e9 koment\u00e1\u0159e\t\t<\/span>\n\t\t\t\t<\/div>\n\t\t\t\t\t<\/div>\n\t\t<\/article>\n\t\t\t\t<article class=\"elementor-post elementor-grid-item post-5313 post type-post status-publish format-standard hentry category-nezarazene\" role=\"listitem\">\n\t\t\t<div class=\"elementor-post__card\">\n\t\t\t\t<div class=\"elementor-post__text\">\n\t\t\t\t<h3 class=\"elementor-post__title\">\n\t\t\t<a href=\"https:\/\/nove.ilts.cz\/cs\/v-jakych-situacich-budete-potrebovat-expresni-preklady\/\" >\n\t\t\t\tV jak\u00fdch situac\u00edch budete pot\u0159ebovat expresn\u00ed p\u0159eklady?\t\t\t<\/a>\n\t\t<\/h3>\n\t\t\t\t<div class=\"elementor-post__excerpt\">\n\t\t\t<p>V jak\u00fdch situac\u00edch budete pot\u0159ebovat expresn\u00ed p\u0159eklady? Dostali jste skv\u011blou nab\u00eddku pr\u00e1ce v zahrani\u010d\u00ed a pot\u0159ebujete zam\u011bstnavateli co nejd\u0159\u00edve p\u0159edlo\u017eit pracovn\u00ed dokumenty? Anebo pl\u00e1nujete na<\/p>\n\t\t<\/div>\n\t\t\t\t<\/div>\n\t\t\t\t<div class=\"elementor-post__meta-data\">\n\t\t\t\t\t<span class=\"elementor-post-date\">\n\t\t\t27. 2. 2025\t\t<\/span>\n\t\t\t\t<span class=\"elementor-post-avatar\">\n\t\t\t\u017d\u00e1dn\u00e9 koment\u00e1\u0159e\t\t<\/span>\n\t\t\t\t<\/div>\n\t\t\t\t\t<\/div>\n\t\t<\/article>\n\t\t\t\t<article class=\"elementor-post elementor-grid-item post-5302 post type-post status-publish format-standard hentry category-nezarazene\" role=\"listitem\">\n\t\t\t<div class=\"elementor-post__card\">\n\t\t\t\t<div class=\"elementor-post__text\">\n\t\t\t\t<h3 class=\"elementor-post__title\">\n\t\t\t<a href=\"https:\/\/nove.ilts.cz\/cs\/co-si-nechat-prelozit-nez-vyrazite-za-praci-do-zahranici\/\" >\n\t\t\t\tCo si nechat p\u0159elo\u017eit, ne\u017e vyraz\u00edte za prac\u00ed do zahrani\u010d\u00ed?\t\t\t<\/a>\n\t\t<\/h3>\n\t\t\t\t<div class=\"elementor-post__excerpt\">\n\t\t\t<p>Co si nechat p\u0159elo\u017eit, ne\u017e vyraz\u00edte za prac\u00ed do zahrani\u010d\u00ed? Pracovn\u00ed povolen\u00ed je asi t\u00edm prvn\u00edm, co v\u011bt\u0161inu z n\u00e1s napadne v souvislosti s prac\u00ed<\/p>\n\t\t<\/div>\n\t\t\t\t<\/div>\n\t\t\t\t<div class=\"elementor-post__meta-data\">\n\t\t\t\t\t<span class=\"elementor-post-date\">\n\t\t\t20. 2. 2025\t\t<\/span>\n\t\t\t\t<span class=\"elementor-post-avatar\">\n\t\t\t\u017d\u00e1dn\u00e9 koment\u00e1\u0159e\t\t<\/span>\n\t\t\t\t<\/div>\n\t\t\t\t\t<\/div>\n\t\t<\/article>\n\t\t\t\t<article class=\"elementor-post elementor-grid-item post-1 post type-post status-publish format-standard hentry category-nezarazene\" role=\"listitem\">\n\t\t\t<div class=\"elementor-post__card\">\n\t\t\t\t<div class=\"elementor-post__text\">\n\t\t\t\t<h3 class=\"elementor-post__title\">\n\t\t\t<a href=\"https:\/\/nove.ilts.cz\/cs\/5-nejcastejsich-chyb-pri-zajisteni-soudniho-prekladu-a-jak-se-jim-vyhnout\/\" >\n\t\t\t\t5 nej\u010dast\u011bj\u0161\u00edch chyb p\u0159i zaji\u0161t\u011bn\u00ed soudn\u00edho p\u0159ekladu (a jak se jim vyhnout)\t\t\t<\/a>\n\t\t<\/h3>\n\t\t\t\t<div class=\"elementor-post__excerpt\">\n\t\t\t<p>5 nej\u010dast\u011bj\u0161\u00edch chyb p\u0159i zaji\u0161t\u011bn\u00ed soudn\u00edho p\u0159ekladu (a jak se jim vyhnout) V souvislosti s p\u0159ekl\u00e1d\u00e1n\u00edm dokument\u016f se m\u016f\u017eete setkat s pojmem soudn\u00ed p\u0159eklad, kter\u00fd<\/p>\n\t\t<\/div>\n\t\t\t\t<\/div>\n\t\t\t\t<div class=\"elementor-post__meta-data\">\n\t\t\t\t\t<span class=\"elementor-post-date\">\n\t\t\t28. 1. 2025\t\t<\/span>\n\t\t\t\t<span class=\"elementor-post-avatar\">\n\t\t\t1 koment\u00e1\u0159\t\t<\/span>\n\t\t\t\t<\/div>\n\t\t\t\t\t<\/div>\n\t\t<\/article>\n\t\t\t\t<article class=\"elementor-post elementor-grid-item post-1005 post type-post status-publish format-standard hentry category-nezarazene\" role=\"listitem\">\n\t\t\t<div class=\"elementor-post__card\">\n\t\t\t\t<div class=\"elementor-post__text\">\n\t\t\t\t<h3 class=\"elementor-post__title\">\n\t\t\t<a href=\"https:\/\/nove.ilts.cz\/cs\/apostila-nebo-superlegalizace-zjistete-jaky-typ-overeni-potrebujete-pro-sve-dokumenty\/\" >\n\t\t\t\tApostila, nebo superlegalizace? Zjist\u011bte, jak\u00fd typ ov\u011b\u0159en\u00ed pot\u0159ebujete pro sv\u00e9 dokumenty\t\t\t<\/a>\n\t\t<\/h3>\n\t\t\t\t<div class=\"elementor-post__excerpt\">\n\t\t\t<p>Apostila, nebo superlegalizace? Zjist\u011bte, jak\u00fd typ ov\u011b\u0159en\u00ed pot\u0159ebujete pro sv\u00e9 dokumenty Chcete studovat v zahrani\u010d\u00ed a pot\u0159ebujete dolo\u017eit ov\u011b\u0159en\u00e9 doklady, jako jsou nap\u0159\u00edklad diplomy a<\/p>\n\t\t<\/div>\n\t\t\t\t<\/div>\n\t\t\t\t<div class=\"elementor-post__meta-data\">\n\t\t\t\t\t<span class=\"elementor-post-date\">\n\t\t\t21. 1. 2025\t\t<\/span>\n\t\t\t\t<span class=\"elementor-post-avatar\">\n\t\t\t\u017d\u00e1dn\u00e9 koment\u00e1\u0159e\t\t<\/span>\n\t\t\t\t<\/div>\n\t\t\t\t\t<\/div>\n\t\t<\/article>\n\t\t\t\t<article class=\"elementor-post elementor-grid-item post-5293 post type-post status-publish format-standard hentry category-nezarazene\" role=\"listitem\">\n\t\t\t<div class=\"elementor-post__card\">\n\t\t\t\t<div class=\"elementor-post__text\">\n\t\t\t\t<h3 class=\"elementor-post__title\">\n\t\t\t<a href=\"https:\/\/nove.ilts.cz\/cs\/kvalitni-preklady-podporuji-rust-a-expanzi-firem-do-zahranici\/\" >\n\t\t\t\tKvalitn\u00ed p\u0159eklady podporuj\u00ed r\u016fst a expanzi firem do zahrani\u010d\u00ed\t\t\t<\/a>\n\t\t<\/h3>\n\t\t\t\t<div class=\"elementor-post__excerpt\">\n\t\t\t<p>Kvalitn\u00ed p\u0159eklady podporuj\u00ed r\u016fst a expanzi firem do zahrani\u010d\u00ed Podle pr\u016fzkumu spole\u010dnosti Amazon a agentury Profit&amp;Roll z konce roku 2024 m\u00e1 64 % \u010desk\u00fdch firem<\/p>\n\t\t<\/div>\n\t\t\t\t<\/div>\n\t\t\t\t<div class=\"elementor-post__meta-data\">\n\t\t\t\t\t<span class=\"elementor-post-date\">\n\t\t\t17. 12. 2024\t\t<\/span>\n\t\t\t\t<span class=\"elementor-post-avatar\">\n\t\t\t\u017d\u00e1dn\u00e9 koment\u00e1\u0159e\t\t<\/span>\n\t\t\t\t<\/div>\n\t\t\t\t\t<\/div>\n\t\t<\/article>\n\t\t\t\t<\/div>\n\t\t\n\t\t\t\t<div class=\"e-load-more-anchor\" data-page=\"1\" data-max-page=\"6\" data-next-page=\"https:\/\/nove.ilts.cz\/cs\/wp-json\/wp\/v2\/pages\/1363\/page\/2\/\"><\/div>\n\t\t\t\t<nav class=\"elementor-pagination\" aria-label=\"Pagination\">\n\t\t\t<span aria-current=\"page\" class=\"page-numbers current\"><span class=\"elementor-screen-only\">Page<\/span>1<\/span>\n<a class=\"page-numbers\" href=\"https:\/\/nove.ilts.cz\/cs\/wp-json\/wp\/v2\/pages\/1363\/page\/2\/\"><span class=\"elementor-screen-only\">Page<\/span>2<\/a>\n<a class=\"page-numbers\" href=\"https:\/\/nove.ilts.cz\/cs\/wp-json\/wp\/v2\/pages\/1363\/page\/3\/\"><span class=\"elementor-screen-only\">Page<\/span>3<\/a>\n<a class=\"page-numbers\" href=\"https:\/\/nove.ilts.cz\/cs\/wp-json\/wp\/v2\/pages\/1363\/page\/4\/\"><span class=\"elementor-screen-only\">Page<\/span>4<\/a>\n<a class=\"page-numbers\" href=\"https:\/\/nove.ilts.cz\/cs\/wp-json\/wp\/v2\/pages\/1363\/page\/5\/\"><span class=\"elementor-screen-only\">Page<\/span>5<\/a>\n<a class=\"page-numbers\" href=\"https:\/\/nove.ilts.cz\/cs\/wp-json\/wp\/v2\/pages\/1363\/page\/6\/\"><span class=\"elementor-screen-only\">Page<\/span>6<\/a>\t\t<\/nav>\n\t\t\t\t\t\t<\/div>\n\t\t\t\t<\/div>\n\t\t\t\t\t<\/div>\n\t\t\t\t<\/div>\n\t\t\t\t<\/div>\n\t\t","protected":false},"excerpt":{"rendered":"<p>Home<\/p>\n","protected":false},"author":1,"featured_media":0,"parent":0,"menu_order":0,"comment_status":"closed","ping_status":"closed","template":"","meta":{"footnotes":""},"class_list":["post-1363","page","type-page","status-publish","hentry"],"_links":{"self":[{"href":"https:\/\/nove.ilts.cz\/cs\/wp-json\/wp\/v2\/pages\/1363","targetHints":{"allow":["GET"]}}],"collection":[{"href":"https:\/\/nove.ilts.cz\/cs\/wp-json\/wp\/v2\/pages"}],"about":[{"href":"https:\/\/nove.ilts.cz\/cs\/wp-json\/wp\/v2\/types\/page"}],"author":[{"embeddable":true,"href":"https:\/\/nove.ilts.cz\/cs\/wp-json\/wp\/v2\/users\/1"}],"replies":[{"embeddable":true,"href":"https:\/\/nove.ilts.cz\/cs\/wp-json\/wp\/v2\/comments?post=1363"}],"version-history":[{"count":57,"href":"https:\/\/nove.ilts.cz\/cs\/wp-json\/wp\/v2\/pages\/1363\/revisions"}],"predecessor-version":[{"id":5989,"href":"https:\/\/nove.ilts.cz\/cs\/wp-json\/wp\/v2\/pages\/1363\/revisions\/5989"}],"wp:attachment":[{"href":"https:\/\/nove.ilts.cz\/cs\/wp-json\/wp\/v2\/media?parent=1363"}],"curies":[{"name":"wp","href":"https:\/\/api.w.org\/{rel}","templated":true}]}}